{"id":263,"date":"2023-10-12T00:32:25","date_gmt":"2023-10-12T03:32:25","guid":{"rendered":"https:\/\/branding2health.com\/cristiane\/?page_id=263"},"modified":"2024-04-15T22:19:14","modified_gmt":"2024-04-16T01:19:14","slug":"mommy-make-over","status":"publish","type":"page","link":"https:\/\/branding2health.com\/cristiane\/mommy-make-over\/","title":{"rendered":"Mommy Makeover"},"content":{"rendered":"\t\t<div data-elementor-type=\"wp-page\" data-elementor-id=\"263\" class=\"elementor elementor-263\" data-elementor-post-type=\"page\">\n\t\t\t\t<div class=\"elementor-element elementor-element-2eaa734 e-flex e-con-boxed e-con e-parent\" data-id=\"2eaa734\" data-element_type=\"container\">\n\t\t\t\t\t<div class=\"e-con-inner\">\n\t\t\t\t<div class=\"elementor-element elementor-element-ddaf779 exad-sticky-section-no exad-glass-effect-no elementor-widget elementor-widget-heading\" data-id=\"ddaf779\" data-element_type=\"widget\" data-widget_type=\"heading.default\">\n\t\t\t\t<div class=\"elementor-widget-container\">\n\t\t\t\t\t<h2 class=\"elementor-heading-title elementor-size-default\">Mommy Makeover<\/h2>\t\t\t\t<\/div>\n\t\t\t\t<\/div>\n\t\t\t\t\t<\/div>\n\t\t\t\t<\/div>\n\t\t<div class=\"elementor-element elementor-element-8ebabaf e-flex e-con-boxed e-con e-parent\" data-id=\"8ebabaf\" data-element_type=\"container\">\n\t\t\t\t\t<div class=\"e-con-inner\">\n\t\t\t\t<div class=\"elementor-element elementor-element-29044f0 exad-sticky-section-no exad-glass-effect-no elementor-widget elementor-widget-heading\" data-id=\"29044f0\" data-element_type=\"widget\" data-widget_type=\"heading.default\">\n\t\t\t\t<div class=\"elementor-widget-container\">\n\t\t\t\t\t<h2 class=\"elementor-heading-title elementor-size-default\">Mommy Makeover ou Cirurgias P\u00f3s-Gestacionais<\/h2>\t\t\t\t<\/div>\n\t\t\t\t<\/div>\n\t\t\t\t<div class=\"elementor-element elementor-element-2033179 exad-sticky-section-no exad-glass-effect-no elementor-widget elementor-widget-text-editor\" data-id=\"2033179\" data-element_type=\"widget\" data-widget_type=\"text-editor.default\">\n\t\t\t\t<div class=\"elementor-widget-container\">\n\t\t\t\t\t\t\t\t\t<p>O Mommy Makeover \u00e9 o termo usado para designar cirurgias pl\u00e1sticas realizadas para &#8216;reformar&#8217; o corpo das mam\u00e3es ap\u00f3s as gesta\u00e7\u00f5es, conhecido tamb\u00e9m como cirurgias pl\u00e1sticas p\u00f3s-gestacionais.<\/p><p>Trata-se da busca por reconstruir a autoestima das mam\u00e3es que tanto se dedicaram durante a gesta\u00e7\u00e3o, parto e amamenta\u00e7\u00e3o. N\u00f3s reconhecemos que elas precisam ser cuidadas e que o resgate de sua autoestima \u00e9 importante para que se sintam bem e possam cuidar dessa nova vida e de sua fam\u00edlia.<\/p><p>Neste tratamento, envolvemos quatro cirurgias principais: <a href=\"https:\/\/branding2health.com\/cristiane\/abdominoplastia\/\" target=\"_blank\" rel=\"noopener\"><strong>abdominoplastia<\/strong><\/a>, <strong><a href=\"https:\/\/branding2health.com\/cristiane\/lipoaspiracao\/\" target=\"_blank\" rel=\"noopener\">lipoaspira\u00e7\u00e3o<\/a>,<\/strong>\u00a0<a href=\"https:\/\/branding2health.com\/cristiane\/mamoplastia\/\" target=\"_blank\" rel=\"noopener\"><strong>mamoplastia<\/strong><\/a> e\u00a0<strong><a href=\"https:\/\/branding2health.com\/cristiane\/enxerto-de-gordura\/\" target=\"_blank\" rel=\"noopener\">lipoenxertia<\/a><\/strong> ou <strong><a href=\"https:\/\/branding2health.com\/cristiane\/enxerto-de-gordura\/\" target=\"_blank\" rel=\"noopener\">enxerto de gordura<\/a><\/strong>.<\/p><p>Estas cirurgias podem ser realizadas em conjunto ou em etapas, dependendo do quadro cl\u00ednico e do desejo de cada paciente.<\/p><p>Para obter mais informa\u00e7\u00f5es sobre as cirurgias, visite os links fornecidos.<\/p>\t\t\t\t\t\t\t\t<\/div>\n\t\t\t\t<\/div>\n\t\t\t\t\t<\/div>\n\t\t\t\t<\/div>\n\t\t<div class=\"elementor-element elementor-element-b1b3e8c e-flex e-con-boxed e-con e-parent\" data-id=\"b1b3e8c\" data-element_type=\"container\" data-settings=\"{&quot;background_background&quot;:&quot;classic&quot;}\">\n\t\t\t\t\t<div class=\"e-con-inner\">\n\t\t<div class=\"elementor-element elementor-element-04272b2 e-flex e-con-boxed e-con e-child\" data-id=\"04272b2\" data-element_type=\"container\">\n\t\t\t\t\t<div class=\"e-con-inner\">\n\t\t\t\t<div class=\"elementor-element elementor-element-34178a6 exad-sticky-section-no exad-glass-effect-no elementor-widget elementor-widget-video\" data-id=\"34178a6\" data-element_type=\"widget\" data-settings=\"{&quot;youtube_url&quot;:&quot;https:\\\/\\\/youtu.be\\\/eB0tw-ePQFU&quot;,&quot;loop&quot;:&quot;yes&quot;,&quot;show_image_overlay&quot;:&quot;yes&quot;,&quot;image_overlay&quot;:{&quot;url&quot;:&quot;https:\\\/\\\/branding2health.com\\\/cristiane\\\/wp-content\\\/uploads\\\/2023\\\/10\\\/Dra.-Cristiane-Lopes-Thumb.jpg&quot;,&quot;id&quot;:1146,&quot;size&quot;:&quot;&quot;,&quot;alt&quot;:&quot;Dra. Cristiane Lopes - Thumb&quot;,&quot;source&quot;:&quot;library&quot;},&quot;video_type&quot;:&quot;youtube&quot;,&quot;controls&quot;:&quot;yes&quot;}\" data-widget_type=\"video.default\">\n\t\t\t\t<div class=\"elementor-widget-container\">\n\t\t\t\t\t\t\t<div class=\"elementor-wrapper elementor-open-inline\">\n\t\t\t<div class=\"elementor-video\"><\/div>\t\t\t\t<div class=\"elementor-custom-embed-image-overlay\" style=\"background-image: url(https:\/\/branding2health.com\/cristiane\/wp-content\/uploads\/2023\/10\/Dra.-Cristiane-Lopes-Thumb.jpg);\">\n\t\t\t\t\t\t\t\t\t\t\t\t\t\t\t\t<div class=\"elementor-custom-embed-play\" role=\"button\" aria-label=\"Play Video about Dra. Cristiane Lopes - Thumb\" tabindex=\"0\">\n\t\t\t\t\t\t\t<i aria-hidden=\"true\" class=\"eicon-play\"><\/i>\t\t\t\t\t\t<\/div>\n\t\t\t\t\t\t\t\t\t<\/div>\n\t\t\t\t\t<\/div>\n\t\t\t\t\t\t<\/div>\n\t\t\t\t<\/div>\n\t\t\t\t\t<\/div>\n\t\t\t\t<\/div>\n\t\t<div class=\"elementor-element elementor-element-8316137 e-flex e-con-boxed e-con e-child\" data-id=\"8316137\" data-element_type=\"container\">\n\t\t\t\t\t<div class=\"e-con-inner\">\n\t\t\t\t<div class=\"elementor-element elementor-element-877a01d exad-sticky-section-no exad-glass-effect-no elementor-widget elementor-widget-heading\" data-id=\"877a01d\" data-element_type=\"widget\" data-widget_type=\"heading.default\">\n\t\t\t\t<div class=\"elementor-widget-container\">\n\t\t\t\t\t<h2 class=\"elementor-heading-title elementor-size-default\">D\u00favidas sobre o Mommy Makeover<\/h2>\t\t\t\t<\/div>\n\t\t\t\t<\/div>\n\t\t\t\t<div class=\"elementor-element elementor-element-4c557e9 exad-sticky-section-no exad-glass-effect-no elementor-widget elementor-widget-text-editor\" data-id=\"4c557e9\" data-element_type=\"widget\" data-widget_type=\"text-editor.default\">\n\t\t\t\t<div class=\"elementor-widget-container\">\n\t\t\t\t\t\t\t\t\t<p>D\u00favidas sobre o &#8216;Mommy Makeover&#8217; geralmente incluem preocupa\u00e7\u00f5es sobre as restri\u00e7\u00f5es no per\u00edodo p\u00f3s-operat\u00f3rio. Ap\u00f3s esse procedimento de rejuvenescimento, que combina cirurgias de mama e abdominoplastia, os pacientes devem estar cientes de que haver\u00e1 um per\u00edodo de recupera\u00e7\u00e3o. As restri\u00e7\u00f5es podem incluir evitar atividades extenuantes, como exerc\u00edcios intensos e levantar objetos pesados.\u00a0<\/p>\t\t\t\t\t\t\t\t<\/div>\n\t\t\t\t<\/div>\n\t\t\t\t\t<\/div>\n\t\t\t\t<\/div>\n\t\t\t\t\t<\/div>\n\t\t\t\t<\/div>\n\t\t<div class=\"elementor-element elementor-element-723c870 e-flex e-con-boxed e-con e-parent\" data-id=\"723c870\" data-element_type=\"container\" data-settings=\"{&quot;background_background&quot;:&quot;classic&quot;}\">\n\t\t\t\t\t<div class=\"e-con-inner\">\n\t\t<div class=\"elementor-element elementor-element-3277e29 e-flex e-con-boxed e-con e-child\" data-id=\"3277e29\" data-element_type=\"container\">\n\t\t\t\t\t<div class=\"e-con-inner\">\n\t\t\t\t<div class=\"elementor-element elementor-element-0365013 exad-sticky-section-no exad-glass-effect-no elementor-widget elementor-widget-heading\" data-id=\"0365013\" data-element_type=\"widget\" data-widget_type=\"heading.default\">\n\t\t\t\t<div class=\"elementor-widget-container\">\n\t\t\t\t\t<h2 class=\"elementor-heading-title elementor-size-default\">Quanto Tempo Ap\u00f3s a Gesta\u00e7\u00e3o Posso Realizar o Mommy Makeover?<\/h2>\t\t\t\t<\/div>\n\t\t\t\t<\/div>\n\t\t\t\t<div class=\"elementor-element elementor-element-cb1391f exad-sticky-section-no exad-glass-effect-no elementor-widget elementor-widget-text-editor\" data-id=\"cb1391f\" data-element_type=\"widget\" data-widget_type=\"text-editor.default\">\n\t\t\t\t<div class=\"elementor-widget-container\">\n\t\t\t\t\t\t\t\t\t<p>Descubra o momento ideal para realizar o Mommy Makeover ap\u00f3s a gravidez. Este procedimento est\u00e9tico pode ser uma excelente op\u00e7\u00e3o para recuperar sua forma e autoestima, mas o timing \u00e9 importante. Saiba mais sobre o per\u00edodo de espera recomendado antes de considerar esta transforma\u00e7\u00e3o p\u00f3s-gravidez.<\/p>\t\t\t\t\t\t\t\t<\/div>\n\t\t\t\t<\/div>\n\t\t\t\t\t<\/div>\n\t\t\t\t<\/div>\n\t\t<div class=\"elementor-element elementor-element-ec3aa1a e-flex e-con-boxed e-con e-child\" data-id=\"ec3aa1a\" data-element_type=\"container\">\n\t\t\t\t\t<div class=\"e-con-inner\">\n\t\t\t\t<div class=\"elementor-element elementor-element-aefab2e exad-sticky-section-no exad-glass-effect-no elementor-widget elementor-widget-video\" data-id=\"aefab2e\" data-element_type=\"widget\" data-settings=\"{&quot;youtube_url&quot;:&quot;https:\\\/\\\/youtu.be\\\/JvzFDisp0fA&quot;,&quot;show_image_overlay&quot;:&quot;yes&quot;,&quot;image_overlay&quot;:{&quot;url&quot;:&quot;https:\\\/\\\/branding2health.com\\\/cristiane\\\/wp-content\\\/uploads\\\/2023\\\/10\\\/Dra.-Cristiane-Lopes-Thumb.jpg&quot;,&quot;id&quot;:1146,&quot;size&quot;:&quot;&quot;,&quot;alt&quot;:&quot;Dra. Cristiane Lopes - Thumb&quot;,&quot;source&quot;:&quot;library&quot;},&quot;video_type&quot;:&quot;youtube&quot;,&quot;controls&quot;:&quot;yes&quot;}\" data-widget_type=\"video.default\">\n\t\t\t\t<div class=\"elementor-widget-container\">\n\t\t\t\t\t\t\t<div class=\"elementor-wrapper elementor-open-inline\">\n\t\t\t<div class=\"elementor-video\"><\/div>\t\t\t\t<div class=\"elementor-custom-embed-image-overlay\" style=\"background-image: url(https:\/\/branding2health.com\/cristiane\/wp-content\/uploads\/2023\/10\/Dra.-Cristiane-Lopes-Thumb.jpg);\">\n\t\t\t\t\t\t\t\t\t\t\t\t\t\t\t\t<div class=\"elementor-custom-embed-play\" role=\"button\" aria-label=\"Play Video about Dra. Cristiane Lopes - Thumb\" tabindex=\"0\">\n\t\t\t\t\t\t\t<i aria-hidden=\"true\" class=\"eicon-play\"><\/i>\t\t\t\t\t\t<\/div>\n\t\t\t\t\t\t\t\t\t<\/div>\n\t\t\t\t\t<\/div>\n\t\t\t\t\t\t<\/div>\n\t\t\t\t<\/div>\n\t\t\t\t\t<\/div>\n\t\t\t\t<\/div>\n\t\t\t\t\t<\/div>\n\t\t\t\t<\/div>\n\t\t<div class=\"elementor-element elementor-element-ccc2068 e-flex e-con-boxed e-con e-parent\" data-id=\"ccc2068\" data-element_type=\"container\" data-settings=\"{&quot;background_background&quot;:&quot;classic&quot;}\">\n\t\t\t\t\t<div class=\"e-con-inner\">\n\t\t<div class=\"elementor-element elementor-element-cbef770 e-flex e-con-boxed e-con e-child\" data-id=\"cbef770\" data-element_type=\"container\">\n\t\t\t\t\t<div class=\"e-con-inner\">\n\t\t\t\t<div class=\"elementor-element elementor-element-ad4104e exad-sticky-section-no exad-glass-effect-no elementor-widget elementor-widget-video\" data-id=\"ad4104e\" data-element_type=\"widget\" data-settings=\"{&quot;youtube_url&quot;:&quot;https:\\\/\\\/youtu.be\\\/Doi0nJtzmRw&quot;,&quot;autoplay&quot;:&quot;yes&quot;,&quot;play_on_mobile&quot;:&quot;yes&quot;,&quot;loop&quot;:&quot;yes&quot;,&quot;show_image_overlay&quot;:&quot;yes&quot;,&quot;image_overlay&quot;:{&quot;url&quot;:&quot;https:\\\/\\\/branding2health.com\\\/cristiane\\\/wp-content\\\/uploads\\\/2023\\\/10\\\/Dra.-Cristiane-Lopes-Thumb.jpg&quot;,&quot;id&quot;:1146,&quot;size&quot;:&quot;&quot;,&quot;alt&quot;:&quot;Dra. Cristiane Lopes - Thumb&quot;,&quot;source&quot;:&quot;library&quot;},&quot;video_type&quot;:&quot;youtube&quot;,&quot;controls&quot;:&quot;yes&quot;}\" data-widget_type=\"video.default\">\n\t\t\t\t<div class=\"elementor-widget-container\">\n\t\t\t\t\t\t\t<div class=\"elementor-wrapper elementor-open-inline\">\n\t\t\t<div class=\"elementor-video\"><\/div>\t\t\t\t<div class=\"elementor-custom-embed-image-overlay\" style=\"background-image: url(https:\/\/branding2health.com\/cristiane\/wp-content\/uploads\/2023\/10\/Dra.-Cristiane-Lopes-Thumb.jpg);\">\n\t\t\t\t\t\t\t\t\t\t\t\t\t\t\t\t<div class=\"elementor-custom-embed-play\" role=\"button\" aria-label=\"Play Video about Dra. Cristiane Lopes - Thumb\" tabindex=\"0\">\n\t\t\t\t\t\t\t<i aria-hidden=\"true\" class=\"eicon-play\"><\/i>\t\t\t\t\t\t<\/div>\n\t\t\t\t\t\t\t\t\t<\/div>\n\t\t\t\t\t<\/div>\n\t\t\t\t\t\t<\/div>\n\t\t\t\t<\/div>\n\t\t\t\t\t<\/div>\n\t\t\t\t<\/div>\n\t\t<div class=\"elementor-element elementor-element-890f4f4 e-flex e-con-boxed e-con e-child\" data-id=\"890f4f4\" data-element_type=\"container\">\n\t\t\t\t\t<div class=\"e-con-inner\">\n\t\t\t\t<div class=\"elementor-element elementor-element-0275211 exad-sticky-section-no exad-glass-effect-no elementor-widget elementor-widget-heading\" data-id=\"0275211\" data-element_type=\"widget\" data-widget_type=\"heading.default\">\n\t\t\t\t<div class=\"elementor-widget-container\">\n\t\t\t\t\t<h2 class=\"elementor-heading-title elementor-size-default\">Posso Fazer o Mommy Makeover Mesmo Planejando Ter Outros Filhos?<\/h2>\t\t\t\t<\/div>\n\t\t\t\t<\/div>\n\t\t\t\t<div class=\"elementor-element elementor-element-044718a exad-sticky-section-no exad-glass-effect-no elementor-widget elementor-widget-text-editor\" data-id=\"044718a\" data-element_type=\"widget\" data-widget_type=\"text-editor.default\">\n\t\t\t\t<div class=\"elementor-widget-container\">\n\t\t\t\t\t\t\t\t\t<p>Voc\u00ea tem planos de expandir sua fam\u00edlia, mas deseja recuperar sua apar\u00eancia ap\u00f3s a maternidade? Saiba mais sobre a possibilidade de realizar o Mommy Makeover e como esse procedimento pode ser adaptado para atender \u00e0s suas metas est\u00e9ticas, mesmo se voc\u00ea estiver planejando ter mais filhos no futuro.<\/p>\t\t\t\t\t\t\t\t<\/div>\n\t\t\t\t<\/div>\n\t\t\t\t\t<\/div>\n\t\t\t\t<\/div>\n\t\t\t\t\t<\/div>\n\t\t\t\t<\/div>\n\t\t\t\t<\/div>\n\t\t","protected":false},"excerpt":{"rendered":"<p>Mommy Makeover Mommy Makeover ou Cirurgias P\u00f3s-Gestacionais O Mommy Makeover \u00e9 o termo usado para designar cirurgias pl\u00e1sticas realizadas para &#8216;reformar&#8217; o corpo das mam\u00e3es ap\u00f3s as gesta\u00e7\u00f5es, conhecido tamb\u00e9m como cirurgias pl\u00e1sticas p\u00f3s-gestacionais. Trata-se da busca por reconstruir a autoestima das mam\u00e3es que tanto se dedicaram durante a gesta\u00e7\u00e3o, parto e amamenta\u00e7\u00e3o. N\u00f3s reconhecemos [&hellip;]<\/p>\n","protected":false},"author":1,"featured_media":0,"parent":0,"menu_order":0,"comment_status":"closed","ping_status":"closed","template":"","meta":{"footnotes":""},"class_list":["post-263","page","type-page","status-publish","hentry"],"_links":{"self":[{"href":"https:\/\/branding2health.com\/cristiane\/wp-json\/wp\/v2\/pages\/263","targetHints":{"allow":["GET"]}}],"collection":[{"href":"https:\/\/branding2health.com\/cristiane\/wp-json\/wp\/v2\/pages"}],"about":[{"href":"https:\/\/branding2health.com\/cristiane\/wp-json\/wp\/v2\/types\/page"}],"author":[{"embeddable":true,"href":"https:\/\/branding2health.com\/cristiane\/wp-json\/wp\/v2\/users\/1"}],"replies":[{"embeddable":true,"href":"https:\/\/branding2health.com\/cristiane\/wp-json\/wp\/v2\/comments?post=263"}],"version-history":[{"count":116,"href":"https:\/\/branding2health.com\/cristiane\/wp-json\/wp\/v2\/pages\/263\/revisions"}],"predecessor-version":[{"id":3551,"href":"https:\/\/branding2health.com\/cristiane\/wp-json\/wp\/v2\/pages\/263\/revisions\/3551"}],"wp:attachment":[{"href":"https:\/\/branding2health.com\/cristiane\/wp-json\/wp\/v2\/media?parent=263"}],"curies":[{"name":"wp","href":"https:\/\/api.w.org\/{rel}","templated":true}]}}