{"id":2485,"date":"2024-03-30T20:37:55","date_gmt":"2024-03-30T23:37:55","guid":{"rendered":"https:\/\/branding2health.com\/cristiane\/?page_id=2485"},"modified":"2024-04-11T16:03:53","modified_gmt":"2024-04-11T19:03:53","slug":"reconstrucao-de-torax","status":"publish","type":"page","link":"https:\/\/branding2health.com\/cristiane\/reconstrucao-de-torax\/","title":{"rendered":"Reconstru\u00e7\u00e3o de T\u00f3rax"},"content":{"rendered":"\t\t<div data-elementor-type=\"wp-page\" data-elementor-id=\"2485\" class=\"elementor elementor-2485\" data-elementor-post-type=\"page\">\n\t\t\t\t<div class=\"elementor-element elementor-element-e65bf87 e-flex e-con-boxed e-con e-parent\" data-id=\"e65bf87\" data-element_type=\"container\">\n\t\t\t\t\t<div class=\"e-con-inner\">\n\t\t\t\t<div class=\"elementor-element elementor-element-2979d1c elementor-view-default exad-sticky-section-no exad-glass-effect-no elementor-widget elementor-widget-icon\" data-id=\"2979d1c\" data-element_type=\"widget\" data-widget_type=\"icon.default\">\n\t\t\t\t<div class=\"elementor-widget-container\">\n\t\t\t\t\t\t\t<div class=\"elementor-icon-wrapper\">\n\t\t\t<a class=\"elementor-icon\" href=\"https:\/\/branding2health.com\/cristiane\/procedimentos\/\">\n\t\t\t<i aria-hidden=\"true\" class=\"fas fa-arrow-circle-left\"><\/i>\t\t\t<\/a>\n\t\t<\/div>\n\t\t\t\t\t\t<\/div>\n\t\t\t\t<\/div>\n\t\t\t\t<div class=\"elementor-element elementor-element-31cbd9f exad-sticky-section-no exad-glass-effect-no elementor-widget elementor-widget-heading\" data-id=\"31cbd9f\" data-element_type=\"widget\" data-widget_type=\"heading.default\">\n\t\t\t\t<div class=\"elementor-widget-container\">\n\t\t\t\t\t<h2 class=\"elementor-heading-title elementor-size-default\"><a href=\"https:\/\/branding2health.com\/cristiane\/procedimentos\/\">Voltar<\/a><\/h2>\t\t\t\t<\/div>\n\t\t\t\t<\/div>\n\t\t\t\t\t<\/div>\n\t\t\t\t<\/div>\n\t\t<div class=\"elementor-element elementor-element-2540665 e-flex e-con-boxed e-con e-parent\" data-id=\"2540665\" data-element_type=\"container\">\n\t\t\t\t\t<div class=\"e-con-inner\">\n\t\t\t\t<div class=\"elementor-element elementor-element-e308b14 exad-sticky-section-no exad-glass-effect-no elementor-widget elementor-widget-heading\" data-id=\"e308b14\" data-element_type=\"widget\" data-widget_type=\"heading.default\">\n\t\t\t\t<div class=\"elementor-widget-container\">\n\t\t\t\t\t<h2 class=\"elementor-heading-title elementor-size-default\">Reconstru\u00e7\u00e3o de T\u00f3rax<\/h2>\t\t\t\t<\/div>\n\t\t\t\t<\/div>\n\t\t\t\t\t<\/div>\n\t\t\t\t<\/div>\n\t\t<div class=\"elementor-element elementor-element-810385f e-flex e-con-boxed e-con e-parent\" data-id=\"810385f\" data-element_type=\"container\">\n\t\t\t\t\t<div class=\"e-con-inner\">\n\t\t<div class=\"elementor-element elementor-element-487ca2a e-flex e-con-boxed e-con e-child\" data-id=\"487ca2a\" data-element_type=\"container\">\n\t\t\t\t\t<div class=\"e-con-inner\">\n\t\t\t\t<div class=\"elementor-element elementor-element-03fccb9 exad-sticky-section-no exad-glass-effect-no elementor-widget elementor-widget-image\" data-id=\"03fccb9\" data-element_type=\"widget\" data-widget_type=\"image.default\">\n\t\t\t\t<div class=\"elementor-widget-container\">\n\t\t\t\t\t\t\t\t\t\t\t\t\t\t\t<img fetchpriority=\"high\" decoding=\"async\" width=\"700\" height=\"800\" src=\"https:\/\/branding2health.com\/cristiane\/wp-content\/uploads\/2024\/04\/Reconstrucao-de-torax.jpg\" class=\"attachment-full size-full wp-image-2999\" alt=\"\" srcset=\"https:\/\/branding2health.com\/cristiane\/wp-content\/uploads\/2024\/04\/Reconstrucao-de-torax.jpg 700w, https:\/\/branding2health.com\/cristiane\/wp-content\/uploads\/2024\/04\/Reconstrucao-de-torax-263x300.jpg 263w\" sizes=\"(max-width: 700px) 100vw, 700px\" \/>\t\t\t\t\t\t\t\t\t\t\t\t\t\t\t<\/div>\n\t\t\t\t<\/div>\n\t\t\t\t<div class=\"elementor-element elementor-element-ff97ed6 elementor-align-center elementor-hidden-desktop elementor-hidden-tablet exad-sticky-section-no exad-glass-effect-no elementor-widget elementor-widget-button\" data-id=\"ff97ed6\" data-element_type=\"widget\" data-widget_type=\"button.default\">\n\t\t\t\t<div class=\"elementor-widget-container\">\n\t\t\t\t\t\t\t\t\t<div class=\"elementor-button-wrapper\">\n\t\t\t\t\t<a class=\"elementor-button elementor-button-link elementor-size-sm\" href=\"https:\/\/wa.me\/5511910299955?text=Ol%C3%A1,%20venho%20do%20site%20da%20Dra.%20Cristiane%20Lopes,%20gostaria%20de%20agendar%20uma%20consulta%20com%20o%20procedimento%20Reconstru\u00e7\u00e3o%20de%20T\u00f3rax\" target=\"_blank\">\n\t\t\t\t\t\t<span class=\"elementor-button-content-wrapper\">\n\t\t\t\t\t\t<span class=\"elementor-button-icon\">\n\t\t\t\t<i aria-hidden=\"true\" class=\"fab fa-whatsapp\"><\/i>\t\t\t<\/span>\n\t\t\t\t\t\t\t\t\t<span class=\"elementor-button-text\">Agende sua consulta<\/span>\n\t\t\t\t\t<\/span>\n\t\t\t\t\t<\/a>\n\t\t\t\t<\/div>\n\t\t\t\t\t\t\t\t<\/div>\n\t\t\t\t<\/div>\n\t\t\t\t\t<\/div>\n\t\t\t\t<\/div>\n\t\t<div class=\"elementor-element elementor-element-4619717 e-flex e-con-boxed e-con e-child\" data-id=\"4619717\" data-element_type=\"container\">\n\t\t\t\t\t<div class=\"e-con-inner\">\n\t\t<div class=\"elementor-element elementor-element-83e3547 e-flex e-con-boxed e-con e-child\" data-id=\"83e3547\" data-element_type=\"container\" data-settings=\"{&quot;background_background&quot;:&quot;classic&quot;}\">\n\t\t\t\t\t<div class=\"e-con-inner\">\n\t\t\t\t<div class=\"elementor-element elementor-element-4e74271 exad-sticky-section-no exad-glass-effect-no elementor-widget elementor-widget-image\" data-id=\"4e74271\" data-element_type=\"widget\" data-widget_type=\"image.default\">\n\t\t\t\t<div class=\"elementor-widget-container\">\n\t\t\t\t\t\t\t\t\t\t\t\t\t\t\t<img decoding=\"async\" width=\"1080\" height=\"1080\" src=\"https:\/\/branding2health.com\/cristiane\/wp-content\/uploads\/2023\/10\/Dra.-Cristiane-Lopes-Torax.png\" class=\"attachment-full size-full wp-image-1207\" alt=\"Dra. Cristiane Lopes -T\u00f3rax\" srcset=\"https:\/\/branding2health.com\/cristiane\/wp-content\/uploads\/2023\/10\/Dra.-Cristiane-Lopes-Torax.png 1080w, https:\/\/branding2health.com\/cristiane\/wp-content\/uploads\/2023\/10\/Dra.-Cristiane-Lopes-Torax-300x300.png 300w, https:\/\/branding2health.com\/cristiane\/wp-content\/uploads\/2023\/10\/Dra.-Cristiane-Lopes-Torax-1024x1024.png 1024w, https:\/\/branding2health.com\/cristiane\/wp-content\/uploads\/2023\/10\/Dra.-Cristiane-Lopes-Torax-150x150.png 150w, https:\/\/branding2health.com\/cristiane\/wp-content\/uploads\/2023\/10\/Dra.-Cristiane-Lopes-Torax-768x768.png 768w\" sizes=\"(max-width: 1080px) 100vw, 1080px\" \/>\t\t\t\t\t\t\t\t\t\t\t\t\t\t\t<\/div>\n\t\t\t\t<\/div>\n\t\t\t\t\t<\/div>\n\t\t\t\t<\/div>\n\t\t<div class=\"elementor-element elementor-element-210e0bd e-flex e-con-boxed e-con e-child\" data-id=\"210e0bd\" data-element_type=\"container\">\n\t\t\t\t\t<div class=\"e-con-inner\">\n\t\t\t\t<div class=\"elementor-element elementor-element-574c7a7 exad-sticky-section-no exad-glass-effect-no elementor-widget elementor-widget-text-editor\" data-id=\"574c7a7\" data-element_type=\"widget\" data-widget_type=\"text-editor.default\">\n\t\t\t\t<div class=\"elementor-widget-container\">\n\t\t\t\t\t\t\t\t\t<p>A <strong>Reconstru\u00e7\u00e3o de\u00a0T\u00f3rax<\/strong>\u00a0\u00e9 fundamental para restaurar a integridade da regi\u00e3o tor\u00e1cica ap\u00f3s cirurgias, traumas ou condi\u00e7\u00f5es m\u00e9dicas que afetam essa \u00e1rea.<\/p><p>Al\u00e9m da restaura\u00e7\u00e3o funcional, a Reconstru\u00e7\u00e3o de T\u00f3rax visa proporcionar resultados est\u00e9ticos que se assemelhem o mais pr\u00f3ximo poss\u00edvel do estado natural, auxiliando na autoconfian\u00e7a dos pacientes.<\/p><p>Cada cirurgia de Reconstru\u00e7\u00e3o de T\u00f3rax \u00e9 altamente personalizada, adaptando-se \u00e0s necessidades espec\u00edficas do paciente para alcan\u00e7ar resultados est\u00e9ticos e funcionais\u00a0ideais.<\/p>\t\t\t\t\t\t\t\t<\/div>\n\t\t\t\t<\/div>\n\t\t\t\t<div class=\"elementor-element elementor-element-1f32f84 exad-sticky-section-no exad-glass-effect-no elementor-widget elementor-widget-spacer\" data-id=\"1f32f84\" data-element_type=\"widget\" data-widget_type=\"spacer.default\">\n\t\t\t\t<div class=\"elementor-widget-container\">\n\t\t\t\t\t\t\t<div class=\"elementor-spacer\">\n\t\t\t<div class=\"elementor-spacer-inner\"><\/div>\n\t\t<\/div>\n\t\t\t\t\t\t<\/div>\n\t\t\t\t<\/div>\n\t\t\t\t<div class=\"elementor-element elementor-element-9e721dd elementor-align-center elementor-hidden-mobile exad-sticky-section-no exad-glass-effect-no elementor-widget elementor-widget-button\" data-id=\"9e721dd\" data-element_type=\"widget\" data-widget_type=\"button.default\">\n\t\t\t\t<div class=\"elementor-widget-container\">\n\t\t\t\t\t\t\t\t\t<div class=\"elementor-button-wrapper\">\n\t\t\t\t\t<a class=\"elementor-button elementor-button-link elementor-size-sm\" href=\"https:\/\/wa.me\/5511910299955?text=Ol%C3%A1,%20venho%20do%20site%20da%20Dra.%20Cristiane%20Lopes,%20gostaria%20de%20agendar%20uma%20consulta%20com%20o%20procedimento%20Reconstru\u00e7\u00e3o%20de%20T\u00f3rax\" target=\"_blank\">\n\t\t\t\t\t\t<span class=\"elementor-button-content-wrapper\">\n\t\t\t\t\t\t<span class=\"elementor-button-icon\">\n\t\t\t\t<i aria-hidden=\"true\" class=\"fab fa-whatsapp\"><\/i>\t\t\t<\/span>\n\t\t\t\t\t\t\t\t\t<span class=\"elementor-button-text\">Agende sua consulta<\/span>\n\t\t\t\t\t<\/span>\n\t\t\t\t\t<\/a>\n\t\t\t\t<\/div>\n\t\t\t\t\t\t\t\t<\/div>\n\t\t\t\t<\/div>\n\t\t\t\t\t<\/div>\n\t\t\t\t<\/div>\n\t\t\t\t\t<\/div>\n\t\t\t\t<\/div>\n\t\t\t\t\t<\/div>\n\t\t\t\t<\/div>\n\t\t\t\t<\/div>\n\t\t","protected":false},"excerpt":{"rendered":"<p>Voltar Reconstru\u00e7\u00e3o de T\u00f3rax Agende sua consulta A Reconstru\u00e7\u00e3o de\u00a0T\u00f3rax\u00a0\u00e9 fundamental para restaurar a integridade da regi\u00e3o tor\u00e1cica ap\u00f3s cirurgias, traumas ou condi\u00e7\u00f5es m\u00e9dicas que afetam essa \u00e1rea. Al\u00e9m da restaura\u00e7\u00e3o funcional, a Reconstru\u00e7\u00e3o de T\u00f3rax visa proporcionar resultados est\u00e9ticos que se assemelhem o mais pr\u00f3ximo poss\u00edvel do estado natural, auxiliando na autoconfian\u00e7a dos pacientes. [&hellip;]<\/p>\n","protected":false},"author":1,"featured_media":0,"parent":0,"menu_order":0,"comment_status":"closed","ping_status":"closed","template":"elementor_header_footer","meta":{"footnotes":""},"class_list":["post-2485","page","type-page","status-publish","hentry"],"_links":{"self":[{"href":"https:\/\/branding2health.com\/cristiane\/wp-json\/wp\/v2\/pages\/2485","targetHints":{"allow":["GET"]}}],"collection":[{"href":"https:\/\/branding2health.com\/cristiane\/wp-json\/wp\/v2\/pages"}],"about":[{"href":"https:\/\/branding2health.com\/cristiane\/wp-json\/wp\/v2\/types\/page"}],"author":[{"embeddable":true,"href":"https:\/\/branding2health.com\/cristiane\/wp-json\/wp\/v2\/users\/1"}],"replies":[{"embeddable":true,"href":"https:\/\/branding2health.com\/cristiane\/wp-json\/wp\/v2\/comments?post=2485"}],"version-history":[{"count":22,"href":"https:\/\/branding2health.com\/cristiane\/wp-json\/wp\/v2\/pages\/2485\/revisions"}],"predecessor-version":[{"id":3335,"href":"https:\/\/branding2health.com\/cristiane\/wp-json\/wp\/v2\/pages\/2485\/revisions\/3335"}],"wp:attachment":[{"href":"https:\/\/branding2health.com\/cristiane\/wp-json\/wp\/v2\/media?parent=2485"}],"curies":[{"name":"wp","href":"https:\/\/api.w.org\/{rel}","templated":true}]}}