{"id":2473,"date":"2024-03-30T20:36:13","date_gmt":"2024-03-30T23:36:13","guid":{"rendered":"https:\/\/branding2health.com\/cristiane\/?page_id=2473"},"modified":"2024-04-15T22:53:45","modified_gmt":"2024-04-16T01:53:45","slug":"pos-bariatrica","status":"publish","type":"page","link":"https:\/\/branding2health.com\/cristiane\/pos-bariatrica\/","title":{"rendered":"P\u00f3s-bari\u00e1trica"},"content":{"rendered":"\t\t<div data-elementor-type=\"wp-page\" data-elementor-id=\"2473\" class=\"elementor elementor-2473\" data-elementor-post-type=\"page\">\n\t\t\t\t<div class=\"elementor-element elementor-element-ac2685c e-flex e-con-boxed e-con e-parent\" data-id=\"ac2685c\" data-element_type=\"container\">\n\t\t\t\t\t<div class=\"e-con-inner\">\n\t\t\t\t<div class=\"elementor-element elementor-element-b6baf57 elementor-view-default exad-sticky-section-no exad-glass-effect-no elementor-widget elementor-widget-icon\" data-id=\"b6baf57\" data-element_type=\"widget\" data-widget_type=\"icon.default\">\n\t\t\t\t<div class=\"elementor-widget-container\">\n\t\t\t\t\t\t\t<div class=\"elementor-icon-wrapper\">\n\t\t\t<a class=\"elementor-icon\" href=\"https:\/\/branding2health.com\/cristiane\/procedimentos\/\">\n\t\t\t<i aria-hidden=\"true\" class=\"fas fa-arrow-circle-left\"><\/i>\t\t\t<\/a>\n\t\t<\/div>\n\t\t\t\t\t\t<\/div>\n\t\t\t\t<\/div>\n\t\t\t\t<div class=\"elementor-element elementor-element-9a83150 exad-sticky-section-no exad-glass-effect-no elementor-widget elementor-widget-heading\" data-id=\"9a83150\" data-element_type=\"widget\" data-widget_type=\"heading.default\">\n\t\t\t\t<div class=\"elementor-widget-container\">\n\t\t\t\t\t<h2 class=\"elementor-heading-title elementor-size-default\"><a href=\"https:\/\/branding2health.com\/cristiane\/procedimentos\/\">Voltar<\/a><\/h2>\t\t\t\t<\/div>\n\t\t\t\t<\/div>\n\t\t\t\t\t<\/div>\n\t\t\t\t<\/div>\n\t\t<div class=\"elementor-element elementor-element-e306e28 e-flex e-con-boxed e-con e-parent\" data-id=\"e306e28\" data-element_type=\"container\">\n\t\t\t\t\t<div class=\"e-con-inner\">\n\t\t\t\t<div class=\"elementor-element elementor-element-e89698c exad-sticky-section-no exad-glass-effect-no elementor-widget elementor-widget-heading\" data-id=\"e89698c\" data-element_type=\"widget\" data-widget_type=\"heading.default\">\n\t\t\t\t<div class=\"elementor-widget-container\">\n\t\t\t\t\t<h2 class=\"elementor-heading-title elementor-size-default\">P\u00f3s-bari\u00e1trica<\/h2>\t\t\t\t<\/div>\n\t\t\t\t<\/div>\n\t\t\t\t\t<\/div>\n\t\t\t\t<\/div>\n\t\t<div class=\"elementor-element elementor-element-c750342 e-flex e-con-boxed e-con e-parent\" data-id=\"c750342\" data-element_type=\"container\">\n\t\t\t\t\t<div class=\"e-con-inner\">\n\t\t<div class=\"elementor-element elementor-element-5c3b7d4 e-flex e-con-boxed e-con e-child\" data-id=\"5c3b7d4\" data-element_type=\"container\">\n\t\t\t\t\t<div class=\"e-con-inner\">\n\t\t\t\t<div class=\"elementor-element elementor-element-7da12bc exad-sticky-section-no exad-glass-effect-no elementor-widget elementor-widget-image\" data-id=\"7da12bc\" data-element_type=\"widget\" data-widget_type=\"image.default\">\n\t\t\t\t<div class=\"elementor-widget-container\">\n\t\t\t\t\t\t\t\t\t\t\t\t\t\t\t<img fetchpriority=\"high\" decoding=\"async\" width=\"700\" height=\"800\" src=\"https:\/\/branding2health.com\/cristiane\/wp-content\/uploads\/2024\/03\/pos-bariatricos.jpg\" class=\"attachment-full size-full wp-image-2612\" alt=\"\" srcset=\"https:\/\/branding2health.com\/cristiane\/wp-content\/uploads\/2024\/03\/pos-bariatricos.jpg 700w, https:\/\/branding2health.com\/cristiane\/wp-content\/uploads\/2024\/03\/pos-bariatricos-263x300.jpg 263w\" sizes=\"(max-width: 700px) 100vw, 700px\" \/>\t\t\t\t\t\t\t\t\t\t\t\t\t\t\t<\/div>\n\t\t\t\t<\/div>\n\t\t\t\t<div class=\"elementor-element elementor-element-580920f elementor-align-center elementor-hidden-desktop elementor-hidden-tablet exad-sticky-section-no exad-glass-effect-no elementor-widget elementor-widget-button\" data-id=\"580920f\" data-element_type=\"widget\" data-widget_type=\"button.default\">\n\t\t\t\t<div class=\"elementor-widget-container\">\n\t\t\t\t\t\t\t\t\t<div class=\"elementor-button-wrapper\">\n\t\t\t\t\t<a class=\"elementor-button elementor-button-link elementor-size-sm\" href=\"https:\/\/wa.me\/5511910299955?text=Ol%C3%A1,%20venho%20do%20site%20da%20Dra.%20Cristiane%20Lopes,%20gostaria%20de%20agendar%20uma%20consulta%20com%20o%20procedimento%20P\u00f3s%20-%20bari\u00e1tricos\" target=\"_blank\">\n\t\t\t\t\t\t<span class=\"elementor-button-content-wrapper\">\n\t\t\t\t\t\t<span class=\"elementor-button-icon\">\n\t\t\t\t<i aria-hidden=\"true\" class=\"fab fa-whatsapp\"><\/i>\t\t\t<\/span>\n\t\t\t\t\t\t\t\t\t<span class=\"elementor-button-text\">Agende sua consulta<\/span>\n\t\t\t\t\t<\/span>\n\t\t\t\t\t<\/a>\n\t\t\t\t<\/div>\n\t\t\t\t\t\t\t\t<\/div>\n\t\t\t\t<\/div>\n\t\t\t\t\t<\/div>\n\t\t\t\t<\/div>\n\t\t<div class=\"elementor-element elementor-element-92ec4b6 e-flex e-con-boxed e-con e-child\" data-id=\"92ec4b6\" data-element_type=\"container\">\n\t\t\t\t\t<div class=\"e-con-inner\">\n\t\t<div class=\"elementor-element elementor-element-7010017 e-flex e-con-boxed e-con e-child\" data-id=\"7010017\" data-element_type=\"container\" data-settings=\"{&quot;background_background&quot;:&quot;classic&quot;}\">\n\t\t\t\t\t<div class=\"e-con-inner\">\n\t\t\t\t<div class=\"elementor-element elementor-element-f059b82 exad-sticky-section-no exad-glass-effect-no elementor-widget elementor-widget-image\" data-id=\"f059b82\" data-element_type=\"widget\" data-widget_type=\"image.default\">\n\t\t\t\t<div class=\"elementor-widget-container\">\n\t\t\t\t\t\t\t\t\t\t\t\t\t\t\t<img decoding=\"async\" width=\"1080\" height=\"1080\" src=\"https:\/\/branding2health.com\/cristiane\/wp-content\/uploads\/2023\/10\/Dra.-Cristiane-Lopes-Pos-Bariatrica.png\" class=\"attachment-full size-full wp-image-1204\" alt=\"Dra. Cristiane Lopes -P\u00f3s Bari\u00e1trica\" srcset=\"https:\/\/branding2health.com\/cristiane\/wp-content\/uploads\/2023\/10\/Dra.-Cristiane-Lopes-Pos-Bariatrica.png 1080w, https:\/\/branding2health.com\/cristiane\/wp-content\/uploads\/2023\/10\/Dra.-Cristiane-Lopes-Pos-Bariatrica-300x300.png 300w, https:\/\/branding2health.com\/cristiane\/wp-content\/uploads\/2023\/10\/Dra.-Cristiane-Lopes-Pos-Bariatrica-1024x1024.png 1024w, https:\/\/branding2health.com\/cristiane\/wp-content\/uploads\/2023\/10\/Dra.-Cristiane-Lopes-Pos-Bariatrica-150x150.png 150w, https:\/\/branding2health.com\/cristiane\/wp-content\/uploads\/2023\/10\/Dra.-Cristiane-Lopes-Pos-Bariatrica-768x768.png 768w\" sizes=\"(max-width: 1080px) 100vw, 1080px\" \/>\t\t\t\t\t\t\t\t\t\t\t\t\t\t\t<\/div>\n\t\t\t\t<\/div>\n\t\t\t\t\t<\/div>\n\t\t\t\t<\/div>\n\t\t<div class=\"elementor-element elementor-element-de66d0b e-flex e-con-boxed e-con e-child\" data-id=\"de66d0b\" data-element_type=\"container\">\n\t\t\t\t\t<div class=\"e-con-inner\">\n\t\t\t\t<div class=\"elementor-element elementor-element-8f16e34 exad-sticky-section-no exad-glass-effect-no elementor-widget elementor-widget-text-editor\" data-id=\"8f16e34\" data-element_type=\"widget\" data-widget_type=\"text-editor.default\">\n\t\t\t\t<div class=\"elementor-widget-container\">\n\t\t\t\t\t\t\t\t\t<p>Sabemos que a perda de peso \u00e9 apenas uma etapa das pacientes que realizam cirurgia bari\u00e1trica, e os procedimentos p\u00f3s-bari\u00e1tricos s\u00e3o projetados para complementar as conquistas da jornada de perda de peso.<\/p><p>Nessa categoria, inclu\u00edmos os tratamentos do Mommy Makeover, como <a href=\"https:\/\/branding2health.com\/cristiane\/mastopexia-com-protese\/\" target=\"_blank\" rel=\"noopener\"><strong>mastopexia com ou sem pr\u00f3tese<\/strong><\/a>, <a href=\"https:\/\/branding2health.com\/cristiane\/lipoaspiracao\/\" target=\"_blank\" rel=\"noopener\"><strong>lipoaspira\u00e7\u00e3o<\/strong><\/a>, <a href=\"https:\/\/branding2health.com\/cristiane\/enxerto-de-gordura\/\" target=\"_blank\" rel=\"noopener\"><strong>lipoenxertia<\/strong><\/a> e <a href=\"https:\/\/branding2health.com\/cristiane\/abdominoplastia\/\" target=\"_blank\" rel=\"noopener\"><strong>abdominoplastia<\/strong><\/a>, que podem ser combinados de acordo com as necessidades individuais de cada paciente.<\/p><p>Al\u00e9m disso, \u00e9 muito comum haver a necessidade de tratamentos espec\u00edficos para a flacidez dos bra\u00e7os (braquioplastia), das coxas (cruroplastia) e do dorso (torsoplastia e flancoplastia).<\/p><p>No caso da braquioplastia, realizamos a retirada de pele na regi\u00e3o interna dos bra\u00e7os, para que a cicatriz fique escondida entre o bra\u00e7o e o tronco.<\/p><p>Na cruroplastia, a cicatriz fica na regi\u00e3o interna das coxas, na linha da calcinha. Em alguns casos, quando a flacidez \u00e9 mais acentuada na regi\u00e3o mais inferior das coxas, precisamos retirar a pele tamb\u00e9m neste local, e a cicatriz fica ent\u00e3o posicionada na regi\u00e3o interna das coxas.<\/p><p>A torsoplastia remove o excesso de pele na regi\u00e3o das costas, na dobra do suti\u00e3, que \u00e9 onde posicionamos esta cicatriz. A flancoplastia remove o excedente de pele na regi\u00e3o acima dos gl\u00fateos, e podemos usar um retalho desta regi\u00e3o para aumentar o volume dos gl\u00fateos ao mesmo tempo.<\/p><p>Estes procedimentos t\u00eam a dor controlada por meio de medica\u00e7\u00f5es no p\u00f3s-operat\u00f3rio, e a paciente \u00e9 liberada para retomar atividades di\u00e1rias geralmente dentro de 14-21 dias.<\/p>\t\t\t\t\t\t\t\t<\/div>\n\t\t\t\t<\/div>\n\t\t\t\t<div class=\"elementor-element elementor-element-eca16b7 elementor-align-center elementor-hidden-mobile exad-sticky-section-no exad-glass-effect-no elementor-widget elementor-widget-button\" data-id=\"eca16b7\" data-element_type=\"widget\" data-widget_type=\"button.default\">\n\t\t\t\t<div class=\"elementor-widget-container\">\n\t\t\t\t\t\t\t\t\t<div class=\"elementor-button-wrapper\">\n\t\t\t\t\t<a class=\"elementor-button elementor-button-link elementor-size-sm\" href=\"https:\/\/wa.me\/5511910299955?text=Ol%C3%A1,%20venho%20do%20site%20da%20Dra.%20Cristiane%20Lopes,%20gostaria%20de%20agendar%20uma%20consulta%20com%20o%20procedimento%20P\u00f3s%20-%20bari\u00e1tricos\" target=\"_blank\">\n\t\t\t\t\t\t<span class=\"elementor-button-content-wrapper\">\n\t\t\t\t\t\t<span class=\"elementor-button-icon\">\n\t\t\t\t<i aria-hidden=\"true\" class=\"fab fa-whatsapp\"><\/i>\t\t\t<\/span>\n\t\t\t\t\t\t\t\t\t<span class=\"elementor-button-text\">Agende sua consulta<\/span>\n\t\t\t\t\t<\/span>\n\t\t\t\t\t<\/a>\n\t\t\t\t<\/div>\n\t\t\t\t\t\t\t\t<\/div>\n\t\t\t\t<\/div>\n\t\t\t\t\t<\/div>\n\t\t\t\t<\/div>\n\t\t\t\t\t<\/div>\n\t\t\t\t<\/div>\n\t\t\t\t\t<\/div>\n\t\t\t\t<\/div>\n\t\t\t\t<\/div>\n\t\t","protected":false},"excerpt":{"rendered":"<p>Voltar P\u00f3s-bari\u00e1trica Agende sua consulta Sabemos que a perda de peso \u00e9 apenas uma etapa das pacientes que realizam cirurgia bari\u00e1trica, e os procedimentos p\u00f3s-bari\u00e1tricos s\u00e3o projetados para complementar as conquistas da jornada de perda de peso. Nessa categoria, inclu\u00edmos os tratamentos do Mommy Makeover, como mastopexia com ou sem pr\u00f3tese, lipoaspira\u00e7\u00e3o, lipoenxertia e abdominoplastia, [&hellip;]<\/p>\n","protected":false},"author":1,"featured_media":0,"parent":0,"menu_order":0,"comment_status":"closed","ping_status":"closed","template":"elementor_header_footer","meta":{"footnotes":""},"class_list":["post-2473","page","type-page","status-publish","hentry"],"_links":{"self":[{"href":"https:\/\/branding2health.com\/cristiane\/wp-json\/wp\/v2\/pages\/2473","targetHints":{"allow":["GET"]}}],"collection":[{"href":"https:\/\/branding2health.com\/cristiane\/wp-json\/wp\/v2\/pages"}],"about":[{"href":"https:\/\/branding2health.com\/cristiane\/wp-json\/wp\/v2\/types\/page"}],"author":[{"embeddable":true,"href":"https:\/\/branding2health.com\/cristiane\/wp-json\/wp\/v2\/users\/1"}],"replies":[{"embeddable":true,"href":"https:\/\/branding2health.com\/cristiane\/wp-json\/wp\/v2\/comments?post=2473"}],"version-history":[{"count":41,"href":"https:\/\/branding2health.com\/cristiane\/wp-json\/wp\/v2\/pages\/2473\/revisions"}],"predecessor-version":[{"id":3584,"href":"https:\/\/branding2health.com\/cristiane\/wp-json\/wp\/v2\/pages\/2473\/revisions\/3584"}],"wp:attachment":[{"href":"https:\/\/branding2health.com\/cristiane\/wp-json\/wp\/v2\/media?parent=2473"}],"curies":[{"name":"wp","href":"https:\/\/api.w.org\/{rel}","templated":true}]}}