{"id":2469,"date":"2024-03-30T20:35:38","date_gmt":"2024-03-30T23:35:38","guid":{"rendered":"https:\/\/branding2health.com\/cristiane\/?page_id=2469"},"modified":"2024-04-11T14:43:13","modified_gmt":"2024-04-11T17:43:13","slug":"lip-lift","status":"publish","type":"page","link":"https:\/\/branding2health.com\/cristiane\/lip-lift\/","title":{"rendered":"Lip Lift"},"content":{"rendered":"\t\t<div data-elementor-type=\"wp-page\" data-elementor-id=\"2469\" class=\"elementor elementor-2469\" data-elementor-post-type=\"page\">\n\t\t\t\t<div class=\"elementor-element elementor-element-5943087 e-flex e-con-boxed e-con e-parent\" data-id=\"5943087\" data-element_type=\"container\">\n\t\t\t\t\t<div class=\"e-con-inner\">\n\t\t\t\t<div class=\"elementor-element elementor-element-04f43bd elementor-view-default exad-sticky-section-no exad-glass-effect-no elementor-widget elementor-widget-icon\" data-id=\"04f43bd\" data-element_type=\"widget\" data-widget_type=\"icon.default\">\n\t\t\t\t<div class=\"elementor-widget-container\">\n\t\t\t\t\t\t\t<div class=\"elementor-icon-wrapper\">\n\t\t\t<a class=\"elementor-icon\" href=\"https:\/\/branding2health.com\/cristiane\/procedimentos\/\">\n\t\t\t<i aria-hidden=\"true\" class=\"fas fa-arrow-circle-left\"><\/i>\t\t\t<\/a>\n\t\t<\/div>\n\t\t\t\t\t\t<\/div>\n\t\t\t\t<\/div>\n\t\t\t\t<div class=\"elementor-element elementor-element-9ada2d8 exad-sticky-section-no exad-glass-effect-no elementor-widget elementor-widget-heading\" data-id=\"9ada2d8\" data-element_type=\"widget\" data-widget_type=\"heading.default\">\n\t\t\t\t<div class=\"elementor-widget-container\">\n\t\t\t\t\t<h2 class=\"elementor-heading-title elementor-size-default\"><a href=\"https:\/\/branding2health.com\/cristiane\/procedimentos\/\">Voltar<\/a><\/h2>\t\t\t\t<\/div>\n\t\t\t\t<\/div>\n\t\t\t\t\t<\/div>\n\t\t\t\t<\/div>\n\t\t<div class=\"elementor-element elementor-element-f65e2d7 e-flex e-con-boxed e-con e-parent\" data-id=\"f65e2d7\" data-element_type=\"container\">\n\t\t\t\t\t<div class=\"e-con-inner\">\n\t\t\t\t<div class=\"elementor-element elementor-element-a3d52db exad-sticky-section-no exad-glass-effect-no elementor-widget elementor-widget-heading\" data-id=\"a3d52db\" data-element_type=\"widget\" data-widget_type=\"heading.default\">\n\t\t\t\t<div class=\"elementor-widget-container\">\n\t\t\t\t\t<h2 class=\"elementor-heading-title elementor-size-default\">Lip Lift<\/h2>\t\t\t\t<\/div>\n\t\t\t\t<\/div>\n\t\t\t\t\t<\/div>\n\t\t\t\t<\/div>\n\t\t<div class=\"elementor-element elementor-element-90349c4 e-flex e-con-boxed e-con e-parent\" data-id=\"90349c4\" data-element_type=\"container\">\n\t\t\t\t\t<div class=\"e-con-inner\">\n\t\t<div class=\"elementor-element elementor-element-dc49d0b e-flex e-con-boxed e-con e-child\" data-id=\"dc49d0b\" data-element_type=\"container\">\n\t\t\t\t\t<div class=\"e-con-inner\">\n\t\t\t\t<div class=\"elementor-element elementor-element-8372899 exad-sticky-section-no exad-glass-effect-no elementor-widget elementor-widget-image\" data-id=\"8372899\" data-element_type=\"widget\" data-widget_type=\"image.default\">\n\t\t\t\t<div class=\"elementor-widget-container\">\n\t\t\t\t\t\t\t\t\t\t\t\t\t\t\t<img fetchpriority=\"high\" decoding=\"async\" width=\"700\" height=\"800\" src=\"https:\/\/branding2health.com\/cristiane\/wp-content\/uploads\/2024\/04\/Design-sem-nome-27.jpg\" class=\"attachment-full size-full wp-image-3273\" alt=\"\" srcset=\"https:\/\/branding2health.com\/cristiane\/wp-content\/uploads\/2024\/04\/Design-sem-nome-27.jpg 700w, https:\/\/branding2health.com\/cristiane\/wp-content\/uploads\/2024\/04\/Design-sem-nome-27-263x300.jpg 263w\" sizes=\"(max-width: 700px) 100vw, 700px\" \/>\t\t\t\t\t\t\t\t\t\t\t\t\t\t\t<\/div>\n\t\t\t\t<\/div>\n\t\t\t\t<div class=\"elementor-element elementor-element-6a3b426 elementor-align-center elementor-hidden-desktop elementor-hidden-tablet exad-sticky-section-no exad-glass-effect-no elementor-widget elementor-widget-button\" data-id=\"6a3b426\" data-element_type=\"widget\" data-widget_type=\"button.default\">\n\t\t\t\t<div class=\"elementor-widget-container\">\n\t\t\t\t\t\t\t\t\t<div class=\"elementor-button-wrapper\">\n\t\t\t\t\t<a class=\"elementor-button elementor-button-link elementor-size-sm\" href=\"https:\/\/wa.me\/5511910299955?text=Ol%C3%A1,%20venho%20do%20site%20da%20Dra.%20Cristiane%20Lopes,%20gostaria%20de%20agendar%20uma%20consulta%20com%20o%20procedimento%20LipLift\" target=\"_blank\">\n\t\t\t\t\t\t<span class=\"elementor-button-content-wrapper\">\n\t\t\t\t\t\t<span class=\"elementor-button-icon\">\n\t\t\t\t<i aria-hidden=\"true\" class=\"fab fa-whatsapp\"><\/i>\t\t\t<\/span>\n\t\t\t\t\t\t\t\t\t<span class=\"elementor-button-text\">Agende sua consulta<\/span>\n\t\t\t\t\t<\/span>\n\t\t\t\t\t<\/a>\n\t\t\t\t<\/div>\n\t\t\t\t\t\t\t\t<\/div>\n\t\t\t\t<\/div>\n\t\t\t\t\t<\/div>\n\t\t\t\t<\/div>\n\t\t<div class=\"elementor-element elementor-element-effed20 e-flex e-con-boxed e-con e-child\" data-id=\"effed20\" data-element_type=\"container\">\n\t\t\t\t\t<div class=\"e-con-inner\">\n\t\t<div class=\"elementor-element elementor-element-ee1ffed e-flex e-con-boxed e-con e-child\" data-id=\"ee1ffed\" data-element_type=\"container\" data-settings=\"{&quot;background_background&quot;:&quot;classic&quot;}\">\n\t\t\t\t\t<div class=\"e-con-inner\">\n\t\t\t\t<div class=\"elementor-element elementor-element-4a67569 exad-sticky-section-no exad-glass-effect-no elementor-widget elementor-widget-image\" data-id=\"4a67569\" data-element_type=\"widget\" data-widget_type=\"image.default\">\n\t\t\t\t<div class=\"elementor-widget-container\">\n\t\t\t\t\t\t\t\t\t\t\t\t\t\t\t<img decoding=\"async\" width=\"1080\" height=\"1080\" src=\"https:\/\/branding2health.com\/cristiane\/wp-content\/uploads\/2023\/10\/Dra.-Cristiane-Lopes-Lip-Lift.png\" class=\"attachment-full size-full wp-image-1202\" alt=\"Dra. Cristiane Lopes -Lip Lift\" srcset=\"https:\/\/branding2health.com\/cristiane\/wp-content\/uploads\/2023\/10\/Dra.-Cristiane-Lopes-Lip-Lift.png 1080w, https:\/\/branding2health.com\/cristiane\/wp-content\/uploads\/2023\/10\/Dra.-Cristiane-Lopes-Lip-Lift-300x300.png 300w, https:\/\/branding2health.com\/cristiane\/wp-content\/uploads\/2023\/10\/Dra.-Cristiane-Lopes-Lip-Lift-1024x1024.png 1024w, https:\/\/branding2health.com\/cristiane\/wp-content\/uploads\/2023\/10\/Dra.-Cristiane-Lopes-Lip-Lift-150x150.png 150w, https:\/\/branding2health.com\/cristiane\/wp-content\/uploads\/2023\/10\/Dra.-Cristiane-Lopes-Lip-Lift-768x768.png 768w\" sizes=\"(max-width: 1080px) 100vw, 1080px\" \/>\t\t\t\t\t\t\t\t\t\t\t\t\t\t\t<\/div>\n\t\t\t\t<\/div>\n\t\t\t\t\t<\/div>\n\t\t\t\t<\/div>\n\t\t<div class=\"elementor-element elementor-element-462a1dc e-flex e-con-boxed e-con e-child\" data-id=\"462a1dc\" data-element_type=\"container\">\n\t\t\t\t\t<div class=\"e-con-inner\">\n\t\t\t\t<div class=\"elementor-element elementor-element-64fb4ad exad-sticky-section-no exad-glass-effect-no elementor-widget elementor-widget-text-editor\" data-id=\"64fb4ad\" data-element_type=\"widget\" data-widget_type=\"text-editor.default\">\n\t\t\t\t<div class=\"elementor-widget-container\">\n\t\t\t\t\t\t\t\t\t<p>O <strong>Lip Lift<\/strong> \u00e9 um procedimento projetado para real\u00e7ar os l\u00e1bios, criando um aspecto de maior equil\u00edbrio ao rosto. O envelhecimento causa um alongamento do l\u00e1bio, que passa a cobrir mais os dentes superiores, e envelhece principalmente o sorriso de pacientes com mais idade.<\/p><p>Esse procedimento pode ajudar a obter um sorriso com apar\u00eancia mais jovem e atraente, elevando os l\u00e1bios e revelando uma quantidade ideal de dentes superiores.<\/p><p>Cada Lip Lift \u00e9 personalizado para atender \u00e0s prefer\u00eancias e caracter\u00edsticas faciais \u00fanicas do paciente, promovendo um resultado natural.<\/p>\t\t\t\t\t\t\t\t<\/div>\n\t\t\t\t<\/div>\n\t\t\t\t<div class=\"elementor-element elementor-element-38e1d63 elementor-align-center elementor-hidden-mobile exad-sticky-section-no exad-glass-effect-no elementor-widget elementor-widget-button\" data-id=\"38e1d63\" data-element_type=\"widget\" data-widget_type=\"button.default\">\n\t\t\t\t<div class=\"elementor-widget-container\">\n\t\t\t\t\t\t\t\t\t<div class=\"elementor-button-wrapper\">\n\t\t\t\t\t<a class=\"elementor-button elementor-button-link elementor-size-sm\" href=\"https:\/\/wa.me\/5511910299955?text=Ol%C3%A1,%20venho%20do%20site%20da%20Dra.%20Cristiane%20Lopes,%20gostaria%20de%20agendar%20uma%20consulta%20com%20o%20procedimento%20LipLift\" target=\"_blank\">\n\t\t\t\t\t\t<span class=\"elementor-button-content-wrapper\">\n\t\t\t\t\t\t<span class=\"elementor-button-icon\">\n\t\t\t\t<i aria-hidden=\"true\" class=\"fab fa-whatsapp\"><\/i>\t\t\t<\/span>\n\t\t\t\t\t\t\t\t\t<span class=\"elementor-button-text\">Agende sua consulta<\/span>\n\t\t\t\t\t<\/span>\n\t\t\t\t\t<\/a>\n\t\t\t\t<\/div>\n\t\t\t\t\t\t\t\t<\/div>\n\t\t\t\t<\/div>\n\t\t\t\t<div class=\"elementor-element elementor-element-47e622f exad-sticky-section-no exad-glass-effect-no elementor-widget elementor-widget-spacer\" data-id=\"47e622f\" data-element_type=\"widget\" data-widget_type=\"spacer.default\">\n\t\t\t\t<div class=\"elementor-widget-container\">\n\t\t\t\t\t\t\t<div class=\"elementor-spacer\">\n\t\t\t<div class=\"elementor-spacer-inner\"><\/div>\n\t\t<\/div>\n\t\t\t\t\t\t<\/div>\n\t\t\t\t<\/div>\n\t\t\t\t\t<\/div>\n\t\t\t\t<\/div>\n\t\t\t\t\t<\/div>\n\t\t\t\t<\/div>\n\t\t\t\t\t<\/div>\n\t\t\t\t<\/div>\n\t\t\t\t<\/div>\n\t\t","protected":false},"excerpt":{"rendered":"<p>Voltar Lip Lift Agende sua consulta O Lip Lift \u00e9 um procedimento projetado para real\u00e7ar os l\u00e1bios, criando um aspecto de maior equil\u00edbrio ao rosto. O envelhecimento causa um alongamento do l\u00e1bio, que passa a cobrir mais os dentes superiores, e envelhece principalmente o sorriso de pacientes com mais idade. Esse procedimento pode ajudar a [&hellip;]<\/p>\n","protected":false},"author":1,"featured_media":0,"parent":0,"menu_order":0,"comment_status":"closed","ping_status":"closed","template":"elementor_header_footer","meta":{"footnotes":""},"class_list":["post-2469","page","type-page","status-publish","hentry"],"_links":{"self":[{"href":"https:\/\/branding2health.com\/cristiane\/wp-json\/wp\/v2\/pages\/2469","targetHints":{"allow":["GET"]}}],"collection":[{"href":"https:\/\/branding2health.com\/cristiane\/wp-json\/wp\/v2\/pages"}],"about":[{"href":"https:\/\/branding2health.com\/cristiane\/wp-json\/wp\/v2\/types\/page"}],"author":[{"embeddable":true,"href":"https:\/\/branding2health.com\/cristiane\/wp-json\/wp\/v2\/users\/1"}],"replies":[{"embeddable":true,"href":"https:\/\/branding2health.com\/cristiane\/wp-json\/wp\/v2\/comments?post=2469"}],"version-history":[{"count":28,"href":"https:\/\/branding2health.com\/cristiane\/wp-json\/wp\/v2\/pages\/2469\/revisions"}],"predecessor-version":[{"id":3279,"href":"https:\/\/branding2health.com\/cristiane\/wp-json\/wp\/v2\/pages\/2469\/revisions\/3279"}],"wp:attachment":[{"href":"https:\/\/branding2health.com\/cristiane\/wp-json\/wp\/v2\/media?parent=2469"}],"curies":[{"name":"wp","href":"https:\/\/api.w.org\/{rel}","templated":true}]}}