{"id":2463,"date":"2024-03-30T20:34:42","date_gmt":"2024-03-30T23:34:42","guid":{"rendered":"https:\/\/branding2health.com\/cristiane\/?page_id=2463"},"modified":"2024-04-11T14:44:14","modified_gmt":"2024-04-11T17:44:14","slug":"rinoplastia","status":"publish","type":"page","link":"https:\/\/branding2health.com\/cristiane\/rinoplastia\/","title":{"rendered":"Rinoplastia"},"content":{"rendered":"\t\t<div data-elementor-type=\"wp-page\" data-elementor-id=\"2463\" class=\"elementor elementor-2463\" data-elementor-post-type=\"page\">\n\t\t\t\t<div class=\"elementor-element elementor-element-9ec9356 e-flex e-con-boxed e-con e-parent\" data-id=\"9ec9356\" data-element_type=\"container\">\n\t\t\t\t\t<div class=\"e-con-inner\">\n\t\t\t\t<div class=\"elementor-element elementor-element-36b1b8b elementor-view-default exad-sticky-section-no exad-glass-effect-no elementor-widget elementor-widget-icon\" data-id=\"36b1b8b\" data-element_type=\"widget\" data-widget_type=\"icon.default\">\n\t\t\t\t<div class=\"elementor-widget-container\">\n\t\t\t\t\t\t\t<div class=\"elementor-icon-wrapper\">\n\t\t\t<a class=\"elementor-icon\" href=\"https:\/\/branding2health.com\/cristiane\/procedimentos\/\">\n\t\t\t<i aria-hidden=\"true\" class=\"fas fa-arrow-circle-left\"><\/i>\t\t\t<\/a>\n\t\t<\/div>\n\t\t\t\t\t\t<\/div>\n\t\t\t\t<\/div>\n\t\t\t\t<div class=\"elementor-element elementor-element-8d752a4 exad-sticky-section-no exad-glass-effect-no elementor-widget elementor-widget-heading\" data-id=\"8d752a4\" data-element_type=\"widget\" data-widget_type=\"heading.default\">\n\t\t\t\t<div class=\"elementor-widget-container\">\n\t\t\t\t\t<h2 class=\"elementor-heading-title elementor-size-default\"><a href=\"https:\/\/branding2health.com\/cristiane\/procedimentos\/\">Voltar<\/a><\/h2>\t\t\t\t<\/div>\n\t\t\t\t<\/div>\n\t\t\t\t\t<\/div>\n\t\t\t\t<\/div>\n\t\t<div class=\"elementor-element elementor-element-e3ea209 e-flex e-con-boxed e-con e-parent\" data-id=\"e3ea209\" data-element_type=\"container\">\n\t\t\t\t\t<div class=\"e-con-inner\">\n\t\t\t\t<div class=\"elementor-element elementor-element-fcfdc63 exad-sticky-section-no exad-glass-effect-no elementor-widget elementor-widget-heading\" data-id=\"fcfdc63\" data-element_type=\"widget\" data-widget_type=\"heading.default\">\n\t\t\t\t<div class=\"elementor-widget-container\">\n\t\t\t\t\t<h2 class=\"elementor-heading-title elementor-size-default\">Rinoplastia<\/h2>\t\t\t\t<\/div>\n\t\t\t\t<\/div>\n\t\t\t\t\t<\/div>\n\t\t\t\t<\/div>\n\t\t<div class=\"elementor-element elementor-element-512cfe4 e-flex e-con-boxed e-con e-parent\" data-id=\"512cfe4\" data-element_type=\"container\">\n\t\t\t\t\t<div class=\"e-con-inner\">\n\t\t<div class=\"elementor-element elementor-element-29582de e-flex e-con-boxed e-con e-child\" data-id=\"29582de\" data-element_type=\"container\">\n\t\t\t\t\t<div class=\"e-con-inner\">\n\t\t\t\t<div class=\"elementor-element elementor-element-867df1f exad-sticky-section-no exad-glass-effect-no elementor-widget elementor-widget-image\" data-id=\"867df1f\" data-element_type=\"widget\" data-widget_type=\"image.default\">\n\t\t\t\t<div class=\"elementor-widget-container\">\n\t\t\t\t\t\t\t\t\t\t\t\t\t\t\t<img fetchpriority=\"high\" decoding=\"async\" width=\"2240\" height=\"2560\" src=\"https:\/\/branding2health.com\/cristiane\/wp-content\/uploads\/2024\/04\/Design-sem-nome-25_upscayl_4x_realesrgan-x4plus-scaled.jpg\" class=\"attachment-full size-full wp-image-3253\" alt=\"\" srcset=\"https:\/\/branding2health.com\/cristiane\/wp-content\/uploads\/2024\/04\/Design-sem-nome-25_upscayl_4x_realesrgan-x4plus-scaled.jpg 2240w, https:\/\/branding2health.com\/cristiane\/wp-content\/uploads\/2024\/04\/Design-sem-nome-25_upscayl_4x_realesrgan-x4plus-263x300.jpg 263w, https:\/\/branding2health.com\/cristiane\/wp-content\/uploads\/2024\/04\/Design-sem-nome-25_upscayl_4x_realesrgan-x4plus-896x1024.jpg 896w, https:\/\/branding2health.com\/cristiane\/wp-content\/uploads\/2024\/04\/Design-sem-nome-25_upscayl_4x_realesrgan-x4plus-768x878.jpg 768w, https:\/\/branding2health.com\/cristiane\/wp-content\/uploads\/2024\/04\/Design-sem-nome-25_upscayl_4x_realesrgan-x4plus-1344x1536.jpg 1344w, https:\/\/branding2health.com\/cristiane\/wp-content\/uploads\/2024\/04\/Design-sem-nome-25_upscayl_4x_realesrgan-x4plus-1792x2048.jpg 1792w\" sizes=\"(max-width: 2240px) 100vw, 2240px\" \/>\t\t\t\t\t\t\t\t\t\t\t\t\t\t\t<\/div>\n\t\t\t\t<\/div>\n\t\t\t\t<div class=\"elementor-element elementor-element-a306401 elementor-align-center elementor-hidden-desktop elementor-hidden-tablet exad-sticky-section-no exad-glass-effect-no elementor-widget elementor-widget-button\" data-id=\"a306401\" data-element_type=\"widget\" data-widget_type=\"button.default\">\n\t\t\t\t<div class=\"elementor-widget-container\">\n\t\t\t\t\t\t\t\t\t<div class=\"elementor-button-wrapper\">\n\t\t\t\t\t<a class=\"elementor-button elementor-button-link elementor-size-sm\" href=\"https:\/\/wa.me\/5511910299955?text=Ol%C3%A1,%20venho%20do%20site%20da%20Dra.%20Cristiane%20Lopes,%20gostaria%20de%20agendar%20uma%20consulta%20com%20o%20procedimento%20Rinoplastia\" target=\"_blank\">\n\t\t\t\t\t\t<span class=\"elementor-button-content-wrapper\">\n\t\t\t\t\t\t<span class=\"elementor-button-icon\">\n\t\t\t\t<i aria-hidden=\"true\" class=\"fab fa-whatsapp\"><\/i>\t\t\t<\/span>\n\t\t\t\t\t\t\t\t\t<span class=\"elementor-button-text\">Agende sua consulta<\/span>\n\t\t\t\t\t<\/span>\n\t\t\t\t\t<\/a>\n\t\t\t\t<\/div>\n\t\t\t\t\t\t\t\t<\/div>\n\t\t\t\t<\/div>\n\t\t\t\t\t<\/div>\n\t\t\t\t<\/div>\n\t\t<div class=\"elementor-element elementor-element-5ccae2f e-flex e-con-boxed e-con e-child\" data-id=\"5ccae2f\" data-element_type=\"container\">\n\t\t\t\t\t<div class=\"e-con-inner\">\n\t\t<div class=\"elementor-element elementor-element-086a0de e-flex e-con-boxed e-con e-child\" data-id=\"086a0de\" data-element_type=\"container\" data-settings=\"{&quot;background_background&quot;:&quot;classic&quot;}\">\n\t\t\t\t\t<div class=\"e-con-inner\">\n\t\t\t\t<div class=\"elementor-element elementor-element-5c16861 exad-sticky-section-no exad-glass-effect-no elementor-widget elementor-widget-image\" data-id=\"5c16861\" data-element_type=\"widget\" data-widget_type=\"image.default\">\n\t\t\t\t<div class=\"elementor-widget-container\">\n\t\t\t\t\t\t\t\t\t\t\t\t\t\t\t<img decoding=\"async\" width=\"1080\" height=\"1080\" src=\"https:\/\/branding2health.com\/cristiane\/wp-content\/uploads\/2023\/10\/Rinoplastia.png\" class=\"attachment-full size-full wp-image-1666\" alt=\"Dra.Cristiane Lopes Rinoplastia\" srcset=\"https:\/\/branding2health.com\/cristiane\/wp-content\/uploads\/2023\/10\/Rinoplastia.png 1080w, https:\/\/branding2health.com\/cristiane\/wp-content\/uploads\/2023\/10\/Rinoplastia-300x300.png 300w, https:\/\/branding2health.com\/cristiane\/wp-content\/uploads\/2023\/10\/Rinoplastia-1024x1024.png 1024w, https:\/\/branding2health.com\/cristiane\/wp-content\/uploads\/2023\/10\/Rinoplastia-150x150.png 150w, https:\/\/branding2health.com\/cristiane\/wp-content\/uploads\/2023\/10\/Rinoplastia-768x768.png 768w\" sizes=\"(max-width: 1080px) 100vw, 1080px\" \/>\t\t\t\t\t\t\t\t\t\t\t\t\t\t\t<\/div>\n\t\t\t\t<\/div>\n\t\t\t\t\t<\/div>\n\t\t\t\t<\/div>\n\t\t<div class=\"elementor-element elementor-element-e55a576 e-flex e-con-boxed e-con e-child\" data-id=\"e55a576\" data-element_type=\"container\">\n\t\t\t\t\t<div class=\"e-con-inner\">\n\t\t\t\t<div class=\"elementor-element elementor-element-4a50c9e exad-sticky-section-no exad-glass-effect-no elementor-widget elementor-widget-text-editor\" data-id=\"4a50c9e\" data-element_type=\"widget\" data-widget_type=\"text-editor.default\">\n\t\t\t\t<div class=\"elementor-widget-container\">\n\t\t\t\t\t\t\t\t\t<p>A <strong>Rinoplastia<\/strong>, conhecida como cirurgia de nariz, visa remodelar e redefinir o nariz. \u00c9 uma das cirurgias pl\u00e1sticas mais populares e vers\u00e1teis, realizada para melhorar a est\u00e9tica do nariz ou corrigir problemas funcionais, como desvios de septo.<\/p><p>Pode ser realizada para alterar o tamanho, a forma e a propor\u00e7\u00e3o do nariz em rela\u00e7\u00e3o ao rosto, incluindo corrigir irregularidades no dorso nasal, largura das narinas, ponta do nariz e \u00e2ngulos nasais, resultando em um perfil facial mais equilibrado e harmonioso. Pode tamb\u00e9m corrigir imperfei\u00e7\u00f5es decorrentes de les\u00f5es ou traumas.<\/p><p>Em termos funcionais, a rinoplastia pode focar na melhoria da fun\u00e7\u00e3o respirat\u00f3ria. Isso \u00e9 comum em casos de desvio de septo, congest\u00e3o nasal cr\u00f4nica ou outros problemas que afetam a capacidade de respira\u00e7\u00e3o do paciente.<\/p>\t\t\t\t\t\t\t\t<\/div>\n\t\t\t\t<\/div>\n\t\t\t\t<div class=\"elementor-element elementor-element-9788667 elementor-align-center elementor-hidden-mobile exad-sticky-section-no exad-glass-effect-no elementor-widget elementor-widget-button\" data-id=\"9788667\" data-element_type=\"widget\" data-widget_type=\"button.default\">\n\t\t\t\t<div class=\"elementor-widget-container\">\n\t\t\t\t\t\t\t\t\t<div class=\"elementor-button-wrapper\">\n\t\t\t\t\t<a class=\"elementor-button elementor-button-link elementor-size-sm\" href=\"https:\/\/wa.me\/5511910299955?text=Ol%C3%A1,%20venho%20do%20site%20da%20Dra.%20Cristiane%20Lopes,%20gostaria%20de%20agendar%20uma%20consulta%20com%20o%20procedimento%20Rinoplastia\" target=\"_blank\">\n\t\t\t\t\t\t<span class=\"elementor-button-content-wrapper\">\n\t\t\t\t\t\t<span class=\"elementor-button-icon\">\n\t\t\t\t<i aria-hidden=\"true\" class=\"fab fa-whatsapp\"><\/i>\t\t\t<\/span>\n\t\t\t\t\t\t\t\t\t<span class=\"elementor-button-text\">Agende sua consulta<\/span>\n\t\t\t\t\t<\/span>\n\t\t\t\t\t<\/a>\n\t\t\t\t<\/div>\n\t\t\t\t\t\t\t\t<\/div>\n\t\t\t\t<\/div>\n\t\t\t\t\t<\/div>\n\t\t\t\t<\/div>\n\t\t\t\t\t<\/div>\n\t\t\t\t<\/div>\n\t\t\t\t\t<\/div>\n\t\t\t\t<\/div>\n\t\t\t\t<\/div>\n\t\t","protected":false},"excerpt":{"rendered":"<p>Voltar Rinoplastia Agende sua consulta A Rinoplastia, conhecida como cirurgia de nariz, visa remodelar e redefinir o nariz. \u00c9 uma das cirurgias pl\u00e1sticas mais populares e vers\u00e1teis, realizada para melhorar a est\u00e9tica do nariz ou corrigir problemas funcionais, como desvios de septo. Pode ser realizada para alterar o tamanho, a forma e a propor\u00e7\u00e3o do [&hellip;]<\/p>\n","protected":false},"author":1,"featured_media":0,"parent":0,"menu_order":0,"comment_status":"closed","ping_status":"closed","template":"elementor_header_footer","meta":{"footnotes":""},"class_list":["post-2463","page","type-page","status-publish","hentry"],"_links":{"self":[{"href":"https:\/\/branding2health.com\/cristiane\/wp-json\/wp\/v2\/pages\/2463","targetHints":{"allow":["GET"]}}],"collection":[{"href":"https:\/\/branding2health.com\/cristiane\/wp-json\/wp\/v2\/pages"}],"about":[{"href":"https:\/\/branding2health.com\/cristiane\/wp-json\/wp\/v2\/types\/page"}],"author":[{"embeddable":true,"href":"https:\/\/branding2health.com\/cristiane\/wp-json\/wp\/v2\/users\/1"}],"replies":[{"embeddable":true,"href":"https:\/\/branding2health.com\/cristiane\/wp-json\/wp\/v2\/comments?post=2463"}],"version-history":[{"count":22,"href":"https:\/\/branding2health.com\/cristiane\/wp-json\/wp\/v2\/pages\/2463\/revisions"}],"predecessor-version":[{"id":3287,"href":"https:\/\/branding2health.com\/cristiane\/wp-json\/wp\/v2\/pages\/2463\/revisions\/3287"}],"wp:attachment":[{"href":"https:\/\/branding2health.com\/cristiane\/wp-json\/wp\/v2\/media?parent=2463"}],"curies":[{"name":"wp","href":"https:\/\/api.w.org\/{rel}","templated":true}]}}