{"id":2461,"date":"2024-03-30T20:34:19","date_gmt":"2024-03-30T23:34:19","guid":{"rendered":"https:\/\/branding2health.com\/cristiane\/?page_id=2461"},"modified":"2024-04-15T22:50:15","modified_gmt":"2024-04-16T01:50:15","slug":"rejuvenescimento-facial","status":"publish","type":"page","link":"https:\/\/branding2health.com\/cristiane\/rejuvenescimento-facial\/","title":{"rendered":"Rejuvenescimento Facial"},"content":{"rendered":"\t\t<div data-elementor-type=\"wp-page\" data-elementor-id=\"2461\" class=\"elementor elementor-2461\" data-elementor-post-type=\"page\">\n\t\t\t\t<div class=\"elementor-element elementor-element-7a77164 e-flex e-con-boxed e-con e-parent\" data-id=\"7a77164\" data-element_type=\"container\">\n\t\t\t\t\t<div class=\"e-con-inner\">\n\t\t\t\t<div class=\"elementor-element elementor-element-a20c769 elementor-view-default exad-sticky-section-no exad-glass-effect-no elementor-widget elementor-widget-icon\" data-id=\"a20c769\" data-element_type=\"widget\" data-widget_type=\"icon.default\">\n\t\t\t\t<div class=\"elementor-widget-container\">\n\t\t\t\t\t\t\t<div class=\"elementor-icon-wrapper\">\n\t\t\t<a class=\"elementor-icon\" href=\"https:\/\/branding2health.com\/cristiane\/procedimentos\/\">\n\t\t\t<i aria-hidden=\"true\" class=\"fas fa-arrow-circle-left\"><\/i>\t\t\t<\/a>\n\t\t<\/div>\n\t\t\t\t\t\t<\/div>\n\t\t\t\t<\/div>\n\t\t\t\t<div class=\"elementor-element elementor-element-6311c37 exad-sticky-section-no exad-glass-effect-no elementor-widget elementor-widget-heading\" data-id=\"6311c37\" data-element_type=\"widget\" data-widget_type=\"heading.default\">\n\t\t\t\t<div class=\"elementor-widget-container\">\n\t\t\t\t\t<h2 class=\"elementor-heading-title elementor-size-default\"><a href=\"https:\/\/branding2health.com\/cristiane\/procedimentos\/\">Voltar<\/a><\/h2>\t\t\t\t<\/div>\n\t\t\t\t<\/div>\n\t\t\t\t\t<\/div>\n\t\t\t\t<\/div>\n\t\t<div class=\"elementor-element elementor-element-c3071b5 e-flex e-con-boxed e-con e-parent\" data-id=\"c3071b5\" data-element_type=\"container\">\n\t\t\t\t\t<div class=\"e-con-inner\">\n\t\t\t\t<div class=\"elementor-element elementor-element-bd2e441 exad-sticky-section-no exad-glass-effect-no elementor-widget elementor-widget-heading\" data-id=\"bd2e441\" data-element_type=\"widget\" data-widget_type=\"heading.default\">\n\t\t\t\t<div class=\"elementor-widget-container\">\n\t\t\t\t\t<h2 class=\"elementor-heading-title elementor-size-default\">Rejuvenescimento Facial<\/h2>\t\t\t\t<\/div>\n\t\t\t\t<\/div>\n\t\t\t\t\t<\/div>\n\t\t\t\t<\/div>\n\t\t<div class=\"elementor-element elementor-element-cc02d4d e-flex e-con-boxed e-con e-parent\" data-id=\"cc02d4d\" data-element_type=\"container\">\n\t\t\t\t\t<div class=\"e-con-inner\">\n\t\t<div class=\"elementor-element elementor-element-e512426 e-flex e-con-boxed e-con e-child\" data-id=\"e512426\" data-element_type=\"container\">\n\t\t\t\t\t<div class=\"e-con-inner\">\n\t\t\t\t<div class=\"elementor-element elementor-element-4a0a74c exad-sticky-section-no exad-glass-effect-no elementor-widget elementor-widget-image\" data-id=\"4a0a74c\" data-element_type=\"widget\" data-widget_type=\"image.default\">\n\t\t\t\t<div class=\"elementor-widget-container\">\n\t\t\t\t\t\t\t\t\t\t\t\t\t\t\t<img fetchpriority=\"high\" decoding=\"async\" width=\"700\" height=\"800\" src=\"https:\/\/branding2health.com\/cristiane\/wp-content\/uploads\/2024\/04\/Design-sem-nome-24.jpg\" class=\"attachment-full size-full wp-image-3246\" alt=\"\" srcset=\"https:\/\/branding2health.com\/cristiane\/wp-content\/uploads\/2024\/04\/Design-sem-nome-24.jpg 700w, https:\/\/branding2health.com\/cristiane\/wp-content\/uploads\/2024\/04\/Design-sem-nome-24-263x300.jpg 263w\" sizes=\"(max-width: 700px) 100vw, 700px\" \/>\t\t\t\t\t\t\t\t\t\t\t\t\t\t\t<\/div>\n\t\t\t\t<\/div>\n\t\t\t\t<div class=\"elementor-element elementor-element-6e74e18 elementor-align-center elementor-hidden-desktop elementor-hidden-tablet exad-sticky-section-no exad-glass-effect-no elementor-widget elementor-widget-button\" data-id=\"6e74e18\" data-element_type=\"widget\" data-widget_type=\"button.default\">\n\t\t\t\t<div class=\"elementor-widget-container\">\n\t\t\t\t\t\t\t\t\t<div class=\"elementor-button-wrapper\">\n\t\t\t\t\t<a class=\"elementor-button elementor-button-link elementor-size-sm\" href=\"https:\/\/wa.me\/5511910299955?text=Ol%C3%A1,%20venho%20do%20site%20da%20Dra.%20Cristiane%20Lopes,%20gostaria%20de%20agendar%20uma%20consulta%20com%20o%20procedimento%20Rejuvenescimento%20Facial\" target=\"_blank\">\n\t\t\t\t\t\t<span class=\"elementor-button-content-wrapper\">\n\t\t\t\t\t\t<span class=\"elementor-button-icon\">\n\t\t\t\t<i aria-hidden=\"true\" class=\"fab fa-whatsapp\"><\/i>\t\t\t<\/span>\n\t\t\t\t\t\t\t\t\t<span class=\"elementor-button-text\">Agende sua consulta<\/span>\n\t\t\t\t\t<\/span>\n\t\t\t\t\t<\/a>\n\t\t\t\t<\/div>\n\t\t\t\t\t\t\t\t<\/div>\n\t\t\t\t<\/div>\n\t\t\t\t\t<\/div>\n\t\t\t\t<\/div>\n\t\t<div class=\"elementor-element elementor-element-b3b2352 e-flex e-con-boxed e-con e-child\" data-id=\"b3b2352\" data-element_type=\"container\">\n\t\t\t\t\t<div class=\"e-con-inner\">\n\t\t<div class=\"elementor-element elementor-element-9db9d68 e-flex e-con-boxed e-con e-child\" data-id=\"9db9d68\" data-element_type=\"container\" data-settings=\"{&quot;background_background&quot;:&quot;classic&quot;}\">\n\t\t\t\t\t<div class=\"e-con-inner\">\n\t\t\t\t<div class=\"elementor-element elementor-element-e85e338 exad-sticky-section-no exad-glass-effect-no elementor-widget elementor-widget-image\" data-id=\"e85e338\" data-element_type=\"widget\" data-widget_type=\"image.default\">\n\t\t\t\t<div class=\"elementor-widget-container\">\n\t\t\t\t\t\t\t\t\t\t\t\t\t\t\t<img decoding=\"async\" width=\"1080\" height=\"1080\" src=\"https:\/\/branding2health.com\/cristiane\/wp-content\/uploads\/2023\/10\/Dra.-Cristiane-Lopes-Envelhecimento-Facial.png\" class=\"attachment-full size-full wp-image-1199\" alt=\"Dra. Cristiane Lopes -Envelhecimento Facial\" srcset=\"https:\/\/branding2health.com\/cristiane\/wp-content\/uploads\/2023\/10\/Dra.-Cristiane-Lopes-Envelhecimento-Facial.png 1080w, https:\/\/branding2health.com\/cristiane\/wp-content\/uploads\/2023\/10\/Dra.-Cristiane-Lopes-Envelhecimento-Facial-300x300.png 300w, https:\/\/branding2health.com\/cristiane\/wp-content\/uploads\/2023\/10\/Dra.-Cristiane-Lopes-Envelhecimento-Facial-1024x1024.png 1024w, https:\/\/branding2health.com\/cristiane\/wp-content\/uploads\/2023\/10\/Dra.-Cristiane-Lopes-Envelhecimento-Facial-150x150.png 150w, https:\/\/branding2health.com\/cristiane\/wp-content\/uploads\/2023\/10\/Dra.-Cristiane-Lopes-Envelhecimento-Facial-768x768.png 768w\" sizes=\"(max-width: 1080px) 100vw, 1080px\" \/>\t\t\t\t\t\t\t\t\t\t\t\t\t\t\t<\/div>\n\t\t\t\t<\/div>\n\t\t\t\t\t<\/div>\n\t\t\t\t<\/div>\n\t\t<div class=\"elementor-element elementor-element-ebf7433 e-flex e-con-boxed e-con e-child\" data-id=\"ebf7433\" data-element_type=\"container\">\n\t\t\t\t\t<div class=\"e-con-inner\">\n\t\t\t\t<div class=\"elementor-element elementor-element-ba9f957 exad-sticky-section-no exad-glass-effect-no elementor-widget elementor-widget-text-editor\" data-id=\"ba9f957\" data-element_type=\"widget\" data-widget_type=\"text-editor.default\">\n\t\t\t\t<div class=\"elementor-widget-container\">\n\t\t\t\t\t\t\t\t\t<p>O <strong>Envelhecimento Facial<\/strong> \u00e9 um processo natural que todos enfrentamos, mas a boa not\u00edcia \u00e9 que existem maneiras eficazes de lidar com ele.<\/p><p>Cada pessoa \u00e9 \u00fanica, e os tratamentos de revitaliza\u00e7\u00e3o facial s\u00e3o personalizados para atender \u00e0s necessidades espec\u00edficas de cada paciente, garantindo resultados naturais e harmoniosos.<\/p><p>Pacientes que apresentam a queda das sobrancelhas podem ser beneficiados pelo lifting de ter\u00e7o superior, que \u00e9 um procedimento que, por meio de duas cicatrizes de 5 mm, dentro do couro cabeludo, permite a suspens\u00e3o das sobrancelhas, tanto da regi\u00e3o do meio das sobrancelhas, como a sua cauda.<\/p><p>Pacientes com as bochechas ca\u00eddas (conhecida como buldogue), sulcos da face marcados (como bigode chin\u00eas), podem se beneficiar do facelift, que \u00e9 a ritidoplastia ou cirurgia para corre\u00e7\u00e3o da flacidez da face. Nesta cirurgia, reposicionamos os tecidos profundos da face, de maneira que suavizamos esses sulcos e elevamos as partes que est\u00e3o ca\u00eddas. A pele \u00e9 tratada com muito cuidado para n\u00e3o dar a sensa\u00e7\u00e3o de estar esticada demais.<\/p><p>Pacientes com flacidez na regi\u00e3o do pesco\u00e7o, como a papada, podem se beneficiar tanto da lipoaspira\u00e7\u00e3o desta regi\u00e3o, como do tratamento profundo do pesco\u00e7o, que \u00e9 o necklift. Neste procedimento, tratamos gordura, m\u00fasculos e gl\u00e2ndulas do pesco\u00e7o, que fazem com que esta regi\u00e3o fique mais ca\u00edda. Este tratamento de dentro para fora permite resultados mais naturais, elegantes e duradouros.<\/p><p>\u00c9 muito comum associarmos esses procedimentos acima com a blefaroplastia e com a lipoenxertia de face, o que permite um tratamento global da face. A lipoenxertia permite que se recupere o volume perdido em \u00e1reas como as ma\u00e7\u00e3s do rosto e regi\u00e3o temporal.<\/p><p>Al\u00e9m disso, o laser de CO2 tamb\u00e9m pode ser usado para o rejuvenescimento da pele, devolvendo o brilho, reduzindo rugas finas, melhorando a qualidade da pele, a produ\u00e7\u00e3o de col\u00e1geno e diminuindo manchas e poros.<\/p><p>Esses procedimentos podem ser realizados em conjunto ou separadamente, dependendo de cada caso e do desejo de cada paciente. A recupera\u00e7\u00e3o \u00e9 pouco dolorosa e permite uma retomada de atividades di\u00e1rias em geral em 14 dias.<\/p>\t\t\t\t\t\t\t\t<\/div>\n\t\t\t\t<\/div>\n\t\t\t\t<div class=\"elementor-element elementor-element-941cc18 elementor-align-center elementor-hidden-mobile exad-sticky-section-no exad-glass-effect-no elementor-widget elementor-widget-button\" data-id=\"941cc18\" data-element_type=\"widget\" data-widget_type=\"button.default\">\n\t\t\t\t<div class=\"elementor-widget-container\">\n\t\t\t\t\t\t\t\t\t<div class=\"elementor-button-wrapper\">\n\t\t\t\t\t<a class=\"elementor-button elementor-button-link elementor-size-sm\" href=\"https:\/\/wa.me\/5511910299955?text=Ol%C3%A1,%20venho%20do%20site%20da%20Dra.%20Cristiane%20Lopes,%20gostaria%20de%20agendar%20uma%20consulta%20com%20o%20procedimento%20Rejuvenescimento%20Facial\" target=\"_blank\">\n\t\t\t\t\t\t<span class=\"elementor-button-content-wrapper\">\n\t\t\t\t\t\t<span class=\"elementor-button-icon\">\n\t\t\t\t<i aria-hidden=\"true\" class=\"fab fa-whatsapp\"><\/i>\t\t\t<\/span>\n\t\t\t\t\t\t\t\t\t<span class=\"elementor-button-text\">Agende sua consulta<\/span>\n\t\t\t\t\t<\/span>\n\t\t\t\t\t<\/a>\n\t\t\t\t<\/div>\n\t\t\t\t\t\t\t\t<\/div>\n\t\t\t\t<\/div>\n\t\t\t\t\t<\/div>\n\t\t\t\t<\/div>\n\t\t\t\t\t<\/div>\n\t\t\t\t<\/div>\n\t\t\t\t\t<\/div>\n\t\t\t\t<\/div>\n\t\t\t\t<\/div>\n\t\t","protected":false},"excerpt":{"rendered":"<p>Voltar Rejuvenescimento Facial Agende sua consulta O Envelhecimento Facial \u00e9 um processo natural que todos enfrentamos, mas a boa not\u00edcia \u00e9 que existem maneiras eficazes de lidar com ele. Cada pessoa \u00e9 \u00fanica, e os tratamentos de revitaliza\u00e7\u00e3o facial s\u00e3o personalizados para atender \u00e0s necessidades espec\u00edficas de cada paciente, garantindo resultados naturais e harmoniosos. Pacientes [&hellip;]<\/p>\n","protected":false},"author":1,"featured_media":0,"parent":0,"menu_order":0,"comment_status":"closed","ping_status":"closed","template":"elementor_header_footer","meta":{"footnotes":""},"class_list":["post-2461","page","type-page","status-publish","hentry"],"_links":{"self":[{"href":"https:\/\/branding2health.com\/cristiane\/wp-json\/wp\/v2\/pages\/2461","targetHints":{"allow":["GET"]}}],"collection":[{"href":"https:\/\/branding2health.com\/cristiane\/wp-json\/wp\/v2\/pages"}],"about":[{"href":"https:\/\/branding2health.com\/cristiane\/wp-json\/wp\/v2\/types\/page"}],"author":[{"embeddable":true,"href":"https:\/\/branding2health.com\/cristiane\/wp-json\/wp\/v2\/users\/1"}],"replies":[{"embeddable":true,"href":"https:\/\/branding2health.com\/cristiane\/wp-json\/wp\/v2\/comments?post=2461"}],"version-history":[{"count":38,"href":"https:\/\/branding2health.com\/cristiane\/wp-json\/wp\/v2\/pages\/2461\/revisions"}],"predecessor-version":[{"id":3575,"href":"https:\/\/branding2health.com\/cristiane\/wp-json\/wp\/v2\/pages\/2461\/revisions\/3575"}],"wp:attachment":[{"href":"https:\/\/branding2health.com\/cristiane\/wp-json\/wp\/v2\/media?parent=2461"}],"curies":[{"name":"wp","href":"https:\/\/api.w.org\/{rel}","templated":true}]}}