{"id":2457,"date":"2024-03-30T20:33:40","date_gmt":"2024-03-30T23:33:40","guid":{"rendered":"https:\/\/branding2health.com\/cristiane\/?page_id=2457"},"modified":"2024-04-11T16:02:02","modified_gmt":"2024-04-11T19:02:02","slug":"enxerto-de-gordura","status":"publish","type":"page","link":"https:\/\/branding2health.com\/cristiane\/enxerto-de-gordura\/","title":{"rendered":"Enxerto de Gordura"},"content":{"rendered":"\t\t<div data-elementor-type=\"wp-page\" data-elementor-id=\"2457\" class=\"elementor elementor-2457\" data-elementor-post-type=\"page\">\n\t\t\t\t<div class=\"elementor-element elementor-element-5eabbc8 e-flex e-con-boxed e-con e-parent\" data-id=\"5eabbc8\" data-element_type=\"container\">\n\t\t\t\t\t<div class=\"e-con-inner\">\n\t\t\t\t<div class=\"elementor-element elementor-element-ccf77eb elementor-view-default exad-sticky-section-no exad-glass-effect-no elementor-widget elementor-widget-icon\" data-id=\"ccf77eb\" data-element_type=\"widget\" data-widget_type=\"icon.default\">\n\t\t\t\t<div class=\"elementor-widget-container\">\n\t\t\t\t\t\t\t<div class=\"elementor-icon-wrapper\">\n\t\t\t<a class=\"elementor-icon\" href=\"https:\/\/branding2health.com\/cristiane\/procedimentos\/\">\n\t\t\t<i aria-hidden=\"true\" class=\"fas fa-arrow-circle-left\"><\/i>\t\t\t<\/a>\n\t\t<\/div>\n\t\t\t\t\t\t<\/div>\n\t\t\t\t<\/div>\n\t\t\t\t<div class=\"elementor-element elementor-element-ef0c6ef exad-sticky-section-no exad-glass-effect-no elementor-widget elementor-widget-heading\" data-id=\"ef0c6ef\" data-element_type=\"widget\" data-widget_type=\"heading.default\">\n\t\t\t\t<div class=\"elementor-widget-container\">\n\t\t\t\t\t<h2 class=\"elementor-heading-title elementor-size-default\"><a href=\"https:\/\/branding2health.com\/cristiane\/procedimentos\/\">Voltar<\/a><\/h2>\t\t\t\t<\/div>\n\t\t\t\t<\/div>\n\t\t\t\t\t<\/div>\n\t\t\t\t<\/div>\n\t\t<div class=\"elementor-element elementor-element-05ca75d e-flex e-con-boxed e-con e-parent\" data-id=\"05ca75d\" data-element_type=\"container\">\n\t\t\t\t\t<div class=\"e-con-inner\">\n\t\t\t\t<div class=\"elementor-element elementor-element-1370710 exad-sticky-section-no exad-glass-effect-no elementor-widget elementor-widget-heading\" data-id=\"1370710\" data-element_type=\"widget\" data-widget_type=\"heading.default\">\n\t\t\t\t<div class=\"elementor-widget-container\">\n\t\t\t\t\t<h2 class=\"elementor-heading-title elementor-size-default\">Enxerto de Gordura<\/h2>\t\t\t\t<\/div>\n\t\t\t\t<\/div>\n\t\t\t\t\t<\/div>\n\t\t\t\t<\/div>\n\t\t<div class=\"elementor-element elementor-element-a3a5df9 e-flex e-con-boxed e-con e-parent\" data-id=\"a3a5df9\" data-element_type=\"container\">\n\t\t\t\t\t<div class=\"e-con-inner\">\n\t\t<div class=\"elementor-element elementor-element-1b9f5f8 e-flex e-con-boxed e-con e-child\" data-id=\"1b9f5f8\" data-element_type=\"container\">\n\t\t\t\t\t<div class=\"e-con-inner\">\n\t\t\t\t<div class=\"elementor-element elementor-element-607003b exad-sticky-section-no exad-glass-effect-no elementor-widget elementor-widget-image\" data-id=\"607003b\" data-element_type=\"widget\" data-widget_type=\"image.default\">\n\t\t\t\t<div class=\"elementor-widget-container\">\n\t\t\t\t\t\t\t\t\t\t\t\t\t\t\t<img fetchpriority=\"high\" decoding=\"async\" width=\"700\" height=\"800\" src=\"https:\/\/branding2health.com\/cristiane\/wp-content\/uploads\/2024\/03\/Enxerto-de-Gordura.jpg\" class=\"attachment-full size-full wp-image-2587\" alt=\"\" srcset=\"https:\/\/branding2health.com\/cristiane\/wp-content\/uploads\/2024\/03\/Enxerto-de-Gordura.jpg 700w, https:\/\/branding2health.com\/cristiane\/wp-content\/uploads\/2024\/03\/Enxerto-de-Gordura-263x300.jpg 263w\" sizes=\"(max-width: 700px) 100vw, 700px\" \/>\t\t\t\t\t\t\t\t\t\t\t\t\t\t\t<\/div>\n\t\t\t\t<\/div>\n\t\t\t\t<div class=\"elementor-element elementor-element-00fd88f elementor-align-center elementor-hidden-desktop elementor-hidden-tablet exad-sticky-section-no exad-glass-effect-no elementor-widget elementor-widget-button\" data-id=\"00fd88f\" data-element_type=\"widget\" data-widget_type=\"button.default\">\n\t\t\t\t<div class=\"elementor-widget-container\">\n\t\t\t\t\t\t\t\t\t<div class=\"elementor-button-wrapper\">\n\t\t\t\t\t<a class=\"elementor-button elementor-button-link elementor-size-sm\" href=\"https:\/\/wa.me\/5511910299955?text=Ol%C3%A1,%20venho%20do%20site%20da%20Dra.%20Cristiane%20Lopes,%20gostaria%20de%20agendar%20uma%20consulta%20com%20o%20procedimento%20Enxerto%20de%20Gordura\" target=\"_blank\">\n\t\t\t\t\t\t<span class=\"elementor-button-content-wrapper\">\n\t\t\t\t\t\t<span class=\"elementor-button-icon\">\n\t\t\t\t<i aria-hidden=\"true\" class=\"fab fa-whatsapp\"><\/i>\t\t\t<\/span>\n\t\t\t\t\t\t\t\t\t<span class=\"elementor-button-text\">Agende sua consulta<\/span>\n\t\t\t\t\t<\/span>\n\t\t\t\t\t<\/a>\n\t\t\t\t<\/div>\n\t\t\t\t\t\t\t\t<\/div>\n\t\t\t\t<\/div>\n\t\t\t\t\t<\/div>\n\t\t\t\t<\/div>\n\t\t<div class=\"elementor-element elementor-element-285cbc9 e-flex e-con-boxed e-con e-child\" data-id=\"285cbc9\" data-element_type=\"container\">\n\t\t\t\t\t<div class=\"e-con-inner\">\n\t\t<div class=\"elementor-element elementor-element-0774165 e-flex e-con-boxed e-con e-child\" data-id=\"0774165\" data-element_type=\"container\" data-settings=\"{&quot;background_background&quot;:&quot;classic&quot;}\">\n\t\t\t\t\t<div class=\"e-con-inner\">\n\t\t\t\t<div class=\"elementor-element elementor-element-6fc3988 exad-sticky-section-no exad-glass-effect-no elementor-widget elementor-widget-image\" data-id=\"6fc3988\" data-element_type=\"widget\" data-widget_type=\"image.default\">\n\t\t\t\t<div class=\"elementor-widget-container\">\n\t\t\t\t\t\t\t\t\t\t\t\t\t\t\t<img decoding=\"async\" width=\"1080\" height=\"1080\" src=\"https:\/\/branding2health.com\/cristiane\/wp-content\/uploads\/2023\/10\/Exerto-de-gordura.png\" class=\"attachment-full size-full wp-image-1784\" alt=\"\" srcset=\"https:\/\/branding2health.com\/cristiane\/wp-content\/uploads\/2023\/10\/Exerto-de-gordura.png 1080w, https:\/\/branding2health.com\/cristiane\/wp-content\/uploads\/2023\/10\/Exerto-de-gordura-300x300.png 300w, https:\/\/branding2health.com\/cristiane\/wp-content\/uploads\/2023\/10\/Exerto-de-gordura-1024x1024.png 1024w, https:\/\/branding2health.com\/cristiane\/wp-content\/uploads\/2023\/10\/Exerto-de-gordura-150x150.png 150w, https:\/\/branding2health.com\/cristiane\/wp-content\/uploads\/2023\/10\/Exerto-de-gordura-768x768.png 768w\" sizes=\"(max-width: 1080px) 100vw, 1080px\" \/>\t\t\t\t\t\t\t\t\t\t\t\t\t\t\t<\/div>\n\t\t\t\t<\/div>\n\t\t\t\t\t<\/div>\n\t\t\t\t<\/div>\n\t\t<div class=\"elementor-element elementor-element-b9c87da e-flex e-con-boxed e-con e-child\" data-id=\"b9c87da\" data-element_type=\"container\">\n\t\t\t\t\t<div class=\"e-con-inner\">\n\t\t\t\t<div class=\"elementor-element elementor-element-6888217 exad-sticky-section-no exad-glass-effect-no elementor-widget elementor-widget-text-editor\" data-id=\"6888217\" data-element_type=\"widget\" data-widget_type=\"text-editor.default\">\n\t\t\t\t<div class=\"elementor-widget-container\">\n\t\t\t\t\t\t\t\t\t<p>O\u00a0<strong>Enxerto de Gordura<\/strong>\u00a0nos M\u00fasculos, tamb\u00e9m conhecido como UGraft, \u00e9 uma t\u00e9cnica avan\u00e7ada que combina a lipoaspira\u00e7\u00e3o de alta defini\u00e7\u00e3o com a aplica\u00e7\u00e3o estrat\u00e9gica de gordura para real\u00e7ar os grupos musculares desejados, como os retos abdominais, obl\u00edquos e m\u00fasculos dos bra\u00e7os.<\/p><p>Essa abordagem permite uma lipoaspira\u00e7\u00e3o extremamente definida e \u00e9 ideal para pacientes que j\u00e1 alcan\u00e7aram o peso ideal e desejam destacar suas caracter\u00edsticas musculares.<\/p><p>A t\u00e9cnica \u00e9 uma op\u00e7\u00e3o eficaz para criar contornos mais definidos e sim\u00e9tricos.<\/p>\t\t\t\t\t\t\t\t<\/div>\n\t\t\t\t<\/div>\n\t\t\t\t<div class=\"elementor-element elementor-element-18abdb4 exad-sticky-section-no exad-glass-effect-no elementor-widget elementor-widget-spacer\" data-id=\"18abdb4\" data-element_type=\"widget\" data-widget_type=\"spacer.default\">\n\t\t\t\t<div class=\"elementor-widget-container\">\n\t\t\t\t\t\t\t<div class=\"elementor-spacer\">\n\t\t\t<div class=\"elementor-spacer-inner\"><\/div>\n\t\t<\/div>\n\t\t\t\t\t\t<\/div>\n\t\t\t\t<\/div>\n\t\t\t\t<div class=\"elementor-element elementor-element-68f7817 elementor-align-center elementor-hidden-mobile exad-sticky-section-no exad-glass-effect-no elementor-widget elementor-widget-button\" data-id=\"68f7817\" data-element_type=\"widget\" data-widget_type=\"button.default\">\n\t\t\t\t<div class=\"elementor-widget-container\">\n\t\t\t\t\t\t\t\t\t<div class=\"elementor-button-wrapper\">\n\t\t\t\t\t<a class=\"elementor-button elementor-button-link elementor-size-sm\" href=\"https:\/\/wa.me\/5511910299955?text=Ol%C3%A1,%20venho%20do%20site%20da%20Dra.%20Cristiane%20Lopes,%20gostaria%20de%20agendar%20uma%20consulta%20com%20o%20procedimento%20Enxerto%20de%20Gordura\" target=\"_blank\">\n\t\t\t\t\t\t<span class=\"elementor-button-content-wrapper\">\n\t\t\t\t\t\t<span class=\"elementor-button-icon\">\n\t\t\t\t<i aria-hidden=\"true\" class=\"fab fa-whatsapp\"><\/i>\t\t\t<\/span>\n\t\t\t\t\t\t\t\t\t<span class=\"elementor-button-text\">Agende sua consulta<\/span>\n\t\t\t\t\t<\/span>\n\t\t\t\t\t<\/a>\n\t\t\t\t<\/div>\n\t\t\t\t\t\t\t\t<\/div>\n\t\t\t\t<\/div>\n\t\t\t\t\t<\/div>\n\t\t\t\t<\/div>\n\t\t\t\t\t<\/div>\n\t\t\t\t<\/div>\n\t\t\t\t\t<\/div>\n\t\t\t\t<\/div>\n\t\t\t\t<\/div>\n\t\t","protected":false},"excerpt":{"rendered":"<p>Voltar Enxerto de Gordura Agende sua consulta O\u00a0Enxerto de Gordura\u00a0nos M\u00fasculos, tamb\u00e9m conhecido como UGraft, \u00e9 uma t\u00e9cnica avan\u00e7ada que combina a lipoaspira\u00e7\u00e3o de alta defini\u00e7\u00e3o com a aplica\u00e7\u00e3o estrat\u00e9gica de gordura para real\u00e7ar os grupos musculares desejados, como os retos abdominais, obl\u00edquos e m\u00fasculos dos bra\u00e7os. Essa abordagem permite uma lipoaspira\u00e7\u00e3o extremamente definida e [&hellip;]<\/p>\n","protected":false},"author":1,"featured_media":0,"parent":0,"menu_order":0,"comment_status":"closed","ping_status":"closed","template":"elementor_header_footer","meta":{"footnotes":""},"class_list":["post-2457","page","type-page","status-publish","hentry"],"_links":{"self":[{"href":"https:\/\/branding2health.com\/cristiane\/wp-json\/wp\/v2\/pages\/2457","targetHints":{"allow":["GET"]}}],"collection":[{"href":"https:\/\/branding2health.com\/cristiane\/wp-json\/wp\/v2\/pages"}],"about":[{"href":"https:\/\/branding2health.com\/cristiane\/wp-json\/wp\/v2\/types\/page"}],"author":[{"embeddable":true,"href":"https:\/\/branding2health.com\/cristiane\/wp-json\/wp\/v2\/users\/1"}],"replies":[{"embeddable":true,"href":"https:\/\/branding2health.com\/cristiane\/wp-json\/wp\/v2\/comments?post=2457"}],"version-history":[{"count":22,"href":"https:\/\/branding2health.com\/cristiane\/wp-json\/wp\/v2\/pages\/2457\/revisions"}],"predecessor-version":[{"id":3326,"href":"https:\/\/branding2health.com\/cristiane\/wp-json\/wp\/v2\/pages\/2457\/revisions\/3326"}],"wp:attachment":[{"href":"https:\/\/branding2health.com\/cristiane\/wp-json\/wp\/v2\/media?parent=2457"}],"curies":[{"name":"wp","href":"https:\/\/api.w.org\/{rel}","templated":true}]}}