{"id":2453,"date":"2024-03-30T20:32:55","date_gmt":"2024-03-30T23:32:55","guid":{"rendered":"https:\/\/branding2health.com\/cristiane\/?page_id=2453"},"modified":"2024-04-11T16:02:32","modified_gmt":"2024-04-11T19:02:32","slug":"laser-e-renuvion","status":"publish","type":"page","link":"https:\/\/branding2health.com\/cristiane\/laser-e-renuvion\/","title":{"rendered":"Laser e Renuvion"},"content":{"rendered":"\t\t<div data-elementor-type=\"wp-page\" data-elementor-id=\"2453\" class=\"elementor elementor-2453\" data-elementor-post-type=\"page\">\n\t\t\t\t<div class=\"elementor-element elementor-element-070a5e0 e-flex e-con-boxed e-con e-parent\" data-id=\"070a5e0\" data-element_type=\"container\">\n\t\t\t\t\t<div class=\"e-con-inner\">\n\t\t\t\t<div class=\"elementor-element elementor-element-af81f46 elementor-view-default exad-sticky-section-no exad-glass-effect-no elementor-widget elementor-widget-icon\" data-id=\"af81f46\" data-element_type=\"widget\" data-widget_type=\"icon.default\">\n\t\t\t\t<div class=\"elementor-widget-container\">\n\t\t\t\t\t\t\t<div class=\"elementor-icon-wrapper\">\n\t\t\t<a class=\"elementor-icon\" href=\"https:\/\/branding2health.com\/cristiane\/procedimentos\/\">\n\t\t\t<i aria-hidden=\"true\" class=\"fas fa-arrow-circle-left\"><\/i>\t\t\t<\/a>\n\t\t<\/div>\n\t\t\t\t\t\t<\/div>\n\t\t\t\t<\/div>\n\t\t\t\t<div class=\"elementor-element elementor-element-fbd6bca exad-sticky-section-no exad-glass-effect-no elementor-widget elementor-widget-heading\" data-id=\"fbd6bca\" data-element_type=\"widget\" data-widget_type=\"heading.default\">\n\t\t\t\t<div class=\"elementor-widget-container\">\n\t\t\t\t\t<h2 class=\"elementor-heading-title elementor-size-default\"><a href=\"https:\/\/branding2health.com\/cristiane\/procedimentos\/\">Voltar<\/a><\/h2>\t\t\t\t<\/div>\n\t\t\t\t<\/div>\n\t\t\t\t\t<\/div>\n\t\t\t\t<\/div>\n\t\t<div class=\"elementor-element elementor-element-afe26ca e-flex e-con-boxed e-con e-parent\" data-id=\"afe26ca\" data-element_type=\"container\">\n\t\t\t\t\t<div class=\"e-con-inner\">\n\t\t\t\t<div class=\"elementor-element elementor-element-e924bfb exad-sticky-section-no exad-glass-effect-no elementor-widget elementor-widget-heading\" data-id=\"e924bfb\" data-element_type=\"widget\" data-widget_type=\"heading.default\">\n\t\t\t\t<div class=\"elementor-widget-container\">\n\t\t\t\t\t<h2 class=\"elementor-heading-title elementor-size-default\">Laser e Renuvion e Morpheus<\/h2>\t\t\t\t<\/div>\n\t\t\t\t<\/div>\n\t\t\t\t\t<\/div>\n\t\t\t\t<\/div>\n\t\t<div class=\"elementor-element elementor-element-7f33b8b e-flex e-con-boxed e-con e-parent\" data-id=\"7f33b8b\" data-element_type=\"container\">\n\t\t\t\t\t<div class=\"e-con-inner\">\n\t\t<div class=\"elementor-element elementor-element-500905c e-flex e-con-boxed e-con e-child\" data-id=\"500905c\" data-element_type=\"container\">\n\t\t\t\t\t<div class=\"e-con-inner\">\n\t\t\t\t<div class=\"elementor-element elementor-element-c3ca85d exad-sticky-section-no exad-glass-effect-no elementor-widget elementor-widget-image\" data-id=\"c3ca85d\" data-element_type=\"widget\" data-widget_type=\"image.default\">\n\t\t\t\t<div class=\"elementor-widget-container\">\n\t\t\t\t\t\t\t\t\t\t\t\t\t\t\t<img fetchpriority=\"high\" decoding=\"async\" width=\"700\" height=\"800\" src=\"https:\/\/branding2health.com\/cristiane\/wp-content\/uploads\/2024\/03\/Laser-e-Renuvion.jpg\" class=\"attachment-full size-full wp-image-2555\" alt=\"\" srcset=\"https:\/\/branding2health.com\/cristiane\/wp-content\/uploads\/2024\/03\/Laser-e-Renuvion.jpg 700w, https:\/\/branding2health.com\/cristiane\/wp-content\/uploads\/2024\/03\/Laser-e-Renuvion-263x300.jpg 263w\" sizes=\"(max-width: 700px) 100vw, 700px\" \/>\t\t\t\t\t\t\t\t\t\t\t\t\t\t\t<\/div>\n\t\t\t\t<\/div>\n\t\t\t\t<div class=\"elementor-element elementor-element-98e5541 elementor-align-center elementor-hidden-desktop elementor-hidden-tablet exad-sticky-section-no exad-glass-effect-no elementor-widget elementor-widget-button\" data-id=\"98e5541\" data-element_type=\"widget\" data-widget_type=\"button.default\">\n\t\t\t\t<div class=\"elementor-widget-container\">\n\t\t\t\t\t\t\t\t\t<div class=\"elementor-button-wrapper\">\n\t\t\t\t\t<a class=\"elementor-button elementor-button-link elementor-size-sm\" href=\"https:\/\/wa.me\/5511910299955?text=Ol%C3%A1,%20venho%20do%20site%20da%20Dra.%20Cristiane%20Lopes,%20gostaria%20de%20agendar%20uma%20consulta%20com%20o%20procedimento%20Laser%20e%20Renuvion\" target=\"_blank\">\n\t\t\t\t\t\t<span class=\"elementor-button-content-wrapper\">\n\t\t\t\t\t\t<span class=\"elementor-button-icon\">\n\t\t\t\t<i aria-hidden=\"true\" class=\"fab fa-whatsapp\"><\/i>\t\t\t<\/span>\n\t\t\t\t\t\t\t\t\t<span class=\"elementor-button-text\">Agende sua consulta<\/span>\n\t\t\t\t\t<\/span>\n\t\t\t\t\t<\/a>\n\t\t\t\t<\/div>\n\t\t\t\t\t\t\t\t<\/div>\n\t\t\t\t<\/div>\n\t\t\t\t\t<\/div>\n\t\t\t\t<\/div>\n\t\t<div class=\"elementor-element elementor-element-95793b9 e-flex e-con-boxed e-con e-child\" data-id=\"95793b9\" data-element_type=\"container\">\n\t\t\t\t\t<div class=\"e-con-inner\">\n\t\t<div class=\"elementor-element elementor-element-28898c4 e-flex e-con-boxed e-con e-child\" data-id=\"28898c4\" data-element_type=\"container\" data-settings=\"{&quot;background_background&quot;:&quot;classic&quot;}\">\n\t\t\t\t\t<div class=\"e-con-inner\">\n\t\t\t\t<div class=\"elementor-element elementor-element-159fb35 exad-sticky-section-no exad-glass-effect-no elementor-widget elementor-widget-image\" data-id=\"159fb35\" data-element_type=\"widget\" data-widget_type=\"image.default\">\n\t\t\t\t<div class=\"elementor-widget-container\">\n\t\t\t\t\t\t\t\t\t\t\t\t\t\t\t<img decoding=\"async\" width=\"1080\" height=\"1080\" src=\"https:\/\/branding2health.com\/cristiane\/wp-content\/uploads\/2023\/10\/Renuvion-e-Morpheus.png\" class=\"attachment-full size-full wp-image-1772\" alt=\"\" srcset=\"https:\/\/branding2health.com\/cristiane\/wp-content\/uploads\/2023\/10\/Renuvion-e-Morpheus.png 1080w, https:\/\/branding2health.com\/cristiane\/wp-content\/uploads\/2023\/10\/Renuvion-e-Morpheus-300x300.png 300w, https:\/\/branding2health.com\/cristiane\/wp-content\/uploads\/2023\/10\/Renuvion-e-Morpheus-1024x1024.png 1024w, https:\/\/branding2health.com\/cristiane\/wp-content\/uploads\/2023\/10\/Renuvion-e-Morpheus-150x150.png 150w, https:\/\/branding2health.com\/cristiane\/wp-content\/uploads\/2023\/10\/Renuvion-e-Morpheus-768x768.png 768w\" sizes=\"(max-width: 1080px) 100vw, 1080px\" \/>\t\t\t\t\t\t\t\t\t\t\t\t\t\t\t<\/div>\n\t\t\t\t<\/div>\n\t\t\t\t\t<\/div>\n\t\t\t\t<\/div>\n\t\t<div class=\"elementor-element elementor-element-fdc60d8 e-flex e-con-boxed e-con e-child\" data-id=\"fdc60d8\" data-element_type=\"container\">\n\t\t\t\t\t<div class=\"e-con-inner\">\n\t\t\t\t<div class=\"elementor-element elementor-element-3ce10da exad-sticky-section-no exad-glass-effect-no elementor-widget elementor-widget-text-editor\" data-id=\"3ce10da\" data-element_type=\"widget\" data-widget_type=\"text-editor.default\">\n\t\t\t\t<div class=\"elementor-widget-container\">\n\t\t\t\t\t\t\t\t\t<p><strong>Laser e Renuvion<\/strong>. Ambas tecnologias t\u00eam a finalidade de reduzir a flacidez de pele.<\/p><p>O Laser \u00e9 passado na camada mais superficial da gordura, promovendo o aumento de temperatura da derme e sua retra\u00e7\u00e3o. O Renuvion causa uma retra\u00e7\u00e3o das traves de col\u00e1geno onde a gordura foi retirada, causando uma ader\u00eancia aos tecidos profundos e diminuindo tamb\u00e9m sua flacidez.<\/p><p><strong>Morpheus<\/strong>: por meio da entrega de energia de radiofrequ\u00eancia associada ao microagulhamento, ele causa pequenas queimaduras na pele, que responde por meio da produ\u00e7\u00e3o do col\u00e1geno, melhorando sua qualidade e diminuindo\u00a0sua\u00a0flacidez.<\/p>\t\t\t\t\t\t\t\t<\/div>\n\t\t\t\t<\/div>\n\t\t\t\t<div class=\"elementor-element elementor-element-fa7289a exad-sticky-section-no exad-glass-effect-no elementor-widget elementor-widget-spacer\" data-id=\"fa7289a\" data-element_type=\"widget\" data-widget_type=\"spacer.default\">\n\t\t\t\t<div class=\"elementor-widget-container\">\n\t\t\t\t\t\t\t<div class=\"elementor-spacer\">\n\t\t\t<div class=\"elementor-spacer-inner\"><\/div>\n\t\t<\/div>\n\t\t\t\t\t\t<\/div>\n\t\t\t\t<\/div>\n\t\t\t\t<div class=\"elementor-element elementor-element-75f9876 elementor-align-center elementor-hidden-mobile exad-sticky-section-no exad-glass-effect-no elementor-widget elementor-widget-button\" data-id=\"75f9876\" data-element_type=\"widget\" data-widget_type=\"button.default\">\n\t\t\t\t<div class=\"elementor-widget-container\">\n\t\t\t\t\t\t\t\t\t<div class=\"elementor-button-wrapper\">\n\t\t\t\t\t<a class=\"elementor-button elementor-button-link elementor-size-sm\" href=\"https:\/\/wa.me\/5511910299955?text=Ol%C3%A1,%20venho%20do%20site%20da%20Dra.%20Cristiane%20Lopes,%20gostaria%20de%20agendar%20uma%20consulta%20com%20o%20procedimento%20Laser%20e%20Renuvion\" target=\"_blank\">\n\t\t\t\t\t\t<span class=\"elementor-button-content-wrapper\">\n\t\t\t\t\t\t<span class=\"elementor-button-icon\">\n\t\t\t\t<i aria-hidden=\"true\" class=\"fab fa-whatsapp\"><\/i>\t\t\t<\/span>\n\t\t\t\t\t\t\t\t\t<span class=\"elementor-button-text\">Agende sua consulta<\/span>\n\t\t\t\t\t<\/span>\n\t\t\t\t\t<\/a>\n\t\t\t\t<\/div>\n\t\t\t\t\t\t\t\t<\/div>\n\t\t\t\t<\/div>\n\t\t\t\t\t<\/div>\n\t\t\t\t<\/div>\n\t\t\t\t\t<\/div>\n\t\t\t\t<\/div>\n\t\t\t\t\t<\/div>\n\t\t\t\t<\/div>\n\t\t\t\t<\/div>\n\t\t","protected":false},"excerpt":{"rendered":"<p>Voltar Laser e Renuvion e Morpheus Agende sua consulta Laser e Renuvion. Ambas tecnologias t\u00eam a finalidade de reduzir a flacidez de pele. O Laser \u00e9 passado na camada mais superficial da gordura, promovendo o aumento de temperatura da derme e sua retra\u00e7\u00e3o. O Renuvion causa uma retra\u00e7\u00e3o das traves de col\u00e1geno onde a gordura [&hellip;]<\/p>\n","protected":false},"author":1,"featured_media":0,"parent":0,"menu_order":0,"comment_status":"closed","ping_status":"closed","template":"elementor_header_footer","meta":{"footnotes":""},"class_list":["post-2453","page","type-page","status-publish","hentry"],"_links":{"self":[{"href":"https:\/\/branding2health.com\/cristiane\/wp-json\/wp\/v2\/pages\/2453","targetHints":{"allow":["GET"]}}],"collection":[{"href":"https:\/\/branding2health.com\/cristiane\/wp-json\/wp\/v2\/pages"}],"about":[{"href":"https:\/\/branding2health.com\/cristiane\/wp-json\/wp\/v2\/types\/page"}],"author":[{"embeddable":true,"href":"https:\/\/branding2health.com\/cristiane\/wp-json\/wp\/v2\/users\/1"}],"replies":[{"embeddable":true,"href":"https:\/\/branding2health.com\/cristiane\/wp-json\/wp\/v2\/comments?post=2453"}],"version-history":[{"count":22,"href":"https:\/\/branding2health.com\/cristiane\/wp-json\/wp\/v2\/pages\/2453\/revisions"}],"predecessor-version":[{"id":3329,"href":"https:\/\/branding2health.com\/cristiane\/wp-json\/wp\/v2\/pages\/2453\/revisions\/3329"}],"wp:attachment":[{"href":"https:\/\/branding2health.com\/cristiane\/wp-json\/wp\/v2\/media?parent=2453"}],"curies":[{"name":"wp","href":"https:\/\/api.w.org\/{rel}","templated":true}]}}