{"id":2236,"date":"2024-03-28T12:56:32","date_gmt":"2024-03-28T15:56:32","guid":{"rendered":"https:\/\/branding2health.com\/cristiane\/?page_id=2236"},"modified":"2024-04-15T22:35:08","modified_gmt":"2024-04-16T01:35:08","slug":"mastopexia-com-protese","status":"publish","type":"page","link":"https:\/\/branding2health.com\/cristiane\/mastopexia-com-protese\/","title":{"rendered":"Mastopexia com e sem pr\u00f3tese"},"content":{"rendered":"\t\t<div data-elementor-type=\"wp-page\" data-elementor-id=\"2236\" class=\"elementor elementor-2236\" data-elementor-post-type=\"page\">\n\t\t\t\t<div class=\"elementor-element elementor-element-4f59c06 e-flex e-con-boxed e-con e-parent\" data-id=\"4f59c06\" data-element_type=\"container\">\n\t\t\t\t\t<div class=\"e-con-inner\">\n\t\t\t\t<div class=\"elementor-element elementor-element-b622c2b elementor-view-default exad-sticky-section-no exad-glass-effect-no elementor-widget elementor-widget-icon\" data-id=\"b622c2b\" data-element_type=\"widget\" data-widget_type=\"icon.default\">\n\t\t\t\t<div class=\"elementor-widget-container\">\n\t\t\t\t\t\t\t<div class=\"elementor-icon-wrapper\">\n\t\t\t<a class=\"elementor-icon\" href=\"https:\/\/branding2health.com\/cristiane\/procedimentos\/\">\n\t\t\t<i aria-hidden=\"true\" class=\"fas fa-arrow-circle-left\"><\/i>\t\t\t<\/a>\n\t\t<\/div>\n\t\t\t\t\t\t<\/div>\n\t\t\t\t<\/div>\n\t\t\t\t<div class=\"elementor-element elementor-element-3cfacf8 exad-sticky-section-no exad-glass-effect-no elementor-widget elementor-widget-heading\" data-id=\"3cfacf8\" data-element_type=\"widget\" data-widget_type=\"heading.default\">\n\t\t\t\t<div class=\"elementor-widget-container\">\n\t\t\t\t\t<h2 class=\"elementor-heading-title elementor-size-default\"><a href=\"https:\/\/branding2health.com\/cristiane\/procedimentos\/\">Voltar<\/a><\/h2>\t\t\t\t<\/div>\n\t\t\t\t<\/div>\n\t\t\t\t\t<\/div>\n\t\t\t\t<\/div>\n\t\t<div class=\"elementor-element elementor-element-841fc1a elementor-hidden-mobile e-flex e-con-boxed e-con e-parent\" data-id=\"841fc1a\" data-element_type=\"container\">\n\t\t\t\t\t<div class=\"e-con-inner\">\n\t\t\t\t<div class=\"elementor-element elementor-element-dedf555 exad-sticky-section-no exad-glass-effect-no elementor-widget elementor-widget-heading\" data-id=\"dedf555\" data-element_type=\"widget\" data-widget_type=\"heading.default\">\n\t\t\t\t<div class=\"elementor-widget-container\">\n\t\t\t\t\t<h2 class=\"elementor-heading-title elementor-size-default\">Mastopexia com  e sem pr\u00f3tese e Mamoplastia redutora<\/h2>\t\t\t\t<\/div>\n\t\t\t\t<\/div>\n\t\t\t\t\t<\/div>\n\t\t\t\t<\/div>\n\t\t<div class=\"elementor-element elementor-element-32246eb elementor-hidden-desktop elementor-hidden-tablet e-flex e-con-boxed e-con e-parent\" data-id=\"32246eb\" data-element_type=\"container\">\n\t\t\t\t\t<div class=\"e-con-inner\">\n\t\t\t\t<div class=\"elementor-element elementor-element-839a520 exad-sticky-section-no exad-glass-effect-no elementor-widget elementor-widget-heading\" data-id=\"839a520\" data-element_type=\"widget\" data-widget_type=\"heading.default\">\n\t\t\t\t<div class=\"elementor-widget-container\">\n\t\t\t\t\t<h2 class=\"elementor-heading-title elementor-size-default\">Mastopexia com  e sem pr\u00f3tese e Mamoplastia redutora<\/h2>\t\t\t\t<\/div>\n\t\t\t\t<\/div>\n\t\t\t\t\t<\/div>\n\t\t\t\t<\/div>\n\t\t<div class=\"elementor-element elementor-element-f6726ed e-flex e-con-boxed e-con e-parent\" data-id=\"f6726ed\" data-element_type=\"container\">\n\t\t\t\t\t<div class=\"e-con-inner\">\n\t\t<div class=\"elementor-element elementor-element-e706e51 e-flex e-con-boxed e-con e-child\" data-id=\"e706e51\" data-element_type=\"container\">\n\t\t\t\t\t<div class=\"e-con-inner\">\n\t\t\t\t<div class=\"elementor-element elementor-element-e0583de exad-sticky-section-no exad-glass-effect-no elementor-widget elementor-widget-image\" data-id=\"e0583de\" data-element_type=\"widget\" data-widget_type=\"image.default\">\n\t\t\t\t<div class=\"elementor-widget-container\">\n\t\t\t\t\t\t\t\t\t\t\t\t\t\t\t<img fetchpriority=\"high\" decoding=\"async\" width=\"700\" height=\"800\" src=\"https:\/\/branding2health.com\/cristiane\/wp-content\/uploads\/2024\/03\/Mastopexia-com-protese-Mastopexia-sem-protese.jpg\" class=\"attachment-full size-full wp-image-2317\" alt=\"\" srcset=\"https:\/\/branding2health.com\/cristiane\/wp-content\/uploads\/2024\/03\/Mastopexia-com-protese-Mastopexia-sem-protese.jpg 700w, https:\/\/branding2health.com\/cristiane\/wp-content\/uploads\/2024\/03\/Mastopexia-com-protese-Mastopexia-sem-protese-263x300.jpg 263w\" sizes=\"(max-width: 700px) 100vw, 700px\" \/>\t\t\t\t\t\t\t\t\t\t\t\t\t\t\t<\/div>\n\t\t\t\t<\/div>\n\t\t\t\t<div class=\"elementor-element elementor-element-4bd3e29 elementor-align-center elementor-hidden-desktop elementor-hidden-tablet exad-sticky-section-no exad-glass-effect-no elementor-widget elementor-widget-button\" data-id=\"4bd3e29\" data-element_type=\"widget\" data-widget_type=\"button.default\">\n\t\t\t\t<div class=\"elementor-widget-container\">\n\t\t\t\t\t\t\t\t\t<div class=\"elementor-button-wrapper\">\n\t\t\t\t\t<a class=\"elementor-button elementor-button-link elementor-size-sm\" href=\"https:\/\/wa.me\/5511910299955?text=Ol%C3%A1,%20venho%20do%20site%20da%20Dra.%20Cristiane%20Lopes,%20gostaria%20de%20agendar%20uma%20consulta%20com%20o%20procedimento%20Mastopexia\" target=\"_blank\">\n\t\t\t\t\t\t<span class=\"elementor-button-content-wrapper\">\n\t\t\t\t\t\t<span class=\"elementor-button-icon\">\n\t\t\t\t<i aria-hidden=\"true\" class=\"fab fa-whatsapp\"><\/i>\t\t\t<\/span>\n\t\t\t\t\t\t\t\t\t<span class=\"elementor-button-text\">Agende sua consulta<\/span>\n\t\t\t\t\t<\/span>\n\t\t\t\t\t<\/a>\n\t\t\t\t<\/div>\n\t\t\t\t\t\t\t\t<\/div>\n\t\t\t\t<\/div>\n\t\t\t\t\t<\/div>\n\t\t\t\t<\/div>\n\t\t<div class=\"elementor-element elementor-element-f1fb5ab e-flex e-con-boxed e-con e-child\" data-id=\"f1fb5ab\" data-element_type=\"container\">\n\t\t\t\t\t<div class=\"e-con-inner\">\n\t\t<div class=\"elementor-element elementor-element-deaf66c e-flex e-con-boxed e-con e-child\" data-id=\"deaf66c\" data-element_type=\"container\" data-settings=\"{&quot;background_background&quot;:&quot;classic&quot;}\">\n\t\t\t\t\t<div class=\"e-con-inner\">\n\t\t\t\t<div class=\"elementor-element elementor-element-53c8acf exad-sticky-section-no exad-glass-effect-no elementor-widget elementor-widget-image\" data-id=\"53c8acf\" data-element_type=\"widget\" data-widget_type=\"image.default\">\n\t\t\t\t<div class=\"elementor-widget-container\">\n\t\t\t\t\t\t\t\t\t\t\t\t\t\t\t<img decoding=\"async\" width=\"1080\" height=\"1080\" src=\"https:\/\/branding2health.com\/cristiane\/wp-content\/uploads\/2023\/10\/Dra.-Cristiane-Lopes-Mastopexia-com-ou-sem-protese.png\" class=\"attachment-full size-full wp-image-1194\" alt=\"Dra. Cristiane Lopes -Mastopexia com ou sem pr\u00f3tese\" srcset=\"https:\/\/branding2health.com\/cristiane\/wp-content\/uploads\/2023\/10\/Dra.-Cristiane-Lopes-Mastopexia-com-ou-sem-protese.png 1080w, https:\/\/branding2health.com\/cristiane\/wp-content\/uploads\/2023\/10\/Dra.-Cristiane-Lopes-Mastopexia-com-ou-sem-protese-300x300.png 300w, https:\/\/branding2health.com\/cristiane\/wp-content\/uploads\/2023\/10\/Dra.-Cristiane-Lopes-Mastopexia-com-ou-sem-protese-1024x1024.png 1024w, https:\/\/branding2health.com\/cristiane\/wp-content\/uploads\/2023\/10\/Dra.-Cristiane-Lopes-Mastopexia-com-ou-sem-protese-150x150.png 150w, https:\/\/branding2health.com\/cristiane\/wp-content\/uploads\/2023\/10\/Dra.-Cristiane-Lopes-Mastopexia-com-ou-sem-protese-768x768.png 768w\" sizes=\"(max-width: 1080px) 100vw, 1080px\" \/>\t\t\t\t\t\t\t\t\t\t\t\t\t\t\t<\/div>\n\t\t\t\t<\/div>\n\t\t\t\t\t<\/div>\n\t\t\t\t<\/div>\n\t\t<div class=\"elementor-element elementor-element-83f0b81 e-flex e-con-boxed e-con e-child\" data-id=\"83f0b81\" data-element_type=\"container\">\n\t\t\t\t\t<div class=\"e-con-inner\">\n\t\t\t\t<div class=\"elementor-element elementor-element-ee866e7 exad-sticky-section-no exad-glass-effect-no elementor-widget elementor-widget-text-editor\" data-id=\"ee866e7\" data-element_type=\"widget\" data-widget_type=\"text-editor.default\">\n\t\t\t\t<div class=\"elementor-widget-container\">\n\t\t\t\t\t\t\t\t\t<p><strong>Mastopexia sem pr\u00f3tese<\/strong> \u00e9 a cirurgia em que posicionamos as ar\u00e9olas e as mamas como um todo, sem inserir pr\u00f3teses. Ela permite resultados mais naturais e \u00e9 indicada principalmente quando as pacientes j\u00e1 est\u00e3o satisfeitas com o volume das mamas, mas desejam que elas fiquem mais altas e mais juntas. Hoje, temos \u00e0 disposi\u00e7\u00e3o algumas t\u00e9cnicas que permitem que as cicatrizes sejam cada vez menores, por\u00e9m isso deve ser avaliado em cada paciente, dependendo da flacidez da pele e do volume das mamas.<\/p><p><strong>Mamoplastia redutora<\/strong> \u00e9 a cirurgia para reduzir o volume das mamas, permitindo seu melhor formato e reposicionamento das ar\u00e9olas e da mama em rela\u00e7\u00e3o ao t\u00f3rax. A quantidade de volume mam\u00e1rio a ser retirada depende do desejo de cada paciente. Geralmente, como as mamas s\u00e3o volumosas, n\u00e3o necessitamos do uso de pr\u00f3teses.<\/p><p><strong>Mastopexia com pr\u00f3tese<\/strong> \u00e9 a cirurgia em que, al\u00e9m de levantarmos as mamas, inserimos pr\u00f3teses de silicone para deixar as mamas mais firmes, o colo mais marcado, as mamas mais redondas e, em alguns casos, aumentar o volume das mamas. \u00c9 indicada principalmente em pacientes que t\u00eam mamas ca\u00eddas e pouco volume mam\u00e1rio, ou que desejam melhorar as caracter\u00edsticas acima. Algumas t\u00e9cnicas que lan\u00e7amos m\u00e3o nos permitem resultados mais duradouros a longo prazo, como, por exemplo, o uso de pr\u00f3teses no plano submuscular, al\u00e7as de sustenta\u00e7\u00e3o e suti\u00e3 interno. Al\u00e9m disso, reposicionamos as ar\u00e9olas e as mamas como um todo em uma posi\u00e7\u00e3o mais alta, deixando o colo mais marcado. O grau de jun\u00e7\u00e3o das mamas, marca\u00e7\u00e3o do colo e outras caracter\u00edsticas s\u00e3o avaliadas em conjunto com a paciente, para que possamos escolher o volume, proje\u00e7\u00e3o e di\u00e2metro das pr\u00f3teses, e, assim, chegarmos ao resultado esperado.<\/p><p>A recupera\u00e7\u00e3o de ambas as cirurgias \u00e9 pouco dolorosa, e o retorno \u00e0 rotina normal leva em geral de 10 a 14 dias.<\/p>\t\t\t\t\t\t\t\t<\/div>\n\t\t\t\t<\/div>\n\t\t\t\t<div class=\"elementor-element elementor-element-fd56b32 elementor-align-center elementor-hidden-mobile exad-sticky-section-no exad-glass-effect-no elementor-widget elementor-widget-button\" data-id=\"fd56b32\" data-element_type=\"widget\" data-widget_type=\"button.default\">\n\t\t\t\t<div class=\"elementor-widget-container\">\n\t\t\t\t\t\t\t\t\t<div class=\"elementor-button-wrapper\">\n\t\t\t\t\t<a class=\"elementor-button elementor-button-link elementor-size-sm\" href=\"https:\/\/wa.me\/5511910299955?text=Ol%C3%A1,%20venho%20do%20site%20da%20Dra.%20Cristiane%20Lopes,%20gostaria%20de%20agendar%20uma%20consulta%20com%20o%20procedimento%20Mastopexia\" target=\"_blank\">\n\t\t\t\t\t\t<span class=\"elementor-button-content-wrapper\">\n\t\t\t\t\t\t<span class=\"elementor-button-icon\">\n\t\t\t\t<i aria-hidden=\"true\" class=\"fab fa-whatsapp\"><\/i>\t\t\t<\/span>\n\t\t\t\t\t\t\t\t\t<span class=\"elementor-button-text\">Agende sua consulta<\/span>\n\t\t\t\t\t<\/span>\n\t\t\t\t\t<\/a>\n\t\t\t\t<\/div>\n\t\t\t\t\t\t\t\t<\/div>\n\t\t\t\t<\/div>\n\t\t\t\t\t<\/div>\n\t\t\t\t<\/div>\n\t\t\t\t\t<\/div>\n\t\t\t\t<\/div>\n\t\t\t\t\t<\/div>\n\t\t\t\t<\/div>\n\t\t\t\t<\/div>\n\t\t","protected":false},"excerpt":{"rendered":"<p>Voltar Mastopexia com e sem pr\u00f3tese e Mamoplastia redutora Mastopexia com e sem pr\u00f3tese e Mamoplastia redutora Agende sua consulta Mastopexia sem pr\u00f3tese \u00e9 a cirurgia em que posicionamos as ar\u00e9olas e as mamas como um todo, sem inserir pr\u00f3teses. Ela permite resultados mais naturais e \u00e9 indicada principalmente quando as pacientes j\u00e1 est\u00e3o satisfeitas [&hellip;]<\/p>\n","protected":false},"author":1,"featured_media":0,"parent":0,"menu_order":0,"comment_status":"closed","ping_status":"closed","template":"elementor_header_footer","meta":{"footnotes":""},"class_list":["post-2236","page","type-page","status-publish","hentry"],"_links":{"self":[{"href":"https:\/\/branding2health.com\/cristiane\/wp-json\/wp\/v2\/pages\/2236","targetHints":{"allow":["GET"]}}],"collection":[{"href":"https:\/\/branding2health.com\/cristiane\/wp-json\/wp\/v2\/pages"}],"about":[{"href":"https:\/\/branding2health.com\/cristiane\/wp-json\/wp\/v2\/types\/page"}],"author":[{"embeddable":true,"href":"https:\/\/branding2health.com\/cristiane\/wp-json\/wp\/v2\/users\/1"}],"replies":[{"embeddable":true,"href":"https:\/\/branding2health.com\/cristiane\/wp-json\/wp\/v2\/comments?post=2236"}],"version-history":[{"count":50,"href":"https:\/\/branding2health.com\/cristiane\/wp-json\/wp\/v2\/pages\/2236\/revisions"}],"predecessor-version":[{"id":3569,"href":"https:\/\/branding2health.com\/cristiane\/wp-json\/wp\/v2\/pages\/2236\/revisions\/3569"}],"wp:attachment":[{"href":"https:\/\/branding2health.com\/cristiane\/wp-json\/wp\/v2\/media?parent=2236"}],"curies":[{"name":"wp","href":"https:\/\/api.w.org\/{rel}","templated":true}]}}