{"id":2234,"date":"2024-03-28T12:55:50","date_gmt":"2024-03-28T15:55:50","guid":{"rendered":"https:\/\/branding2health.com\/cristiane\/?page_id=2234"},"modified":"2024-04-15T23:50:22","modified_gmt":"2024-04-16T02:50:22","slug":"abdominoplastia","status":"publish","type":"page","link":"https:\/\/branding2health.com\/cristiane\/abdominoplastia\/","title":{"rendered":"Abdominoplastia"},"content":{"rendered":"\t\t<div data-elementor-type=\"wp-page\" data-elementor-id=\"2234\" class=\"elementor elementor-2234\" data-elementor-post-type=\"page\">\n\t\t\t\t<div class=\"elementor-element elementor-element-c3c3691 e-flex e-con-boxed e-con e-parent\" data-id=\"c3c3691\" data-element_type=\"container\">\n\t\t\t\t\t<div class=\"e-con-inner\">\n\t\t\t\t<div class=\"elementor-element elementor-element-0d04490 elementor-view-default exad-sticky-section-no exad-glass-effect-no elementor-widget elementor-widget-icon\" data-id=\"0d04490\" data-element_type=\"widget\" data-widget_type=\"icon.default\">\n\t\t\t\t<div class=\"elementor-widget-container\">\n\t\t\t\t\t\t\t<div class=\"elementor-icon-wrapper\">\n\t\t\t<a class=\"elementor-icon\" href=\"https:\/\/branding2health.com\/cristiane\/procedimentos\/\">\n\t\t\t<i aria-hidden=\"true\" class=\"fas fa-arrow-circle-left\"><\/i>\t\t\t<\/a>\n\t\t<\/div>\n\t\t\t\t\t\t<\/div>\n\t\t\t\t<\/div>\n\t\t\t\t<div class=\"elementor-element elementor-element-9cf6d71 exad-sticky-section-no exad-glass-effect-no elementor-widget elementor-widget-heading\" data-id=\"9cf6d71\" data-element_type=\"widget\" data-widget_type=\"heading.default\">\n\t\t\t\t<div class=\"elementor-widget-container\">\n\t\t\t\t\t<h2 class=\"elementor-heading-title elementor-size-default\"><a href=\"https:\/\/branding2health.com\/cristiane\/procedimentos\/\">Voltar<\/a><\/h2>\t\t\t\t<\/div>\n\t\t\t\t<\/div>\n\t\t\t\t\t<\/div>\n\t\t\t\t<\/div>\n\t\t<div class=\"elementor-element elementor-element-4faa484 e-flex e-con-boxed e-con e-parent\" data-id=\"4faa484\" data-element_type=\"container\">\n\t\t\t\t\t<div class=\"e-con-inner\">\n\t\t\t\t<div class=\"elementor-element elementor-element-7b23a54 exad-sticky-section-no exad-glass-effect-no elementor-widget elementor-widget-heading\" data-id=\"7b23a54\" data-element_type=\"widget\" data-widget_type=\"heading.default\">\n\t\t\t\t<div class=\"elementor-widget-container\">\n\t\t\t\t\t<h2 class=\"elementor-heading-title elementor-size-default\">Abdominoplastia<\/h2>\t\t\t\t<\/div>\n\t\t\t\t<\/div>\n\t\t\t\t\t<\/div>\n\t\t\t\t<\/div>\n\t\t<div class=\"elementor-element elementor-element-0e32928 e-flex e-con-boxed e-con e-parent\" data-id=\"0e32928\" data-element_type=\"container\">\n\t\t\t\t\t<div class=\"e-con-inner\">\n\t\t<div class=\"elementor-element elementor-element-c09a705 e-flex e-con-boxed e-con e-child\" data-id=\"c09a705\" data-element_type=\"container\">\n\t\t\t\t\t<div class=\"e-con-inner\">\n\t\t\t\t<div class=\"elementor-element elementor-element-9096dd3 exad-sticky-section-no exad-glass-effect-no elementor-widget elementor-widget-image\" data-id=\"9096dd3\" data-element_type=\"widget\" data-widget_type=\"image.default\">\n\t\t\t\t<div class=\"elementor-widget-container\">\n\t\t\t\t\t\t\t\t\t\t\t\t\t\t\t<img fetchpriority=\"high\" decoding=\"async\" width=\"2240\" height=\"2560\" src=\"https:\/\/branding2health.com\/cristiane\/wp-content\/uploads\/2024\/04\/Design-sem-nome-23_upscayl_4x_realesrgan-x4plus-scaled.jpg\" class=\"attachment-full size-full wp-image-3257\" alt=\"\" srcset=\"https:\/\/branding2health.com\/cristiane\/wp-content\/uploads\/2024\/04\/Design-sem-nome-23_upscayl_4x_realesrgan-x4plus-scaled.jpg 2240w, https:\/\/branding2health.com\/cristiane\/wp-content\/uploads\/2024\/04\/Design-sem-nome-23_upscayl_4x_realesrgan-x4plus-263x300.jpg 263w, https:\/\/branding2health.com\/cristiane\/wp-content\/uploads\/2024\/04\/Design-sem-nome-23_upscayl_4x_realesrgan-x4plus-896x1024.jpg 896w, https:\/\/branding2health.com\/cristiane\/wp-content\/uploads\/2024\/04\/Design-sem-nome-23_upscayl_4x_realesrgan-x4plus-768x878.jpg 768w, https:\/\/branding2health.com\/cristiane\/wp-content\/uploads\/2024\/04\/Design-sem-nome-23_upscayl_4x_realesrgan-x4plus-1344x1536.jpg 1344w, https:\/\/branding2health.com\/cristiane\/wp-content\/uploads\/2024\/04\/Design-sem-nome-23_upscayl_4x_realesrgan-x4plus-1792x2048.jpg 1792w\" sizes=\"(max-width: 2240px) 100vw, 2240px\" \/>\t\t\t\t\t\t\t\t\t\t\t\t\t\t\t<\/div>\n\t\t\t\t<\/div>\n\t\t\t\t<div class=\"elementor-element elementor-element-44f0dd3 elementor-align-center elementor-hidden-desktop elementor-hidden-tablet exad-sticky-section-no exad-glass-effect-no elementor-widget elementor-widget-button\" data-id=\"44f0dd3\" data-element_type=\"widget\" data-widget_type=\"button.default\">\n\t\t\t\t<div class=\"elementor-widget-container\">\n\t\t\t\t\t\t\t\t\t<div class=\"elementor-button-wrapper\">\n\t\t\t\t\t<a class=\"elementor-button elementor-button-link elementor-size-sm\" href=\"https:\/\/wa.me\/5511910299955?text=Ol%C3%A1,%20venho%20do%20site%20da%20Dra.%20Cristiane%20Lopes,%20gostaria%20de%20agendar%20uma%20consulta%20com%20o%20procedimento%20Abdominoplastia\" target=\"_blank\">\n\t\t\t\t\t\t<span class=\"elementor-button-content-wrapper\">\n\t\t\t\t\t\t<span class=\"elementor-button-icon\">\n\t\t\t\t<i aria-hidden=\"true\" class=\"fab fa-whatsapp\"><\/i>\t\t\t<\/span>\n\t\t\t\t\t\t\t\t\t<span class=\"elementor-button-text\">Agende sua consulta<\/span>\n\t\t\t\t\t<\/span>\n\t\t\t\t\t<\/a>\n\t\t\t\t<\/div>\n\t\t\t\t\t\t\t\t<\/div>\n\t\t\t\t<\/div>\n\t\t\t\t\t<\/div>\n\t\t\t\t<\/div>\n\t\t<div class=\"elementor-element elementor-element-c3adc00 e-flex e-con-boxed e-con e-child\" data-id=\"c3adc00\" data-element_type=\"container\">\n\t\t\t\t\t<div class=\"e-con-inner\">\n\t\t<div class=\"elementor-element elementor-element-50a5fb6 e-flex e-con-boxed e-con e-child\" data-id=\"50a5fb6\" data-element_type=\"container\" data-settings=\"{&quot;background_background&quot;:&quot;classic&quot;}\">\n\t\t\t\t\t<div class=\"e-con-inner\">\n\t\t\t\t<div class=\"elementor-element elementor-element-b6c9947 exad-sticky-section-no exad-glass-effect-no elementor-widget elementor-widget-image\" data-id=\"b6c9947\" data-element_type=\"widget\" data-widget_type=\"image.default\">\n\t\t\t\t<div class=\"elementor-widget-container\">\n\t\t\t\t\t\t\t\t\t\t\t\t\t\t\t<img decoding=\"async\" width=\"1080\" height=\"1080\" src=\"https:\/\/branding2health.com\/cristiane\/wp-content\/uploads\/2023\/10\/Dra.-Cristiane-Lopes-Vetor-abdominoplastia-1.png\" class=\"attachment-full size-full wp-image-134\" alt=\"\" srcset=\"https:\/\/branding2health.com\/cristiane\/wp-content\/uploads\/2023\/10\/Dra.-Cristiane-Lopes-Vetor-abdominoplastia-1.png 1080w, https:\/\/branding2health.com\/cristiane\/wp-content\/uploads\/2023\/10\/Dra.-Cristiane-Lopes-Vetor-abdominoplastia-1-300x300.png 300w, https:\/\/branding2health.com\/cristiane\/wp-content\/uploads\/2023\/10\/Dra.-Cristiane-Lopes-Vetor-abdominoplastia-1-1024x1024.png 1024w, https:\/\/branding2health.com\/cristiane\/wp-content\/uploads\/2023\/10\/Dra.-Cristiane-Lopes-Vetor-abdominoplastia-1-150x150.png 150w, https:\/\/branding2health.com\/cristiane\/wp-content\/uploads\/2023\/10\/Dra.-Cristiane-Lopes-Vetor-abdominoplastia-1-768x768.png 768w\" sizes=\"(max-width: 1080px) 100vw, 1080px\" \/>\t\t\t\t\t\t\t\t\t\t\t\t\t\t\t<\/div>\n\t\t\t\t<\/div>\n\t\t\t\t\t<\/div>\n\t\t\t\t<\/div>\n\t\t<div class=\"elementor-element elementor-element-9383c53 e-flex e-con-boxed e-con e-child\" data-id=\"9383c53\" data-element_type=\"container\">\n\t\t\t\t\t<div class=\"e-con-inner\">\n\t\t\t\t<div class=\"elementor-element elementor-element-e6dc186 exad-sticky-section-no exad-glass-effect-no elementor-widget elementor-widget-text-editor\" data-id=\"e6dc186\" data-element_type=\"widget\" data-widget_type=\"text-editor.default\">\n\t\t\t\t<div class=\"elementor-widget-container\">\n\t\t\t\t\t\t\t\t\t<p>A <strong>Abdominoplastia<\/strong> \u00e9 o procedimento indicado quando h\u00e1 uma flacidez mais acentuada na regi\u00e3o abdominal que n\u00e3o consegue ser corrigida pela lipoaspira\u00e7\u00e3o, mesmo com o uso de tecnologias.<\/p><p>Neste procedimento, podemos retirar o excesso de pele e gordura na regi\u00e3o abaixo do umbigo e esticar essa pele, deixando o abdome mais liso e definido.<\/p><p>Durante o procedimento, tamb\u00e9m \u00e9 poss\u00edvel corrigir algumas h\u00e9rnias, como a h\u00e9rnia umbilical, inguinal, h\u00e9rnias incisionais (causadas por cirurgias pr\u00e9vias, como a cirurgia bari\u00e1trica), al\u00e9m de permitir tamb\u00e9m a corre\u00e7\u00e3o do afastamento dos m\u00fasculos retos abdominais ou di\u00e1stase de retos abdominais, que podem ser causados pela obesidade ou pelas gesta\u00e7\u00f5es.<\/p><p>Al\u00e9m disso, juntamente com a pele retirada, podemos remover estrias e cicatrizes, como a cicatriz da cesariana. Em geral, \u00e9 desenhado um novo umbigo com bastante cuidado, para que essa cicatriz fique pequena e escondida, n\u00e3o permitindo que se identifique que foi realizada uma cirurgia.<\/p><p>Em alguns casos, quando a flacidez abdominal ocorre apenas abaixo do umbigo, podemos recorrer \u00e0 miniabdominoplastia, utilizando uma incis\u00e3o menor e evitando a manipula\u00e7\u00e3o da regi\u00e3o umbilical.<\/p><p>A escolha de qual tipo de cicatriz ser\u00e1 realizada depende da expectativa e do quadro cl\u00ednico de cada paciente e deve ser avaliada durante a consulta.<\/p><p>A recupera\u00e7\u00e3o \u00e9 pouco dolorosa, e as pacientes geralmente costumam retornar \u00e0s atividades normais depois de 14 dias.<\/p>\t\t\t\t\t\t\t\t<\/div>\n\t\t\t\t<\/div>\n\t\t\t\t<div class=\"elementor-element elementor-element-f1ce968 elementor-align-center elementor-hidden-mobile exad-sticky-section-no exad-glass-effect-no elementor-widget elementor-widget-button\" data-id=\"f1ce968\" data-element_type=\"widget\" data-widget_type=\"button.default\">\n\t\t\t\t<div class=\"elementor-widget-container\">\n\t\t\t\t\t\t\t\t\t<div class=\"elementor-button-wrapper\">\n\t\t\t\t\t<a class=\"elementor-button elementor-button-link elementor-size-sm\" href=\"https:\/\/wa.me\/5511910299955?text=Ol%C3%A1,%20venho%20do%20site%20da%20Dra.%20Cristiane%20Lopes,%20gostaria%20de%20agendar%20uma%20consulta%20com%20o%20procedimento%20Abdominoplastia\" target=\"_blank\">\n\t\t\t\t\t\t<span class=\"elementor-button-content-wrapper\">\n\t\t\t\t\t\t<span class=\"elementor-button-icon\">\n\t\t\t\t<i aria-hidden=\"true\" class=\"fab fa-whatsapp\"><\/i>\t\t\t<\/span>\n\t\t\t\t\t\t\t\t\t<span class=\"elementor-button-text\">Agende sua consulta<\/span>\n\t\t\t\t\t<\/span>\n\t\t\t\t\t<\/a>\n\t\t\t\t<\/div>\n\t\t\t\t\t\t\t\t<\/div>\n\t\t\t\t<\/div>\n\t\t\t\t\t<\/div>\n\t\t\t\t<\/div>\n\t\t\t\t\t<\/div>\n\t\t\t\t<\/div>\n\t\t\t\t\t<\/div>\n\t\t\t\t<\/div>\n\t\t\t\t<\/div>\n\t\t","protected":false},"excerpt":{"rendered":"<p>Voltar Abdominoplastia Agende sua consulta A Abdominoplastia \u00e9 o procedimento indicado quando h\u00e1 uma flacidez mais acentuada na regi\u00e3o abdominal que n\u00e3o consegue ser corrigida pela lipoaspira\u00e7\u00e3o, mesmo com o uso de tecnologias. Neste procedimento, podemos retirar o excesso de pele e gordura na regi\u00e3o abaixo do umbigo e esticar essa pele, deixando o abdome [&hellip;]<\/p>\n","protected":false},"author":1,"featured_media":0,"parent":0,"menu_order":0,"comment_status":"closed","ping_status":"closed","template":"elementor_header_footer","meta":{"footnotes":""},"class_list":["post-2234","page","type-page","status-publish","hentry"],"_links":{"self":[{"href":"https:\/\/branding2health.com\/cristiane\/wp-json\/wp\/v2\/pages\/2234","targetHints":{"allow":["GET"]}}],"collection":[{"href":"https:\/\/branding2health.com\/cristiane\/wp-json\/wp\/v2\/pages"}],"about":[{"href":"https:\/\/branding2health.com\/cristiane\/wp-json\/wp\/v2\/types\/page"}],"author":[{"embeddable":true,"href":"https:\/\/branding2health.com\/cristiane\/wp-json\/wp\/v2\/users\/1"}],"replies":[{"embeddable":true,"href":"https:\/\/branding2health.com\/cristiane\/wp-json\/wp\/v2\/comments?post=2234"}],"version-history":[{"count":97,"href":"https:\/\/branding2health.com\/cristiane\/wp-json\/wp\/v2\/pages\/2234\/revisions"}],"predecessor-version":[{"id":3593,"href":"https:\/\/branding2health.com\/cristiane\/wp-json\/wp\/v2\/pages\/2234\/revisions\/3593"}],"wp:attachment":[{"href":"https:\/\/branding2health.com\/cristiane\/wp-json\/wp\/v2\/media?parent=2234"}],"curies":[{"name":"wp","href":"https:\/\/api.w.org\/{rel}","templated":true}]}}