{"id":2232,"date":"2024-03-28T12:54:37","date_gmt":"2024-03-28T15:54:37","guid":{"rendered":"https:\/\/branding2health.com\/cristiane\/?page_id=2232"},"modified":"2024-04-15T22:32:59","modified_gmt":"2024-04-16T01:32:59","slug":"lipoaspiracao-e-lipoescultura","status":"publish","type":"page","link":"https:\/\/branding2health.com\/cristiane\/lipoaspiracao-e-lipoescultura\/","title":{"rendered":"Lipoaspira\u00e7\u00e3o e Lipoescultura"},"content":{"rendered":"\t\t<div data-elementor-type=\"wp-page\" data-elementor-id=\"2232\" class=\"elementor elementor-2232\" data-elementor-post-type=\"page\">\n\t\t\t\t<div class=\"elementor-element elementor-element-034fd86 e-flex e-con-boxed e-con e-parent\" data-id=\"034fd86\" data-element_type=\"container\">\n\t\t\t\t\t<div class=\"e-con-inner\">\n\t\t\t\t<div class=\"elementor-element elementor-element-bd3322d elementor-view-default exad-sticky-section-no exad-glass-effect-no elementor-widget elementor-widget-icon\" data-id=\"bd3322d\" data-element_type=\"widget\" data-widget_type=\"icon.default\">\n\t\t\t\t<div class=\"elementor-widget-container\">\n\t\t\t\t\t\t\t<div class=\"elementor-icon-wrapper\">\n\t\t\t<a class=\"elementor-icon\" href=\"https:\/\/branding2health.com\/cristiane\/procedimentos\/\">\n\t\t\t<i aria-hidden=\"true\" class=\"fas fa-arrow-circle-left\"><\/i>\t\t\t<\/a>\n\t\t<\/div>\n\t\t\t\t\t\t<\/div>\n\t\t\t\t<\/div>\n\t\t\t\t<div class=\"elementor-element elementor-element-0b54116 exad-sticky-section-no exad-glass-effect-no elementor-widget elementor-widget-heading\" data-id=\"0b54116\" data-element_type=\"widget\" data-widget_type=\"heading.default\">\n\t\t\t\t<div class=\"elementor-widget-container\">\n\t\t\t\t\t<h2 class=\"elementor-heading-title elementor-size-default\"><a href=\"https:\/\/branding2health.com\/cristiane\/procedimentos\/\">Voltar<\/a><\/h2>\t\t\t\t<\/div>\n\t\t\t\t<\/div>\n\t\t\t\t\t<\/div>\n\t\t\t\t<\/div>\n\t\t<div class=\"elementor-element elementor-element-e2fcca3 e-flex e-con-boxed e-con e-parent\" data-id=\"e2fcca3\" data-element_type=\"container\">\n\t\t\t\t\t<div class=\"e-con-inner\">\n\t\t\t\t<div class=\"elementor-element elementor-element-c7601f8 exad-sticky-section-no exad-glass-effect-no elementor-widget elementor-widget-heading\" data-id=\"c7601f8\" data-element_type=\"widget\" data-widget_type=\"heading.default\">\n\t\t\t\t<div class=\"elementor-widget-container\">\n\t\t\t\t\t<h2 class=\"elementor-heading-title elementor-size-default\">Lipoaspira\u00e7\u00e3o e Lipoescultura<\/h2>\t\t\t\t<\/div>\n\t\t\t\t<\/div>\n\t\t\t\t\t<\/div>\n\t\t\t\t<\/div>\n\t\t<div class=\"elementor-element elementor-element-fe63457 e-flex e-con-boxed e-con e-parent\" data-id=\"fe63457\" data-element_type=\"container\">\n\t\t\t\t\t<div class=\"e-con-inner\">\n\t\t<div class=\"elementor-element elementor-element-636a169 e-flex e-con-boxed e-con e-child\" data-id=\"636a169\" data-element_type=\"container\">\n\t\t\t\t\t<div class=\"e-con-inner\">\n\t\t\t\t<div class=\"elementor-element elementor-element-1a96870 exad-sticky-section-no exad-glass-effect-no elementor-widget elementor-widget-image\" data-id=\"1a96870\" data-element_type=\"widget\" data-widget_type=\"image.default\">\n\t\t\t\t<div class=\"elementor-widget-container\">\n\t\t\t\t\t\t\t\t\t\t\t\t\t\t\t<img fetchpriority=\"high\" decoding=\"async\" width=\"700\" height=\"800\" src=\"https:\/\/branding2health.com\/cristiane\/wp-content\/uploads\/2024\/03\/Lipoaspiracao.jpg\" class=\"attachment-full size-full wp-image-2287\" alt=\"\" srcset=\"https:\/\/branding2health.com\/cristiane\/wp-content\/uploads\/2024\/03\/Lipoaspiracao.jpg 700w, https:\/\/branding2health.com\/cristiane\/wp-content\/uploads\/2024\/03\/Lipoaspiracao-263x300.jpg 263w\" sizes=\"(max-width: 700px) 100vw, 700px\" \/>\t\t\t\t\t\t\t\t\t\t\t\t\t\t\t<\/div>\n\t\t\t\t<\/div>\n\t\t\t\t<div class=\"elementor-element elementor-element-4e0b050 elementor-align-center elementor-hidden-desktop elementor-hidden-tablet exad-sticky-section-no exad-glass-effect-no elementor-widget elementor-widget-button\" data-id=\"4e0b050\" data-element_type=\"widget\" data-widget_type=\"button.default\">\n\t\t\t\t<div class=\"elementor-widget-container\">\n\t\t\t\t\t\t\t\t\t<div class=\"elementor-button-wrapper\">\n\t\t\t\t\t<a class=\"elementor-button elementor-button-link elementor-size-sm\" href=\"https:\/\/wa.me\/5511910299955?text=Ol%C3%A1,%20venho%20do%20site%20da%20Dra.%20Cristiane%20Lopes,%20gostaria%20de%20agendar%20uma%20consulta%20com%20o%20procedimento%20Lipoaspira\u00e7\u00e3o\" target=\"_blank\">\n\t\t\t\t\t\t<span class=\"elementor-button-content-wrapper\">\n\t\t\t\t\t\t<span class=\"elementor-button-icon\">\n\t\t\t\t<i aria-hidden=\"true\" class=\"fab fa-whatsapp\"><\/i>\t\t\t<\/span>\n\t\t\t\t\t\t\t\t\t<span class=\"elementor-button-text\">Agende uma consulta<\/span>\n\t\t\t\t\t<\/span>\n\t\t\t\t\t<\/a>\n\t\t\t\t<\/div>\n\t\t\t\t\t\t\t\t<\/div>\n\t\t\t\t<\/div>\n\t\t\t\t\t<\/div>\n\t\t\t\t<\/div>\n\t\t<div class=\"elementor-element elementor-element-8727d5f e-flex e-con-boxed e-con e-child\" data-id=\"8727d5f\" data-element_type=\"container\">\n\t\t\t\t\t<div class=\"e-con-inner\">\n\t\t<div class=\"elementor-element elementor-element-c94486a e-flex e-con-boxed e-con e-child\" data-id=\"c94486a\" data-element_type=\"container\" data-settings=\"{&quot;background_background&quot;:&quot;classic&quot;}\">\n\t\t\t\t\t<div class=\"e-con-inner\">\n\t\t\t\t<div class=\"elementor-element elementor-element-e3bc535 exad-sticky-section-no exad-glass-effect-no elementor-widget elementor-widget-image\" data-id=\"e3bc535\" data-element_type=\"widget\" data-widget_type=\"image.default\">\n\t\t\t\t<div class=\"elementor-widget-container\">\n\t\t\t\t\t\t\t\t\t\t\t\t\t\t\t<img decoding=\"async\" width=\"1080\" height=\"1080\" src=\"https:\/\/branding2health.com\/cristiane\/wp-content\/uploads\/2023\/10\/Dra.-Cristiane-Lopes-Vetor-Lipoaspiracao-1.png\" class=\"attachment-full size-full wp-image-135\" alt=\"\" srcset=\"https:\/\/branding2health.com\/cristiane\/wp-content\/uploads\/2023\/10\/Dra.-Cristiane-Lopes-Vetor-Lipoaspiracao-1.png 1080w, https:\/\/branding2health.com\/cristiane\/wp-content\/uploads\/2023\/10\/Dra.-Cristiane-Lopes-Vetor-Lipoaspiracao-1-300x300.png 300w, https:\/\/branding2health.com\/cristiane\/wp-content\/uploads\/2023\/10\/Dra.-Cristiane-Lopes-Vetor-Lipoaspiracao-1-1024x1024.png 1024w, https:\/\/branding2health.com\/cristiane\/wp-content\/uploads\/2023\/10\/Dra.-Cristiane-Lopes-Vetor-Lipoaspiracao-1-150x150.png 150w, https:\/\/branding2health.com\/cristiane\/wp-content\/uploads\/2023\/10\/Dra.-Cristiane-Lopes-Vetor-Lipoaspiracao-1-768x768.png 768w\" sizes=\"(max-width: 1080px) 100vw, 1080px\" \/>\t\t\t\t\t\t\t\t\t\t\t\t\t\t\t<\/div>\n\t\t\t\t<\/div>\n\t\t\t\t\t<\/div>\n\t\t\t\t<\/div>\n\t\t<div class=\"elementor-element elementor-element-487e5ac e-flex e-con-boxed e-con e-child\" data-id=\"487e5ac\" data-element_type=\"container\">\n\t\t\t\t\t<div class=\"e-con-inner\">\n\t\t\t\t<div class=\"elementor-element elementor-element-3ee7712 exad-sticky-section-no exad-glass-effect-no elementor-widget elementor-widget-text-editor\" data-id=\"3ee7712\" data-element_type=\"widget\" data-widget_type=\"text-editor.default\">\n\t\t\t\t<div class=\"elementor-widget-container\">\n\t\t\t\t\t\t\t\t\t<p>A <strong>Lipoaspira\u00e7\u00e3o<\/strong> \u00e9 a cirurgia para retirada de gordura de algumas regi\u00f5es do corpo, como abdome, dorso, flancos, culotes, bra\u00e7os, coxas e pernas. \u00c9 uma cirurgia indicada para melhorar a defini\u00e7\u00e3o e a silhueta.<\/p><p>A gordura retirada das regi\u00f5es indesejadas pode ser usada para realizar lipoenxertia em \u00e1reas que se deseje criar um aumento, como os gl\u00fateos, mamas e face, sendo neste caso conhecida como lipoescultura.<\/p><p>Ela pode ser associada a algumas tecnologias, como laser, Renuvion, Bodytite, Morpheus, nos casos em que queremos reduzir tamb\u00e9m a flacidez da pele.<\/p><p>A t\u00e9cnica de <strong>lipoaspira\u00e7\u00e3o HD<\/strong> ou de alta defini\u00e7\u00e3o \u00e9 a t\u00e9cnica que visa aspirar e esculpir melhor os grupos musculares de pacientes que j\u00e1 t\u00eam uma rotina de vida saud\u00e1vel, com dieta e atividade f\u00edsica, de forma que buscamos ajudar esses m\u00fasculos a aparecerem mais, deixando uma apar\u00eancia mais atl\u00e9tica e mais definida.<\/p><p>A t\u00e9cnica de <strong>lipoaspira\u00e7\u00e3o MD<\/strong>, ou moderada defini\u00e7\u00e3o, tamb\u00e9m aspira \u00e1reas espec\u00edficas, por\u00e9m planejando uma defini\u00e7\u00e3o muscular menor e mais naturalidade.<\/p><p>A recupera\u00e7\u00e3o da lipoaspira\u00e7\u00e3o \u00e9 um pouco mais dolorosa do que a abdominoplastia, por exemplo, por\u00e9m hoje contamos com medica\u00e7\u00f5es que nos permitem um bom controle da dor, de forma que em geral as pacientes costumam retomar suas atividades normais ap\u00f3s 7 a 10 dias.<\/p>\t\t\t\t\t\t\t\t<\/div>\n\t\t\t\t<\/div>\n\t\t\t\t<div class=\"elementor-element elementor-element-26d5a2a elementor-align-center elementor-hidden-mobile exad-sticky-section-no exad-glass-effect-no elementor-widget elementor-widget-button\" data-id=\"26d5a2a\" data-element_type=\"widget\" data-widget_type=\"button.default\">\n\t\t\t\t<div class=\"elementor-widget-container\">\n\t\t\t\t\t\t\t\t\t<div class=\"elementor-button-wrapper\">\n\t\t\t\t\t<a class=\"elementor-button elementor-button-link elementor-size-sm\" href=\"https:\/\/wa.me\/5511910299955?text=Ol%C3%A1,%20venho%20do%20site%20da%20Dra.%20Cristiane%20Lopes,%20gostaria%20de%20agendar%20uma%20consulta%20com%20o%20procedimento%20Lipoaspira\u00e7\u00e3o\" target=\"_blank\">\n\t\t\t\t\t\t<span class=\"elementor-button-content-wrapper\">\n\t\t\t\t\t\t<span class=\"elementor-button-icon\">\n\t\t\t\t<i aria-hidden=\"true\" class=\"fab fa-whatsapp\"><\/i>\t\t\t<\/span>\n\t\t\t\t\t\t\t\t\t<span class=\"elementor-button-text\">Agende uma consulta<\/span>\n\t\t\t\t\t<\/span>\n\t\t\t\t\t<\/a>\n\t\t\t\t<\/div>\n\t\t\t\t\t\t\t\t<\/div>\n\t\t\t\t<\/div>\n\t\t\t\t\t<\/div>\n\t\t\t\t<\/div>\n\t\t\t\t\t<\/div>\n\t\t\t\t<\/div>\n\t\t\t\t\t<\/div>\n\t\t\t\t<\/div>\n\t\t\t\t<\/div>\n\t\t","protected":false},"excerpt":{"rendered":"<p>Voltar Lipoaspira\u00e7\u00e3o e Lipoescultura Agende uma consulta A Lipoaspira\u00e7\u00e3o \u00e9 a cirurgia para retirada de gordura de algumas regi\u00f5es do corpo, como abdome, dorso, flancos, culotes, bra\u00e7os, coxas e pernas. \u00c9 uma cirurgia indicada para melhorar a defini\u00e7\u00e3o e a silhueta. A gordura retirada das regi\u00f5es indesejadas pode ser usada para realizar lipoenxertia em \u00e1reas [&hellip;]<\/p>\n","protected":false},"author":1,"featured_media":0,"parent":0,"menu_order":0,"comment_status":"closed","ping_status":"closed","template":"elementor_header_footer","meta":{"footnotes":""},"class_list":["post-2232","page","type-page","status-publish","hentry"],"_links":{"self":[{"href":"https:\/\/branding2health.com\/cristiane\/wp-json\/wp\/v2\/pages\/2232","targetHints":{"allow":["GET"]}}],"collection":[{"href":"https:\/\/branding2health.com\/cristiane\/wp-json\/wp\/v2\/pages"}],"about":[{"href":"https:\/\/branding2health.com\/cristiane\/wp-json\/wp\/v2\/types\/page"}],"author":[{"embeddable":true,"href":"https:\/\/branding2health.com\/cristiane\/wp-json\/wp\/v2\/users\/1"}],"replies":[{"embeddable":true,"href":"https:\/\/branding2health.com\/cristiane\/wp-json\/wp\/v2\/comments?post=2232"}],"version-history":[{"count":62,"href":"https:\/\/branding2health.com\/cristiane\/wp-json\/wp\/v2\/pages\/2232\/revisions"}],"predecessor-version":[{"id":3563,"href":"https:\/\/branding2health.com\/cristiane\/wp-json\/wp\/v2\/pages\/2232\/revisions\/3563"}],"wp:attachment":[{"href":"https:\/\/branding2health.com\/cristiane\/wp-json\/wp\/v2\/media?parent=2232"}],"curies":[{"name":"wp","href":"https:\/\/api.w.org\/{rel}","templated":true}]}}