{"id":14,"date":"2023-10-11T10:47:35","date_gmt":"2023-10-11T13:47:35","guid":{"rendered":"https:\/\/branding2health.com\/cristiane\/?page_id=14"},"modified":"2024-04-12T17:04:09","modified_gmt":"2024-04-12T20:04:09","slug":"dra-cristiane-lopes","status":"publish","type":"page","link":"https:\/\/branding2health.com\/cristiane\/dra-cristiane-lopes\/","title":{"rendered":"Dra. Cristiane Lopes"},"content":{"rendered":"\t\t<div data-elementor-type=\"wp-page\" data-elementor-id=\"14\" class=\"elementor elementor-14\" data-elementor-post-type=\"page\">\n\t\t\t\t<div class=\"elementor-element elementor-element-8a0122d e-flex e-con-boxed e-con e-parent\" data-id=\"8a0122d\" data-element_type=\"container\">\n\t\t\t\t\t<div class=\"e-con-inner\">\n\t\t<div class=\"elementor-element elementor-element-63902b3 e-con-full e-flex e-con e-child\" data-id=\"63902b3\" data-element_type=\"container\">\n\t\t\t\t<div class=\"elementor-element elementor-element-05319a5 exad-sticky-section-no exad-glass-effect-no elementor-widget elementor-widget-heading\" data-id=\"05319a5\" data-element_type=\"widget\" data-widget_type=\"heading.default\">\n\t\t\t\t<div class=\"elementor-widget-container\">\n\t\t\t\t\t<h2 class=\"elementor-heading-title elementor-size-default\">Dra. Cristiane Lopes<\/h2>\t\t\t\t<\/div>\n\t\t\t\t<\/div>\n\t\t\t\t<div class=\"elementor-element elementor-element-1e16e5c exad-sticky-section-no exad-glass-effect-no elementor-widget elementor-widget-text-editor\" data-id=\"1e16e5c\" data-element_type=\"widget\" data-widget_type=\"text-editor.default\">\n\t\t\t\t<div class=\"elementor-widget-container\">\n\t\t\t\t\t\t\t\t\t<p>Desde sua forma\u00e7\u00e3o, sempre esteve em contato com as maiores equipes de cirurgia pl\u00e1stica de S\u00e3o Paulo e foi desenvolvendo o gosto pelo tratamento de mulheres em per\u00edodo p\u00f3s-gestacional e p\u00f3s-cirurgia bari\u00e1trica.<\/p><p>Os procedimentos realizados em pacientes com estas caracter\u00edsticas permitiram reconhecer o potencial que a cirurgia pl\u00e1stica tem em reconstruir a autoestima das mulheres.<\/p><p>Desde ent\u00e3o, atende principalmente este p\u00fablico e se dedica a aprender e aprimorar cada dia mais as t\u00e9cnicas mais modernas usadas para que sejam obtidos os melhores resultados, com a maior seguran\u00e7a poss\u00edvel, podendo realizar esses sonhos e transformar vidas.<\/p><p>Responsabilidade, dedica\u00e7\u00e3o, foco, sensibilidade e seguran\u00e7a s\u00e3o as principais caracter\u00edsticas que norteiam sua atua\u00e7\u00e3o, n\u00e3o apenas no per\u00edodo pr\u00e9-operat\u00f3rio, mas tamb\u00e9m durante todo o seguimento p\u00f3s-operat\u00f3rio.<\/p>\t\t\t\t\t\t\t\t<\/div>\n\t\t\t\t<\/div>\n\t\t\t\t<div class=\"elementor-element elementor-element-b6c5628 exad-sticky-section-no exad-glass-effect-no elementor-widget elementor-widget-text-editor\" data-id=\"b6c5628\" data-element_type=\"widget\" data-widget_type=\"text-editor.default\">\n\t\t\t\t<div class=\"elementor-widget-container\">\n\t\t\t\t\t\t\t\t\t<ul>\n \t<li>Atuou como preceptora da Disciplina de Cirurgia Pl\u00e1stica do HCFMUSP<\/li><br>\n \t<li>Resid\u00eancia em Cirurgia Pl\u00e1stica no Hospital das Cl\u00ednicas da Faculdade de Medicina da USP (HCFMUSP)<\/li><br>\n \t<li>Resid\u00eancia em Cirurgia Geral na Unicamp<\/li><br>\n \t<li>Formada pela Faculdade de Ci\u00eancias M\u00e9dicas da Unicamp<\/li>\n<\/ul>\t\t\t\t\t\t\t\t<\/div>\n\t\t\t\t<\/div>\n\t\t\t\t<div class=\"elementor-element elementor-element-eac3815 elementor-mobile-align-center exad-sticky-section-no exad-glass-effect-no elementor-widget elementor-widget-button\" data-id=\"eac3815\" data-element_type=\"widget\" data-widget_type=\"button.default\">\n\t\t\t\t<div class=\"elementor-widget-container\">\n\t\t\t\t\t\t\t\t\t<div class=\"elementor-button-wrapper\">\n\t\t\t\t\t<a class=\"elementor-button elementor-button-link elementor-size-sm\" href=\"http:\/\/lattes.cnpq.br\/4230023145792033\" target=\"_blank\">\n\t\t\t\t\t\t<span class=\"elementor-button-content-wrapper\">\n\t\t\t\t\t\t\t\t\t<span class=\"elementor-button-text\">CV Lattes<\/span>\n\t\t\t\t\t<\/span>\n\t\t\t\t\t<\/a>\n\t\t\t\t<\/div>\n\t\t\t\t\t\t\t\t<\/div>\n\t\t\t\t<\/div>\n\t\t\t\t<\/div>\n\t\t<div class=\"elementor-element elementor-element-2325d39 e-con-full e-flex e-con e-child\" data-id=\"2325d39\" data-element_type=\"container\">\n\t\t\t\t<div class=\"elementor-element elementor-element-3a8600e exad-sticky-section-no exad-glass-effect-no elementor-widget elementor-widget-image\" data-id=\"3a8600e\" data-element_type=\"widget\" data-widget_type=\"image.default\">\n\t\t\t\t<div class=\"elementor-widget-container\">\n\t\t\t\t\t\t\t\t\t\t\t\t\t\t\t<img fetchpriority=\"high\" decoding=\"async\" width=\"2560\" height=\"2560\" src=\"https:\/\/branding2health.com\/cristiane\/wp-content\/uploads\/2023\/10\/Dra.-Cristina-scaled.jpg\" class=\"attachment-full size-full wp-image-279\" alt=\"\" srcset=\"https:\/\/branding2health.com\/cristiane\/wp-content\/uploads\/2023\/10\/Dra.-Cristina-scaled.jpg 2560w, https:\/\/branding2health.com\/cristiane\/wp-content\/uploads\/2023\/10\/Dra.-Cristina-300x300.jpg 300w, https:\/\/branding2health.com\/cristiane\/wp-content\/uploads\/2023\/10\/Dra.-Cristina-1024x1024.jpg 1024w, https:\/\/branding2health.com\/cristiane\/wp-content\/uploads\/2023\/10\/Dra.-Cristina-150x150.jpg 150w, https:\/\/branding2health.com\/cristiane\/wp-content\/uploads\/2023\/10\/Dra.-Cristina-768x768.jpg 768w, https:\/\/branding2health.com\/cristiane\/wp-content\/uploads\/2023\/10\/Dra.-Cristina-1536x1536.jpg 1536w, https:\/\/branding2health.com\/cristiane\/wp-content\/uploads\/2023\/10\/Dra.-Cristina-2048x2048.jpg 2048w\" sizes=\"(max-width: 2560px) 100vw, 2560px\" \/>\t\t\t\t\t\t\t\t\t\t\t\t\t\t\t<\/div>\n\t\t\t\t<\/div>\n\t\t\t\t<\/div>\n\t\t\t\t\t<\/div>\n\t\t\t\t<\/div>\n\t\t<div class=\"elementor-element elementor-element-2c21423 e-flex e-con-boxed e-con e-parent\" data-id=\"2c21423\" data-element_type=\"container\">\n\t\t\t\t\t<div class=\"e-con-inner\">\n\t\t\t\t<div class=\"elementor-element elementor-element-b924366 exad-sticky-section-no exad-glass-effect-no elementor-widget elementor-widget-heading\" data-id=\"b924366\" data-element_type=\"widget\" data-widget_type=\"heading.default\">\n\t\t\t\t<div class=\"elementor-widget-container\">\n\t\t\t\t\t<h2 class=\"elementor-heading-title elementor-size-default\">Hospitais em que opera<\/h2>\t\t\t\t<\/div>\n\t\t\t\t<\/div>\n\t\t\t\t\t<\/div>\n\t\t\t\t<\/div>\n\t\t<div class=\"elementor-element elementor-element-c1c36e1 e-flex e-con-boxed e-con e-parent\" data-id=\"c1c36e1\" data-element_type=\"container\">\n\t\t\t\t\t<div class=\"e-con-inner\">\n\t\t<a class=\"elementor-element elementor-element-8a4046e e-con-full e-flex e-con e-child\" data-id=\"8a4046e\" data-element_type=\"container\" data-settings=\"{&quot;background_background&quot;:&quot;classic&quot;}\" href=\"https:\/\/www.hospitalsiriolibanes.org.br\/\" target=\"_blank\">\n\t\t\t\t<div class=\"elementor-element elementor-element-d949439 elementor-position-top exad-sticky-section-no exad-glass-effect-no elementor-widget elementor-widget-image-box\" data-id=\"d949439\" data-element_type=\"widget\" data-widget_type=\"image-box.default\">\n\t\t\t\t<div class=\"elementor-widget-container\">\n\t\t\t\t\t<div class=\"elementor-image-box-wrapper\"><figure class=\"elementor-image-box-img\"><img decoding=\"async\" width=\"500\" height=\"500\" src=\"https:\/\/branding2health.com\/cristiane\/wp-content\/uploads\/2024\/04\/Design-sem-nome-5.jpg\" class=\"attachment-full size-full wp-image-3128\" alt=\"\" srcset=\"https:\/\/branding2health.com\/cristiane\/wp-content\/uploads\/2024\/04\/Design-sem-nome-5.jpg 500w, https:\/\/branding2health.com\/cristiane\/wp-content\/uploads\/2024\/04\/Design-sem-nome-5-300x300.jpg 300w, https:\/\/branding2health.com\/cristiane\/wp-content\/uploads\/2024\/04\/Design-sem-nome-5-150x150.jpg 150w\" sizes=\"(max-width: 500px) 100vw, 500px\" \/><\/figure><div class=\"elementor-image-box-content\"><h3 class=\"elementor-image-box-title\">Hospital S\u00edrio Liban\u00eas<\/h3><\/div><\/div>\t\t\t\t<\/div>\n\t\t\t\t<\/div>\n\t\t\t\t<\/a>\n\t\t<a class=\"elementor-element elementor-element-c3ab42b e-con-full e-flex e-con e-child\" data-id=\"c3ab42b\" data-element_type=\"container\" data-settings=\"{&quot;background_background&quot;:&quot;classic&quot;}\" href=\"https:\/\/www.h9j.com.br\" target=\"_blank\">\n\t\t\t\t<div class=\"elementor-element elementor-element-a86db28 elementor-position-top exad-sticky-section-no exad-glass-effect-no elementor-widget elementor-widget-image-box\" data-id=\"a86db28\" data-element_type=\"widget\" data-widget_type=\"image-box.default\">\n\t\t\t\t<div class=\"elementor-widget-container\">\n\t\t\t\t\t<div class=\"elementor-image-box-wrapper\"><figure class=\"elementor-image-box-img\"><img decoding=\"async\" width=\"500\" height=\"500\" src=\"https:\/\/branding2health.com\/cristiane\/wp-content\/uploads\/2024\/04\/Design-sem-nome-5.jpg\" class=\"attachment-full size-full wp-image-3128\" alt=\"\" srcset=\"https:\/\/branding2health.com\/cristiane\/wp-content\/uploads\/2024\/04\/Design-sem-nome-5.jpg 500w, https:\/\/branding2health.com\/cristiane\/wp-content\/uploads\/2024\/04\/Design-sem-nome-5-300x300.jpg 300w, https:\/\/branding2health.com\/cristiane\/wp-content\/uploads\/2024\/04\/Design-sem-nome-5-150x150.jpg 150w\" sizes=\"(max-width: 500px) 100vw, 500px\" \/><\/figure><div class=\"elementor-image-box-content\"><h3 class=\"elementor-image-box-title\">Hospital Nove de Julho<\/h3><\/div><\/div>\t\t\t\t<\/div>\n\t\t\t\t<\/div>\n\t\t\t\t<\/a>\n\t\t<a class=\"elementor-element elementor-element-763ec5c e-con-full e-flex e-con e-child\" data-id=\"763ec5c\" data-element_type=\"container\" data-settings=\"{&quot;background_background&quot;:&quot;classic&quot;}\" href=\"https:\/\/www.hospitaloswaldocruz.org.br\/\" target=\"_blank\">\n\t\t\t\t<div class=\"elementor-element elementor-element-b77d643 elementor-position-top exad-sticky-section-no exad-glass-effect-no elementor-widget elementor-widget-image-box\" data-id=\"b77d643\" data-element_type=\"widget\" data-widget_type=\"image-box.default\">\n\t\t\t\t<div class=\"elementor-widget-container\">\n\t\t\t\t\t<div class=\"elementor-image-box-wrapper\"><figure class=\"elementor-image-box-img\"><img decoding=\"async\" width=\"500\" height=\"500\" src=\"https:\/\/branding2health.com\/cristiane\/wp-content\/uploads\/2024\/04\/Design-sem-nome-5.jpg\" class=\"attachment-full size-full wp-image-3128\" alt=\"\" srcset=\"https:\/\/branding2health.com\/cristiane\/wp-content\/uploads\/2024\/04\/Design-sem-nome-5.jpg 500w, https:\/\/branding2health.com\/cristiane\/wp-content\/uploads\/2024\/04\/Design-sem-nome-5-300x300.jpg 300w, https:\/\/branding2health.com\/cristiane\/wp-content\/uploads\/2024\/04\/Design-sem-nome-5-150x150.jpg 150w\" sizes=\"(max-width: 500px) 100vw, 500px\" \/><\/figure><div class=\"elementor-image-box-content\"><h3 class=\"elementor-image-box-title\">Hospital Oswaldo Cruz<\/h3><\/div><\/div>\t\t\t\t<\/div>\n\t\t\t\t<\/div>\n\t\t\t\t<\/a>\n\t\t<a class=\"elementor-element elementor-element-b6fe6c8 e-con-full e-flex e-con e-child\" data-id=\"b6fe6c8\" data-element_type=\"container\" data-settings=\"{&quot;background_background&quot;:&quot;classic&quot;}\" href=\"https:\/\/www.rededorsaoluiz.com.br\/hospital\/sao-luiz-analia-franco\" target=\"_blank\">\n\t\t\t\t<div class=\"elementor-element elementor-element-4db73b9 elementor-position-top exad-sticky-section-no exad-glass-effect-no elementor-widget elementor-widget-image-box\" data-id=\"4db73b9\" data-element_type=\"widget\" data-widget_type=\"image-box.default\">\n\t\t\t\t<div class=\"elementor-widget-container\">\n\t\t\t\t\t<div class=\"elementor-image-box-wrapper\"><figure class=\"elementor-image-box-img\"><img decoding=\"async\" width=\"500\" height=\"500\" src=\"https:\/\/branding2health.com\/cristiane\/wp-content\/uploads\/2024\/04\/Design-sem-nome-5.jpg\" class=\"attachment-full size-full wp-image-3128\" alt=\"\" srcset=\"https:\/\/branding2health.com\/cristiane\/wp-content\/uploads\/2024\/04\/Design-sem-nome-5.jpg 500w, https:\/\/branding2health.com\/cristiane\/wp-content\/uploads\/2024\/04\/Design-sem-nome-5-300x300.jpg 300w, https:\/\/branding2health.com\/cristiane\/wp-content\/uploads\/2024\/04\/Design-sem-nome-5-150x150.jpg 150w\" sizes=\"(max-width: 500px) 100vw, 500px\" \/><\/figure><div class=\"elementor-image-box-content\"><h3 class=\"elementor-image-box-title\">Hospital S\u00e3o Luiz An\u00e1lia Franco<\/h3><\/div><\/div>\t\t\t\t<\/div>\n\t\t\t\t<\/div>\n\t\t\t\t<\/a>\n\t\t<a class=\"elementor-element elementor-element-2b97b6b e-con-full e-flex e-con e-child\" data-id=\"2b97b6b\" data-element_type=\"container\" data-settings=\"{&quot;background_background&quot;:&quot;classic&quot;}\" href=\"https:\/\/www.rededorsaoluiz.com.br\/hospital\/sao-luiz-itaim\" target=\"_blank\">\n\t\t\t\t<div class=\"elementor-element elementor-element-c1d2747 elementor-position-top exad-sticky-section-no exad-glass-effect-no elementor-widget elementor-widget-image-box\" data-id=\"c1d2747\" data-element_type=\"widget\" data-widget_type=\"image-box.default\">\n\t\t\t\t<div class=\"elementor-widget-container\">\n\t\t\t\t\t<div class=\"elementor-image-box-wrapper\"><figure class=\"elementor-image-box-img\"><img decoding=\"async\" width=\"500\" height=\"500\" src=\"https:\/\/branding2health.com\/cristiane\/wp-content\/uploads\/2024\/04\/Design-sem-nome-5.jpg\" class=\"attachment-full size-full wp-image-3128\" alt=\"\" srcset=\"https:\/\/branding2health.com\/cristiane\/wp-content\/uploads\/2024\/04\/Design-sem-nome-5.jpg 500w, https:\/\/branding2health.com\/cristiane\/wp-content\/uploads\/2024\/04\/Design-sem-nome-5-300x300.jpg 300w, https:\/\/branding2health.com\/cristiane\/wp-content\/uploads\/2024\/04\/Design-sem-nome-5-150x150.jpg 150w\" sizes=\"(max-width: 500px) 100vw, 500px\" \/><\/figure><div class=\"elementor-image-box-content\"><h3 class=\"elementor-image-box-title\">Hospital S\u00e3o Luiz Itaim<\/h3><\/div><\/div>\t\t\t\t<\/div>\n\t\t\t\t<\/div>\n\t\t\t\t<\/a>\n\t\t<a class=\"elementor-element elementor-element-2af6403 e-con-full e-flex e-con e-child\" data-id=\"2af6403\" data-element_type=\"container\" data-settings=\"{&quot;background_background&quot;:&quot;classic&quot;}\" href=\"http:\/\/samaritano.com.br\/\" target=\"_blank\">\n\t\t\t\t<div class=\"elementor-element elementor-element-5a1a161 elementor-position-top exad-sticky-section-no exad-glass-effect-no elementor-widget elementor-widget-image-box\" data-id=\"5a1a161\" data-element_type=\"widget\" data-widget_type=\"image-box.default\">\n\t\t\t\t<div class=\"elementor-widget-container\">\n\t\t\t\t\t<div class=\"elementor-image-box-wrapper\"><figure class=\"elementor-image-box-img\"><img decoding=\"async\" width=\"500\" height=\"500\" src=\"https:\/\/branding2health.com\/cristiane\/wp-content\/uploads\/2024\/04\/Design-sem-nome-5.jpg\" class=\"attachment-full size-full wp-image-3128\" alt=\"\" srcset=\"https:\/\/branding2health.com\/cristiane\/wp-content\/uploads\/2024\/04\/Design-sem-nome-5.jpg 500w, https:\/\/branding2health.com\/cristiane\/wp-content\/uploads\/2024\/04\/Design-sem-nome-5-300x300.jpg 300w, https:\/\/branding2health.com\/cristiane\/wp-content\/uploads\/2024\/04\/Design-sem-nome-5-150x150.jpg 150w\" sizes=\"(max-width: 500px) 100vw, 500px\" \/><\/figure><div class=\"elementor-image-box-content\"><h3 class=\"elementor-image-box-title\">Hospital Samaritano<\/h3><\/div><\/div>\t\t\t\t<\/div>\n\t\t\t\t<\/div>\n\t\t\t\t<\/a>\n\t\t<a class=\"elementor-element elementor-element-6dc6513 e-con-full e-flex e-con e-child\" data-id=\"6dc6513\" data-element_type=\"container\" data-settings=\"{&quot;background_background&quot;:&quot;classic&quot;}\" href=\"https:\/\/www.hospitalpaulistano.com.br\/\" target=\"_blank\">\n\t\t\t\t<div class=\"elementor-element elementor-element-b67d920 elementor-position-top exad-sticky-section-no exad-glass-effect-no elementor-widget elementor-widget-image-box\" data-id=\"b67d920\" data-element_type=\"widget\" data-widget_type=\"image-box.default\">\n\t\t\t\t<div class=\"elementor-widget-container\">\n\t\t\t\t\t<div class=\"elementor-image-box-wrapper\"><figure class=\"elementor-image-box-img\"><img decoding=\"async\" width=\"500\" height=\"500\" src=\"https:\/\/branding2health.com\/cristiane\/wp-content\/uploads\/2024\/04\/Design-sem-nome-5.jpg\" class=\"attachment-full size-full wp-image-3128\" alt=\"\" srcset=\"https:\/\/branding2health.com\/cristiane\/wp-content\/uploads\/2024\/04\/Design-sem-nome-5.jpg 500w, https:\/\/branding2health.com\/cristiane\/wp-content\/uploads\/2024\/04\/Design-sem-nome-5-300x300.jpg 300w, https:\/\/branding2health.com\/cristiane\/wp-content\/uploads\/2024\/04\/Design-sem-nome-5-150x150.jpg 150w\" sizes=\"(max-width: 500px) 100vw, 500px\" \/><\/figure><div class=\"elementor-image-box-content\"><h3 class=\"elementor-image-box-title\">Hospital <br>Paulistano<\/h3><\/div><\/div>\t\t\t\t<\/div>\n\t\t\t\t<\/div>\n\t\t\t\t<\/a>\n\t\t<a class=\"elementor-element elementor-element-62682ee e-con-full e-flex e-con e-child\" data-id=\"62682ee\" data-element_type=\"container\" data-settings=\"{&quot;background_background&quot;:&quot;classic&quot;}\" href=\"https:\/\/hospitaldaplasticasp.com.br\" target=\"_blank\">\n\t\t\t\t<div class=\"elementor-element elementor-element-2d5e39a elementor-position-top exad-sticky-section-no exad-glass-effect-no elementor-widget elementor-widget-image-box\" data-id=\"2d5e39a\" data-element_type=\"widget\" data-widget_type=\"image-box.default\">\n\t\t\t\t<div class=\"elementor-widget-container\">\n\t\t\t\t\t<div class=\"elementor-image-box-wrapper\"><figure class=\"elementor-image-box-img\"><img decoding=\"async\" width=\"500\" height=\"500\" src=\"https:\/\/branding2health.com\/cristiane\/wp-content\/uploads\/2024\/04\/Design-sem-nome-5.jpg\" class=\"attachment-full size-full wp-image-3128\" alt=\"\" srcset=\"https:\/\/branding2health.com\/cristiane\/wp-content\/uploads\/2024\/04\/Design-sem-nome-5.jpg 500w, https:\/\/branding2health.com\/cristiane\/wp-content\/uploads\/2024\/04\/Design-sem-nome-5-300x300.jpg 300w, https:\/\/branding2health.com\/cristiane\/wp-content\/uploads\/2024\/04\/Design-sem-nome-5-150x150.jpg 150w\" sizes=\"(max-width: 500px) 100vw, 500px\" \/><\/figure><div class=\"elementor-image-box-content\"><h3 class=\"elementor-image-box-title\">Hospital<br> da Pl\u00e1stica<\/h3><\/div><\/div>\t\t\t\t<\/div>\n\t\t\t\t<\/div>\n\t\t\t\t<\/a>\n\t\t\t\t\t<\/div>\n\t\t\t\t<\/div>\n\t\t\t\t<\/div>\n\t\t","protected":false},"excerpt":{"rendered":"<p>Dra. Cristiane Lopes Desde sua forma\u00e7\u00e3o, sempre esteve em contato com as maiores equipes de cirurgia pl\u00e1stica de S\u00e3o Paulo e foi desenvolvendo o gosto pelo tratamento de mulheres em per\u00edodo p\u00f3s-gestacional e p\u00f3s-cirurgia bari\u00e1trica. Os procedimentos realizados em pacientes com estas caracter\u00edsticas permitiram reconhecer o potencial que a cirurgia pl\u00e1stica tem em reconstruir a [&hellip;]<\/p>\n","protected":false},"author":1,"featured_media":0,"parent":0,"menu_order":0,"comment_status":"closed","ping_status":"closed","template":"","meta":{"footnotes":""},"class_list":["post-14","page","type-page","status-publish","hentry"],"_links":{"self":[{"href":"https:\/\/branding2health.com\/cristiane\/wp-json\/wp\/v2\/pages\/14","targetHints":{"allow":["GET"]}}],"collection":[{"href":"https:\/\/branding2health.com\/cristiane\/wp-json\/wp\/v2\/pages"}],"about":[{"href":"https:\/\/branding2health.com\/cristiane\/wp-json\/wp\/v2\/types\/page"}],"author":[{"embeddable":true,"href":"https:\/\/branding2health.com\/cristiane\/wp-json\/wp\/v2\/users\/1"}],"replies":[{"embeddable":true,"href":"https:\/\/branding2health.com\/cristiane\/wp-json\/wp\/v2\/comments?post=14"}],"version-history":[{"count":93,"href":"https:\/\/branding2health.com\/cristiane\/wp-json\/wp\/v2\/pages\/14\/revisions"}],"predecessor-version":[{"id":3386,"href":"https:\/\/branding2health.com\/cristiane\/wp-json\/wp\/v2\/pages\/14\/revisions\/3386"}],"wp:attachment":[{"href":"https:\/\/branding2health.com\/cristiane\/wp-json\/wp\/v2\/media?parent=14"}],"curies":[{"name":"wp","href":"https:\/\/api.w.org\/{rel}","templated":true}]}}